{"id":20067,"date":"2026-04-08T09:36:56","date_gmt":"2026-04-08T07:36:56","guid":{"rendered":"https:\/\/es.zwheel.com\/?post_type=product&#038;p=20067"},"modified":"2026-04-08T13:28:45","modified_gmt":"2026-04-08T11:28:45","slug":"bicicleta-electrica-urban-poineer","status":"publish","type":"product","link":"https:\/\/es.zwheel.com\/pt-pt\/tienda\/bicicletas-electricas\/bicicleta-electrica-urban-poineer\/","title":{"rendered":"Bicicleta el\u00e9ctrica Urban Pioneer"},"content":{"rendered":"<div class=\"text-base my-auto mx-auto pt-12 [--thread-content-margin:var(--thread-content-margin-xs,calc(var(--spacing)*4))] @w-sm\/main:[--thread-content-margin:var(--thread-content-margin-sm,calc(var(--spacing)*6))] @w-lg\/main:[--thread-content-margin:var(--thread-content-margin-lg,calc(var(--spacing)*16))] px-(--thread-content-margin)\">\n<div class=\"[--thread-content-max-width:40rem] @w-lg\/main:[--thread-content-max-width:48rem] mx-auto max-w-(--thread-content-max-width) flex-1 group\/turn-messages focus-visible:outline-hidden relative flex w-full min-w-0 flex-col\">\n<div class=\"flex max-w-full flex-col gap-4 grow\">\n<div class=\"min-h-8 text-message relative flex w-full flex-col items-end gap-2 text-start break-words whitespace-normal outline-none keyboard-focused:focus-ring [.text-message+&amp;]:mt-1\" dir=\"auto\" data-message-author-role=\"user\" data-message-id=\"be6c42cc-5d8b-4a66-8f10-39654bd8c04a\">\n<div class=\"flex w-full flex-col gap-1 empty:hidden items-end rtl:items-start\">\n<div class=\"user-message-bubble-color corner-superellipse\/0.98 relative rounded-[22px] px-4 py-2.5 leading-6 max-w-(--user-chat-width,70%)\">\n<div class=\"whitespace-pre-wrap\">\n<div class=\"whitespace-pre-wrap\">La <strong>Zwheel Urban Pioneer<\/strong> destaca por su comodidad, accesibilidad y estilo, pensada para una conducci\u00f3n m\u00e1s relajada pero igualmente eficiente.<\/div>\n<div><\/div>\n<div class=\"whitespace-pre-wrap\">Incorpora un motor de 250W con 55 Nm de par y una bater\u00eda de 48V 13Ah, proporcionando una autonom\u00eda de hasta 100 km, perfecta para desplazamientos urbanos y recorridos diarios. Su dise\u00f1o favorece una posici\u00f3n de conducci\u00f3n m\u00e1s c\u00f3moda, apoyado por una suspensi\u00f3n delantera de 40 mm, mientras que los neum\u00e1ticos de 20&#8243; x 4.0&#8243;, la transmisi\u00f3n Shimano de 7 velocidades y los frenos de disco hidr\u00e1ulicos garantizan estabilidad, suavidad y seguridad en la conducci\u00f3n. Equipada con pantalla LED, sistema de iluminaci\u00f3n completo e impermeabilidad IP54.<\/div>\n<div><\/div>\n<div class=\"whitespace-pre-wrap\">Urban Pioneer combina funcionalidad y dise\u00f1o en una bicicleta el\u00e9ctrica pensada para disfrutar cada trayecto con total confort. Disponible en colores beige y verde, ofrece un estilo elegante y diferencial. Tu aliada perfecta para moverte con estilo en el d\u00eda a d\u00eda.<\/div>\n<\/div>\n<\/div>\n<\/div>\n<\/div>\n<\/div>\n<\/div>\n<\/div>\n","protected":false},"excerpt":{"rendered":"<p><strong>Bicicleta El\u00e9ctrica Urban Pioneer: comodidad y eficiencia para la ciudad<\/strong><\/p>\n<p>&nbsp;<\/p>\n<p>Es una bicicleta el\u00e9ctrica urbana c\u00f3moda y eficiente, con motor de 250W y hasta 100 km de autonom\u00eda. Ofrece una conducci\u00f3n estable y segura gracias a su suspensi\u00f3n, frenos hidr\u00e1ulicos y transmisi\u00f3n Shimano de 7 velocidades. Incluye pantalla LED, iluminaci\u00f3n completa y un dise\u00f1o elegante para el uso diario.<\/p>\n","protected":false},"featured_media":20075,"comment_status":"open","ping_status":"closed","template":"","meta":{"zakra_page_container_layout":"customizer","zakra_page_sidebar_layout":"customizer","zakra_remove_content_margin":false,"zakra_sidebar":"customizer","zakra_transparent_header":"customizer","zakra_logo":0,"zakra_main_header_style":"default","zakra_menu_item_color":"","zakra_menu_item_hover_color":"","zakra_menu_item_active_color":"","zakra_menu_active_style":"","zakra_page_header":true,"inline_featured_image":false},"product_brand":[],"product_cat":[226],"product_tag":[],"class_list":{"0":"post-20067","1":"product","2":"type-product","3":"status-publish","4":"has-post-thumbnail","6":"product_cat-bicicletas-electricas","8":"first","9":"instock","10":"taxable","11":"shipping-taxable","12":"purchasable","13":"product-type-variable"},"_links":{"self":[{"href":"https:\/\/es.zwheel.com\/pt-pt\/wp-json\/wp\/v2\/product\/20067","targetHints":{"allow":["GET"]}}],"collection":[{"href":"https:\/\/es.zwheel.com\/pt-pt\/wp-json\/wp\/v2\/product"}],"about":[{"href":"https:\/\/es.zwheel.com\/pt-pt\/wp-json\/wp\/v2\/types\/product"}],"replies":[{"embeddable":true,"href":"https:\/\/es.zwheel.com\/pt-pt\/wp-json\/wp\/v2\/comments?post=20067"}],"wp:featuredmedia":[{"embeddable":true,"href":"https:\/\/es.zwheel.com\/pt-pt\/wp-json\/wp\/v2\/media\/20075"}],"wp:attachment":[{"href":"https:\/\/es.zwheel.com\/pt-pt\/wp-json\/wp\/v2\/media?parent=20067"}],"wp:term":[{"taxonomy":"product_brand","embeddable":true,"href":"https:\/\/es.zwheel.com\/pt-pt\/wp-json\/wp\/v2\/product_brand?post=20067"},{"taxonomy":"product_cat","embeddable":true,"href":"https:\/\/es.zwheel.com\/pt-pt\/wp-json\/wp\/v2\/product_cat?post=20067"},{"taxonomy":"product_tag","embeddable":true,"href":"https:\/\/es.zwheel.com\/pt-pt\/wp-json\/wp\/v2\/product_tag?post=20067"}],"curies":[{"name":"wp","href":"https:\/\/api.w.org\/{rel}","templated":true}]}}