{"id":19541,"date":"2026-03-25T16:45:42","date_gmt":"2026-03-25T15:45:42","guid":{"rendered":"https:\/\/es.zwheel.com\/?post_type=product&#038;p=19541"},"modified":"2026-04-01T11:39:32","modified_gmt":"2026-04-01T09:39:32","slug":"abono-matricula","status":"publish","type":"product","link":"https:\/\/es.zwheel.com\/pt-pt\/tienda\/acessorios\/abono-matricula\/","title":{"rendered":"Activaci\u00f3n Matr\u00edcula"},"content":{"rendered":"","protected":false},"excerpt":{"rendered":"<p data-start=\"85\" data-end=\"232\">Has adquirido una matr\u00edcula en oferta exclusiva para patinetes Zwheel <strong>sin disponer de un Zwheel<\/strong>. Para completar la activaci\u00f3n de tu matr\u00edcula, es necesario realizar este abono.<br \/>\n<span style=\"color: #ffffff;\">.<\/span><\/p>\n<p data-start=\"234\" data-end=\"311\">La impresi\u00f3n y env\u00edo de la matr\u00edcula solo se realizar\u00e1 despu\u00e9s de recibir el pago.<br \/>\n<span style=\"color: #ffffff;\">.<\/span><\/p>\n<p data-start=\"234\" data-end=\"311\"><em>Para <strong>NO<\/strong> <strong>pagar los gastos de env\u00edo<\/strong>, utiliza este c\u00f3digo en el proceso de compra:<\/em>\u00a0<strong>abonomatricula<\/strong><\/p>\n","protected":false},"featured_media":19550,"comment_status":"open","ping_status":"closed","template":"","meta":{"zakra_page_container_layout":"customizer","zakra_page_sidebar_layout":"customizer","zakra_remove_content_margin":false,"zakra_sidebar":"customizer","zakra_transparent_header":"customizer","zakra_logo":0,"zakra_main_header_style":"default","zakra_menu_item_color":"","zakra_menu_item_hover_color":"","zakra_menu_item_active_color":"","zakra_menu_active_style":"","zakra_page_header":true,"inline_featured_image":false},"product_brand":[],"product_cat":[42],"product_tag":[],"class_list":{"0":"post-19541","1":"product","2":"type-product","3":"status-publish","4":"has-post-thumbnail","6":"product_cat-accesorios","8":"first","9":"instock","10":"taxable","11":"shipping-taxable","12":"purchasable","13":"product-type-simple"},"_links":{"self":[{"href":"https:\/\/es.zwheel.com\/pt-pt\/wp-json\/wp\/v2\/product\/19541","targetHints":{"allow":["GET"]}}],"collection":[{"href":"https:\/\/es.zwheel.com\/pt-pt\/wp-json\/wp\/v2\/product"}],"about":[{"href":"https:\/\/es.zwheel.com\/pt-pt\/wp-json\/wp\/v2\/types\/product"}],"replies":[{"embeddable":true,"href":"https:\/\/es.zwheel.com\/pt-pt\/wp-json\/wp\/v2\/comments?post=19541"}],"wp:featuredmedia":[{"embeddable":true,"href":"https:\/\/es.zwheel.com\/pt-pt\/wp-json\/wp\/v2\/media\/19550"}],"wp:attachment":[{"href":"https:\/\/es.zwheel.com\/pt-pt\/wp-json\/wp\/v2\/media?parent=19541"}],"wp:term":[{"taxonomy":"product_brand","embeddable":true,"href":"https:\/\/es.zwheel.com\/pt-pt\/wp-json\/wp\/v2\/product_brand?post=19541"},{"taxonomy":"product_cat","embeddable":true,"href":"https:\/\/es.zwheel.com\/pt-pt\/wp-json\/wp\/v2\/product_cat?post=19541"},{"taxonomy":"product_tag","embeddable":true,"href":"https:\/\/es.zwheel.com\/pt-pt\/wp-json\/wp\/v2\/product_tag?post=19541"}],"curies":[{"name":"wp","href":"https:\/\/api.w.org\/{rel}","templated":true}]}}