{"id":18892,"date":"2026-03-11T13:06:15","date_gmt":"2026-03-11T12:06:15","guid":{"rendered":"https:\/\/zwheel.com\/?post_type=product&#038;p=18892"},"modified":"2026-03-26T17:19:12","modified_gmt":"2026-03-26T16:19:12","slug":"matricula-dgt-patinetes-zwheel","status":"publish","type":"product","link":"https:\/\/es.zwheel.com\/pt-pt\/tienda\/acessorios\/matricula-dgt-patinetes-zwheel\/","title":{"rendered":"Matr\u00edcula adhesiva DGT &#8211; OFERTA PARA ZWHEEL"},"content":{"rendered":"<div>\n<h2>\u00a1RECUERDA!<\/h2>\n<p>Antes de solicitar la matr\u00edcula debes registrar tu patinete en la <a href=\"https:\/\/sede.dgt.gob.es\/es\/servicios-sede\/VMP\/inscripcion.html\">web de la DGT<\/a> para obtener el certificado de inscripci\u00f3n con el n\u00famero de matr\u00edcula. Este ser\u00e1 el documento acreditativo para que podamos emitir tu matr\u00edcula.<\/p>\n<p>&nbsp;<\/p>\n<\/div>\n<div>\n<div>\n<p><img fetchpriority=\"high\" decoding=\"async\" class=\"alignnone size-medium wp-image-18968\" src=\"https:\/\/zwheel.com\/wp-content\/uploads\/2026\/03\/certificado-web-236x300.png\" alt=\"\" width=\"236\" height=\"300\" srcset=\"https:\/\/es.zwheel.com\/wp-content\/uploads\/2026\/03\/certificado-web-236x300.png 236w, https:\/\/es.zwheel.com\/wp-content\/uploads\/2026\/03\/certificado-web.png 523w\" sizes=\"(max-width: 236px) 100vw, 236px\" \/><\/p>\n<\/div>\n<\/div>\n","protected":false},"excerpt":{"rendered":"<p><strong>Matr\u00edcula adhesiva homologada por la DGT para patinetes el\u00e9ctricos Zwheel.<\/strong><br \/>\nEsta oferta es exclusiva para patinetes Zwheel, comprobaremos el n\u00famero de certificado y de serie antes de imprimir la matr\u00edcula.<\/p>\n<p>La entrega de este producto se realiza en<strong> 48\/72h.<\/strong><\/p>\n","protected":false},"featured_media":18960,"comment_status":"open","ping_status":"closed","template":"","meta":{"zakra_page_container_layout":"customizer","zakra_page_sidebar_layout":"customizer","zakra_remove_content_margin":false,"zakra_sidebar":"customizer","zakra_transparent_header":"customizer","zakra_logo":0,"zakra_main_header_style":"default","zakra_menu_item_color":"","zakra_menu_item_hover_color":"","zakra_menu_item_active_color":"","zakra_menu_active_style":"","zakra_page_header":true,"inline_featured_image":false},"product_brand":[],"product_cat":[42],"product_tag":[],"class_list":{"0":"post-18892","1":"product","2":"type-product","3":"status-publish","4":"has-post-thumbnail","6":"product_cat-accesorios","8":"first","9":"instock","10":"taxable","11":"shipping-taxable","12":"purchasable","13":"product-type-simple"},"_links":{"self":[{"href":"https:\/\/es.zwheel.com\/pt-pt\/wp-json\/wp\/v2\/product\/18892","targetHints":{"allow":["GET"]}}],"collection":[{"href":"https:\/\/es.zwheel.com\/pt-pt\/wp-json\/wp\/v2\/product"}],"about":[{"href":"https:\/\/es.zwheel.com\/pt-pt\/wp-json\/wp\/v2\/types\/product"}],"replies":[{"embeddable":true,"href":"https:\/\/es.zwheel.com\/pt-pt\/wp-json\/wp\/v2\/comments?post=18892"}],"wp:featuredmedia":[{"embeddable":true,"href":"https:\/\/es.zwheel.com\/pt-pt\/wp-json\/wp\/v2\/media\/18960"}],"wp:attachment":[{"href":"https:\/\/es.zwheel.com\/pt-pt\/wp-json\/wp\/v2\/media?parent=18892"}],"wp:term":[{"taxonomy":"product_brand","embeddable":true,"href":"https:\/\/es.zwheel.com\/pt-pt\/wp-json\/wp\/v2\/product_brand?post=18892"},{"taxonomy":"product_cat","embeddable":true,"href":"https:\/\/es.zwheel.com\/pt-pt\/wp-json\/wp\/v2\/product_cat?post=18892"},{"taxonomy":"product_tag","embeddable":true,"href":"https:\/\/es.zwheel.com\/pt-pt\/wp-json\/wp\/v2\/product_tag?post=18892"}],"curies":[{"name":"wp","href":"https:\/\/api.w.org\/{rel}","templated":true}]}}