{"id":18718,"date":"2026-03-04T09:57:03","date_gmt":"2026-03-04T08:57:03","guid":{"rendered":"https:\/\/zwheel.com\/tienda\/sem%20categoria\/ztoy\/"},"modified":"2026-03-05T15:20:16","modified_gmt":"2026-03-05T14:20:16","slug":"ztoy","status":"publish","type":"product","link":"https:\/\/es.zwheel.com\/pt-pt\/tienda\/ztoy\/ztoy\/","title":{"rendered":"ZToy"},"content":{"rendered":"<p class=\"cvGsUA direction-ltr align-start para-style-body\"><span class=\"a_GcMg font-feature-liga-off font-feature-clig-off font-feature-calt-off text-decoration-none text-strikethrough-none\">El <strong>ZToy Superkid<\/strong> es el nuevo modelo de Zwheel que llega para revolucionar la movilidad infantil.<\/span><\/p>\n<p class=\"cvGsUA direction-ltr align-start para-style-body\"><span class=\"a_GcMg font-feature-liga-off font-feature-clig-off font-feature-calt-off text-decoration-none text-strikethrough-none\">Concebida para oferecer divers\u00e3o, seguran\u00e7a e conforto, esta trotinete para rapazes e raparigas est\u00e1 dispon\u00edvel em duas cores e foi concebida para acompanhar os mais pequenos nas suas aventuras desde <strong>os 6 anos de idade<\/strong>. O seu peso leve e dimens\u00f5es adaptadas tornam-no manej\u00e1vel, f\u00e1cil de controlar e perfeito para percursos confort\u00e1veis em parques, espa\u00e7os seguros e jardins. <\/span><\/p>\n<p class=\"cvGsUA direction-ltr align-start para-style-body\"><span class=\"a_GcMg font-feature-liga-off font-feature-clig-off font-feature-calt-off text-decoration-none text-strikethrough-none\">Tem um <strong>motor de 150 W<\/strong> e uma bateria <strong>de 21,90 V \/ 2,6 Ah<\/strong>, oferecendo desempenho ideal para crian\u00e7as e permitindo atingir uma <strong>autonomia at\u00e9 10 km<\/strong>. Al\u00e9m disso, tem <strong>jantes s\u00f3lidas de 6,5&#8243;,<\/strong> tornando-o uma op\u00e7\u00e3o pr\u00e1tica e fi\u00e1vel para as aventuras dos mais pequenos. <\/span><\/p>\n<p class=\"cvGsUA direction-ltr align-start para-style-body\"><span class=\"a_GcMg font-feature-liga-off font-feature-clig-off font-feature-calt-off text-decoration-none text-strikethrough-none\">A <strong>sua capacidade m\u00e1xima de carga de 70 kg<\/strong> garante resist\u00eancia e estabilidade em cada viagem. O tempo de carregamento \u00e9 de 4 horas e tem um <strong>grau de prote\u00e7\u00e3o IPX4<\/strong>, protegendo contra salpicos e uso di\u00e1rio. <\/span><\/p>\n<p class=\"cvGsUA direction-ltr align-start para-style-body\"><span class=\"a_GcMg font-feature-liga-off font-feature-clig-off font-feature-calt-off text-decoration-none text-strikethrough-none\">Tudo isto torna o ZToy Superkid uma op\u00e7\u00e3o pr\u00e1tica, segura e divertida para pequenos aventureiros.<\/span><\/p>\n<p>Este produto \u00e9 considerado um brinquedo e deve ser usado como tal. Tem<strong> uma garantia legal de 3 anos. <\/strong><\/p>\n","protected":false},"excerpt":{"rendered":"<p data-start=\"0\" data-end=\"312\"><strong>Descubra a nova ZToy Superkid da <span class=\"hover:entity-accent entity-underline inline cursor-pointer align-baseline\"><span class=\"whitespace-normal\">Zwheel<\/span><\/span>, a scooter el\u00e9trica concebida para que os mais pequenos vivam grandes aventuras.<\/strong> Concebido para crian\u00e7as a partir dos 6 anos, combina divers\u00e3o, seguran\u00e7a e facilidade de manuseamento, permitindo-lhes desfrutar de cada passeio com total confian\u00e7a. Leve, resistente e dispon\u00edvel em duas cores, \u00e9 o companheiro perfeito para caminhadas ao ar livre e momentos inesquec\u00edveis sobre rodas.<\/p>\n<p data-start=\"0\" data-end=\"312\">\n","protected":false},"featured_media":18560,"comment_status":"open","ping_status":"closed","template":"","meta":{"zakra_page_container_layout":"customizer","zakra_page_sidebar_layout":"customizer","zakra_remove_content_margin":false,"zakra_sidebar":"customizer","zakra_transparent_header":"customizer","zakra_logo":0,"zakra_main_header_style":"default","zakra_menu_item_color":"","zakra_menu_item_hover_color":"","zakra_menu_item_active_color":"","zakra_menu_active_style":"","zakra_page_header":true,"inline_featured_image":false},"product_brand":[],"product_cat":[218],"product_tag":[],"class_list":{"0":"post-18718","1":"product","2":"type-product","3":"status-publish","4":"has-post-thumbnail","6":"product_cat-ztoy","8":"first","9":"instock","10":"sale","11":"taxable","12":"shipping-taxable","13":"purchasable","14":"product-type-variable"},"_links":{"self":[{"href":"https:\/\/es.zwheel.com\/pt-pt\/wp-json\/wp\/v2\/product\/18718","targetHints":{"allow":["GET"]}}],"collection":[{"href":"https:\/\/es.zwheel.com\/pt-pt\/wp-json\/wp\/v2\/product"}],"about":[{"href":"https:\/\/es.zwheel.com\/pt-pt\/wp-json\/wp\/v2\/types\/product"}],"replies":[{"embeddable":true,"href":"https:\/\/es.zwheel.com\/pt-pt\/wp-json\/wp\/v2\/comments?post=18718"}],"wp:featuredmedia":[{"embeddable":true,"href":"https:\/\/es.zwheel.com\/pt-pt\/wp-json\/wp\/v2\/media\/18560"}],"wp:attachment":[{"href":"https:\/\/es.zwheel.com\/pt-pt\/wp-json\/wp\/v2\/media?parent=18718"}],"wp:term":[{"taxonomy":"product_brand","embeddable":true,"href":"https:\/\/es.zwheel.com\/pt-pt\/wp-json\/wp\/v2\/product_brand?post=18718"},{"taxonomy":"product_cat","embeddable":true,"href":"https:\/\/es.zwheel.com\/pt-pt\/wp-json\/wp\/v2\/product_cat?post=18718"},{"taxonomy":"product_tag","embeddable":true,"href":"https:\/\/es.zwheel.com\/pt-pt\/wp-json\/wp\/v2\/product_tag?post=18718"}],"curies":[{"name":"wp","href":"https:\/\/api.w.org\/{rel}","templated":true}]}}