{"id":15217,"date":"2025-11-09T14:57:33","date_gmt":"2025-11-09T13:57:33","guid":{"rendered":"https:\/\/zwheel.com\/?post_type=product&#038;p=15217"},"modified":"2025-11-10T20:57:29","modified_gmt":"2025-11-10T19:57:29","slug":"zwolf","status":"publish","type":"product","link":"https:\/\/es.zwheel.com\/pt-pt\/tienda\/zwolf\/zwolf\/","title":{"rendered":"ZWolf"},"content":{"rendered":"<p>Aprovado pela DGT<\/p>\n<p>ZWolf, um <strong>h\u00edbrido entre pot\u00eancia e adrenalina<\/strong>. Sinta a pot\u00eancia do seu motor de 500W, que atinge at\u00e9 1.000W de pot\u00eancia m\u00e1xima, na scooter el\u00e9trica ZWolf da Zwheel! Tem o certificado de aprova\u00e7\u00e3o da Dire\u00e7\u00e3o-geral de Tr\u00e2nsito (DGT), essencial para circular em Espanha<\/p>\n        <div class=\"rmwr-wrapper\" \n             data-id=\"rmwr-69d1d87b5bd34\"\n             data-mode=\"normal\"\n             data-animation=\"fade\"\n             data-duration=\"300\"\n             data-smooth-scroll=\"true\"\n             data-scroll-offset=\"0\">\n            <button \n                type=\"button\"\n                class=\"read-link\" \n                id=\"readlinkrmwr-69d1d87b5bd34\"\n                data-open-text=\"Leer m\u00e1s\"\n                data-close-text=\"Leer menos\"\n                aria-expanded=\"false\"\n                aria-controls=\"readrmwr-69d1d87b5bd34\"\n                aria-label=\"Leer m\u00e1s\"\n            >\n                <span class=\"rmwr-text\">Leer m\u00e1s<\/span>\n            <\/button>\n            <div \n                class=\"read_div\" \n                id=\"readrmwr-69d1d87b5bd34\"\n                aria-hidden=\"true\"\n                data-animation=\"fade\"\n                data-duration=\"300\"\n                style=\"display: none;\"\n            >\n                <\/p>\n<p>O ZWolf apresenta:<\/p>\n<ul>\n<li>Motor traseiro com pot\u00eancia nominal de 500W<\/li>\n<li><strong>Suspens\u00e3o com mola dupla<\/strong>: vem equipada de s\u00e9rie com suspens\u00f5es traseira e dianteira, o que lhe permitir\u00e1 ultrapassar qualquer obst\u00e1culo.<\/li>\n<li><strong>Bateria HPB<\/strong> (High Performance Battery), <strong>que oferece 25% mais autonomia do que as baterias convencionais. Desenvolve uma autonomia de at\u00e9 50 Km.<\/strong><\/li>\n<li><strong>Sistema de travagem regenerativa ARE<\/strong>, que permite recuperar energia a cada travagem.<\/li>\n<li>Rodas sem c\u00e2mara de ar e off road de 10&#8243;.<\/li>\n<\/ul>\n<p>Al\u00e9m disso, oferece:<\/p>\n<ul>\n<li><strong>Mastro ajust\u00e1vel<\/strong> e op\u00e7\u00e3o de dobragem de mastro f\u00e1cil.<\/li>\n<li>\n<div role=\"presentation\" data-olk-copy-source=\"MessageBody\">Nova aplica\u00e7\u00e3o melhorada. <strong>Sistema Tuya.<\/strong><\/div>\n<\/li>\n<li>Punho e <strong>acelerador<\/strong> por bot\u00e3o de s\u00e9rie.<\/li>\n<li>\n<div role=\"presentation\">USB no ecr\u00e3 para carregar o telem\u00f3vel<\/div>\n<\/li>\n<\/ul>\n<p>            <\/div>\n        <\/div>\n        \n","protected":false},"excerpt":{"rendered":"<h2><strong>ZWolf: design agressivo, pot\u00eancia ilimitada.<\/strong><\/h2>\n<p>O <strong>Zwolf <\/strong>funde o <b>poder imponente<\/b> do ZCougar com a <b>suspens\u00e3o inigual\u00e1vel<\/b> do ZRino, criando a scooter el\u00e9trica mais vers\u00e1til e confort\u00e1vel da gama. Projetado para aqueles que n\u00e3o est\u00e3o satisfeitos com o asfalto liso e exigem desempenho excecional em qualquer condi\u00e7\u00e3o urbana.<\/p>\n","protected":false},"featured_media":15137,"comment_status":"open","ping_status":"closed","template":"","meta":{"zakra_page_container_layout":"customizer","zakra_page_sidebar_layout":"customizer","zakra_remove_content_margin":false,"zakra_sidebar":"customizer","zakra_transparent_header":"customizer","zakra_logo":0,"zakra_main_header_style":"default","zakra_menu_item_color":"","zakra_menu_item_hover_color":"","zakra_menu_item_active_color":"","zakra_menu_active_style":"","zakra_page_header":true,"inline_featured_image":false},"product_brand":[],"product_cat":[199],"product_tag":[],"class_list":{"0":"post-15217","1":"product","2":"type-product","3":"status-publish","4":"has-post-thumbnail","6":"product_cat-zwolf","8":"first","9":"instock","10":"sale","11":"taxable","12":"shipping-taxable","13":"purchasable","14":"product-type-simple"},"_links":{"self":[{"href":"https:\/\/es.zwheel.com\/pt-pt\/wp-json\/wp\/v2\/product\/15217","targetHints":{"allow":["GET"]}}],"collection":[{"href":"https:\/\/es.zwheel.com\/pt-pt\/wp-json\/wp\/v2\/product"}],"about":[{"href":"https:\/\/es.zwheel.com\/pt-pt\/wp-json\/wp\/v2\/types\/product"}],"replies":[{"embeddable":true,"href":"https:\/\/es.zwheel.com\/pt-pt\/wp-json\/wp\/v2\/comments?post=15217"}],"wp:featuredmedia":[{"embeddable":true,"href":"https:\/\/es.zwheel.com\/pt-pt\/wp-json\/wp\/v2\/media\/15137"}],"wp:attachment":[{"href":"https:\/\/es.zwheel.com\/pt-pt\/wp-json\/wp\/v2\/media?parent=15217"}],"wp:term":[{"taxonomy":"product_brand","embeddable":true,"href":"https:\/\/es.zwheel.com\/pt-pt\/wp-json\/wp\/v2\/product_brand?post=15217"},{"taxonomy":"product_cat","embeddable":true,"href":"https:\/\/es.zwheel.com\/pt-pt\/wp-json\/wp\/v2\/product_cat?post=15217"},{"taxonomy":"product_tag","embeddable":true,"href":"https:\/\/es.zwheel.com\/pt-pt\/wp-json\/wp\/v2\/product_tag?post=15217"}],"curies":[{"name":"wp","href":"https:\/\/api.w.org\/{rel}","templated":true}]}}