{"id":15216,"date":"2025-11-09T16:46:25","date_gmt":"2025-11-09T15:46:25","guid":{"rendered":"https:\/\/zwheel.com\/?post_type=product&#038;p=15216"},"modified":"2025-11-10T20:57:36","modified_gmt":"2025-11-10T19:57:36","slug":"zwolf-plus","status":"publish","type":"product","link":"https:\/\/es.zwheel.com\/pt-pt\/tienda\/zwolf\/zwolf-plus\/","title":{"rendered":"ZWolf Plus"},"content":{"rendered":"<p>Aprovado pela DGT<\/p>\n<p>O <strong>ZWolf Plus<\/strong> incorpora um <strong>sistema de suspens\u00e3o dupla com<\/strong> mola dianteira e traseira, uma bateria de 20Ah e 48V que permite uma autonomia de at\u00e9 70 km, e jantes Off-Road sem c\u00e2mara de ar de 10&#8243;, concebidas para todos os tipos de terreno. Inclui <strong>freio hidr\u00e1ulico duplo<\/strong> para m\u00e1xima seguran\u00e7a e sistema de regenera\u00e7\u00e3o ARE.<\/p>\n        <div class=\"rmwr-wrapper\" \n             data-id=\"rmwr-69d1d87cd05e8\"\n             data-mode=\"normal\"\n             data-animation=\"fade\"\n             data-duration=\"300\"\n             data-smooth-scroll=\"true\"\n             data-scroll-offset=\"0\">\n            <button \n                type=\"button\"\n                class=\"read-link\" \n                id=\"readlinkrmwr-69d1d87cd05e8\"\n                data-open-text=\"Leer m\u00e1s\"\n                data-close-text=\"Leer menos\"\n                aria-expanded=\"false\"\n                aria-controls=\"readrmwr-69d1d87cd05e8\"\n                aria-label=\"Leer m\u00e1s\"\n            >\n                <span class=\"rmwr-text\">Leer m\u00e1s<\/span>\n            <\/button>\n            <div \n                class=\"read_div\" \n                id=\"readrmwr-69d1d87cd05e8\"\n                aria-hidden=\"true\"\n                data-animation=\"fade\"\n                data-duration=\"300\"\n                style=\"display: none;\"\n            >\n                <\/p>\n<p>O ZWolf Plus apresenta:<\/p>\n<ul>\n<li>Motor traseiro avaliado de 2000W<\/li>\n<li><strong>Suspens\u00e3o com mola dupla<\/strong>: vem equipada de s\u00e9rie com suspens\u00f5es traseira e dianteira, o que lhe permitir\u00e1 ultrapassar qualquer obst\u00e1culo.<\/li>\n<li><strong>Bateria HPB<\/strong> (High Performance Battery), <strong>que oferece 25% mais autonomia do que as baterias convencionais. Desenvolve uma autonomia de at\u00e9 70 km.<\/strong><\/li>\n<li><strong>Freio hidr\u00e1ulico duplo<\/strong>, para maior seguran\u00e7a.<\/li>\n<li>Rodas sem c\u00e2mara de ar e off road de 10&#8243;.<\/li>\n<\/ul>\n<p>Al\u00e9m disso, oferece:<\/p>\n<ul>\n<li><strong>Mastro ajust\u00e1vel<\/strong> e op\u00e7\u00e3o de dobragem de mastro f\u00e1cil.<\/li>\n<li>\n<div role=\"presentation\" data-olk-copy-source=\"MessageBody\">Nova aplica\u00e7\u00e3o melhorada. <strong>Sistema Tuya.<\/strong><\/div>\n<\/li>\n<li>Punho e <strong>acelerador<\/strong> por bot\u00e3o de s\u00e9rie.<\/li>\n<li>\n<div role=\"presentation\">USB no ecr\u00e3 para carregar o telem\u00f3vel<\/div>\n<\/li>\n<\/ul>\n<p>            <\/div>\n        <\/div>\n        \n","protected":false},"excerpt":{"rendered":"<h2><strong>ZWolf: Design agressivo, tecnologia avan\u00e7ada e<\/strong><br \/>\n<strong>Poder sem limites.<\/strong><\/h2>\n<p>Sinta a for\u00e7a do seu motor nominal de 1.000W, capaz de atingir at\u00e9 2.000W, numa scooter homologada pela DGT e com suspens\u00e3o de mola dupla e duplo trav\u00e3o hidr\u00e1ulico.<\/p>\n","protected":false},"featured_media":15165,"comment_status":"open","ping_status":"closed","template":"","meta":{"zakra_page_container_layout":"customizer","zakra_page_sidebar_layout":"customizer","zakra_remove_content_margin":false,"zakra_sidebar":"customizer","zakra_transparent_header":"customizer","zakra_logo":0,"zakra_main_header_style":"default","zakra_menu_item_color":"","zakra_menu_item_hover_color":"","zakra_menu_item_active_color":"","zakra_menu_active_style":"","zakra_page_header":true,"inline_featured_image":false},"product_brand":[],"product_cat":[199],"product_tag":[],"class_list":{"0":"post-15216","1":"product","2":"type-product","3":"status-publish","4":"has-post-thumbnail","6":"product_cat-zwolf","8":"first","9":"instock","10":"sale","11":"taxable","12":"shipping-taxable","13":"purchasable","14":"product-type-simple"},"_links":{"self":[{"href":"https:\/\/es.zwheel.com\/pt-pt\/wp-json\/wp\/v2\/product\/15216","targetHints":{"allow":["GET"]}}],"collection":[{"href":"https:\/\/es.zwheel.com\/pt-pt\/wp-json\/wp\/v2\/product"}],"about":[{"href":"https:\/\/es.zwheel.com\/pt-pt\/wp-json\/wp\/v2\/types\/product"}],"replies":[{"embeddable":true,"href":"https:\/\/es.zwheel.com\/pt-pt\/wp-json\/wp\/v2\/comments?post=15216"}],"wp:featuredmedia":[{"embeddable":true,"href":"https:\/\/es.zwheel.com\/pt-pt\/wp-json\/wp\/v2\/media\/15165"}],"wp:attachment":[{"href":"https:\/\/es.zwheel.com\/pt-pt\/wp-json\/wp\/v2\/media?parent=15216"}],"wp:term":[{"taxonomy":"product_brand","embeddable":true,"href":"https:\/\/es.zwheel.com\/pt-pt\/wp-json\/wp\/v2\/product_brand?post=15216"},{"taxonomy":"product_cat","embeddable":true,"href":"https:\/\/es.zwheel.com\/pt-pt\/wp-json\/wp\/v2\/product_cat?post=15216"},{"taxonomy":"product_tag","embeddable":true,"href":"https:\/\/es.zwheel.com\/pt-pt\/wp-json\/wp\/v2\/product_tag?post=15216"}],"curies":[{"name":"wp","href":"https:\/\/api.w.org\/{rel}","templated":true}]}}