{"id":15215,"date":"2025-11-09T17:01:00","date_gmt":"2025-11-09T16:01:00","guid":{"rendered":"https:\/\/zwheel.com\/?post_type=product&#038;p=15215"},"modified":"2025-11-10T20:57:42","modified_gmt":"2025-11-10T19:57:42","slug":"zwolf-duo","status":"publish","type":"product","link":"https:\/\/es.zwheel.com\/pt-pt\/tienda\/zwolf\/zwolf-duo\/","title":{"rendered":"ZWolf Duo"},"content":{"rendered":"<p>Aprovado pela DGT<\/p>\n<p>Com o<strong> ZWolf Duo<\/strong> sinta a pot\u00eancia dos seus dois motores de 2*500W, que atingem at\u00e9<strong> 2*1.000W de pot\u00eancia m\u00e1xima<\/strong>. Incorpora um sistema de suspens\u00e3o dupla com mola dianteira e traseira, tra\u00e7\u00e3o dupla com motor em cada roda, bateria de 20Ah e 48V com autonomia de at\u00e9 70 km e rodas Off-Road sem c\u00e2mara de ar de 10&#8243;, para todos os tipos de terreno. Soma-se a isso a sua subilumina\u00e7\u00e3o multicolorida, que o torna o verdadeiro rei do asfalto.<\/p>\n        <div class=\"rmwr-wrapper\" \n             data-id=\"rmwr-69d1dc2fdfcff\"\n             data-mode=\"normal\"\n             data-animation=\"fade\"\n             data-duration=\"300\"\n             data-smooth-scroll=\"true\"\n             data-scroll-offset=\"0\">\n            <button \n                type=\"button\"\n                class=\"read-link\" \n                id=\"readlinkrmwr-69d1dc2fdfcff\"\n                data-open-text=\"Leer m\u00e1s\"\n                data-close-text=\"Leer menos\"\n                aria-expanded=\"false\"\n                aria-controls=\"readrmwr-69d1dc2fdfcff\"\n                aria-label=\"Leer m\u00e1s\"\n            >\n                <span class=\"rmwr-text\">Leer m\u00e1s<\/span>\n            <\/button>\n            <div \n                class=\"read_div\" \n                id=\"readrmwr-69d1dc2fdfcff\"\n                aria-hidden=\"true\"\n                data-animation=\"fade\"\n                data-duration=\"300\"\n                style=\"display: none;\"\n            >\n                <\/p>\n<p>O ZWolf Duo apresenta:<\/p>\n<ul>\n<li><strong>Motor duplo.<\/strong> 2*500W nominal e 2*1000W m\u00e1ximo.<\/li>\n<li><strong>Suspens\u00e3o com mola dupla<\/strong>: vem equipada de s\u00e9rie com suspens\u00f5es traseira e dianteira, o que lhe permitir\u00e1 ultrapassar qualquer obst\u00e1culo.<\/li>\n<li><strong>Bateria HPB<\/strong> (High Performance Battery), <strong>que oferece 25% mais autonomia do que as baterias convencionais. Desenvolve uma autonomia de at\u00e9 70 km.<\/strong><\/li>\n<li><strong>Freio hidr\u00e1ulico duplo<\/strong>, para maior seguran\u00e7a.<\/li>\n<li><strong>Tra\u00e7\u00e3o \u00e0s quatro rodas<\/strong> com motor em cada roda.<\/li>\n<li><strong> Rodas sem c\u00e2mara de ar e offroad de 10&#8243;.<\/strong><\/li>\n<\/ul>\n<p>Al\u00e9m disso, oferece:<\/p>\n<ul>\n<li><strong>Mastro ajust\u00e1vel<\/strong> e op\u00e7\u00e3o de dobragem de mastro f\u00e1cil.<\/li>\n<li>\n<div role=\"presentation\" data-olk-copy-source=\"MessageBody\">Nova aplica\u00e7\u00e3o melhorada. <strong>Sistema Tuya.<\/strong><\/div>\n<\/li>\n<li>Punho e <strong>acelerador<\/strong> por bot\u00e3o de s\u00e9rie.<\/li>\n<li>\n<div role=\"presentation\">USB no ecr\u00e3 para carregar o telem\u00f3vel<\/div>\n<\/li>\n<\/ul>\n<p>            <\/div>\n        <\/div>\n        \n","protected":false},"excerpt":{"rendered":"<h2><strong>ZWolf Duo: o dobro do motor, o dobro da pot\u00eancia. <\/strong><\/h2>\n<p>\u00c9 a scooter el\u00e9trica para aqueles que procuram o <b>m\u00e1ximo desempenho e confiabilidade<\/b>. \u00c9 um ve\u00edculo potente, equipado com <b>dois motores de 500W<\/b> que oferecem uma acelera\u00e7\u00e3o impressionante e a capacidade de superar inclina\u00e7\u00f5es exigentes. \u00c9 a escolha para <b>uma mobilidade urbana e <i>todo-o-terreno<\/i> potente e<\/b> segura com um design que <b>projeta for\u00e7a e qualidade<\/b>.<\/p>\n","protected":false},"featured_media":15190,"comment_status":"open","ping_status":"closed","template":"","meta":{"zakra_page_container_layout":"customizer","zakra_page_sidebar_layout":"customizer","zakra_remove_content_margin":false,"zakra_sidebar":"customizer","zakra_transparent_header":"customizer","zakra_logo":0,"zakra_main_header_style":"default","zakra_menu_item_color":"","zakra_menu_item_hover_color":"","zakra_menu_item_active_color":"","zakra_menu_active_style":"","zakra_page_header":true,"inline_featured_image":false},"product_brand":[],"product_cat":[199],"product_tag":[],"class_list":{"0":"post-15215","1":"product","2":"type-product","3":"status-publish","4":"has-post-thumbnail","6":"product_cat-zwolf","8":"first","9":"instock","10":"sale","11":"taxable","12":"shipping-taxable","13":"purchasable","14":"product-type-simple"},"_links":{"self":[{"href":"https:\/\/es.zwheel.com\/pt-pt\/wp-json\/wp\/v2\/product\/15215","targetHints":{"allow":["GET"]}}],"collection":[{"href":"https:\/\/es.zwheel.com\/pt-pt\/wp-json\/wp\/v2\/product"}],"about":[{"href":"https:\/\/es.zwheel.com\/pt-pt\/wp-json\/wp\/v2\/types\/product"}],"replies":[{"embeddable":true,"href":"https:\/\/es.zwheel.com\/pt-pt\/wp-json\/wp\/v2\/comments?post=15215"}],"wp:featuredmedia":[{"embeddable":true,"href":"https:\/\/es.zwheel.com\/pt-pt\/wp-json\/wp\/v2\/media\/15190"}],"wp:attachment":[{"href":"https:\/\/es.zwheel.com\/pt-pt\/wp-json\/wp\/v2\/media?parent=15215"}],"wp:term":[{"taxonomy":"product_brand","embeddable":true,"href":"https:\/\/es.zwheel.com\/pt-pt\/wp-json\/wp\/v2\/product_brand?post=15215"},{"taxonomy":"product_cat","embeddable":true,"href":"https:\/\/es.zwheel.com\/pt-pt\/wp-json\/wp\/v2\/product_cat?post=15215"},{"taxonomy":"product_tag","embeddable":true,"href":"https:\/\/es.zwheel.com\/pt-pt\/wp-json\/wp\/v2\/product_tag?post=15215"}],"curies":[{"name":"wp","href":"https:\/\/api.w.org\/{rel}","templated":true}]}}