{"id":13540,"date":"2024-03-21T08:56:02","date_gmt":"2024-03-21T07:56:02","guid":{"rendered":"https:\/\/zwheel.com\/tienda\/sem%20categoria\/zfox-plus\/"},"modified":"2025-08-06T20:23:17","modified_gmt":"2025-08-06T18:23:17","slug":"zfox-plus-2","status":"publish","type":"product","link":"https:\/\/es.zwheel.com\/pt-pt\/tienda\/trotinetes-eletricas-zwheel\/zfox-pt-pt\/zfox-plus-2\/","title":{"rendered":"ZFox Plus"},"content":{"rendered":"<p>Aprovado pela DGT<\/p>\n<p>O ZFox Plus oferece um alcance de at\u00e9 35Km. Uma scooter leve, dobr\u00e1vel, urbana&#8230; O seu companheiro ideal para se deslocar pela cidade de uma forma \u00e1gil e confort\u00e1vel. O seu peso de 12 Kg, permite-lhe transport\u00e1-lo com uma m\u00e3o.  <\/p>\n<p>A nossa scooter mais vers\u00e1til e personaliz\u00e1vel, com <strong>3 op\u00e7\u00f5es de cores<br \/>\n<\/strong><br \/>\n        <div class=\"rmwr-wrapper\" \n             data-id=\"rmwr-69d1dc2f11120\"\n             data-mode=\"normal\"\n             data-animation=\"fade\"\n             data-duration=\"300\"\n             data-smooth-scroll=\"true\"\n             data-scroll-offset=\"0\">\n            <button \n                type=\"button\"\n                class=\"read-link\" \n                id=\"readlinkrmwr-69d1dc2f11120\"\n                data-open-text=\"Leer m\u00e1s\"\n                data-close-text=\"Leer menos\"\n                aria-expanded=\"false\"\n                aria-controls=\"readrmwr-69d1dc2f11120\"\n                aria-label=\"Leer m\u00e1s\"\n            >\n                <span class=\"rmwr-text\">Leer m\u00e1s<\/span>\n            <\/button>\n            <div \n                class=\"read_div\" \n                id=\"readrmwr-69d1dc2f11120\"\n                aria-hidden=\"true\"\n                data-animation=\"fade\"\n                data-duration=\"300\"\n                style=\"display: none;\"\n            >\n                <\/p>\n<p>O ZFox Plus apresenta:<\/p>\n<ul>\n<li>Motor traseiro com uma pot\u00eancia de 300W<\/li>\n<li><strong>Sistema de suspens\u00e3o dupla e trav\u00f5es dianteiros e traseiros duplos <\/strong>para uma condu\u00e7\u00e3o suave e segura em superf\u00edcies urbanas.<\/li>\n<li><strong>Bateria HPB<\/strong> (High Performance Battery), <strong>que oferece 25% mais autonomia do que as baterias convencionais. Desenvolve uma autonomia de at\u00e9 30Km.<\/strong> <\/li>\n<li><strong>Sistema de travagem regenerativa ARE<\/strong>, que permite recuperar energia a cada travagem.<\/li>\n<li>Rodas<strong> mistas<\/strong> de 10&#8243; com c\u00e2mara de ar.<\/li>\n<\/ul>\n<p>Al\u00e9m disso, oferece:<\/p>\n<ul>\n<li>Op\u00e7\u00e3o de dobragem de mastro. Transporte-o facilmente, com uma m\u00e3o. <\/li>\n<li><strong>Luz dianteira<\/strong>, luz de posi\u00e7\u00e3o traseira, indicadores de mudan\u00e7a de faixa e refletores&#8230; Excelente visibilidade durante a condu\u00e7\u00e3o noturna.<\/li>\n<li><strong>Liga\u00e7\u00e3o Bluetooth<\/strong>: Atrav\u00e9s da liga\u00e7\u00e3o Bluetooth, pode ligar o seu dispositivo IOS ou Android, utilizando a APP ZWHEEL, e configurar a scooter ao seu gosto.<\/li>\n<li><strong>Velocidade de cruzeiro configur\u00e1vel<\/strong>: A velocidade de cruzeiro, que pode definir para a velocidade pretendida, ir\u00e1 manter a velocidade constante para si, para que n\u00e3o tenha de segurar o acelerador.<\/li>\n<\/ul>\n<p>&lt;!--Detalles\n\n\n<div class=\"espes\">\n\n\n<div class=\"espe\">\n\nAUTONOM\u00cdA\n\n30 Km\n\n<\/div>\n\n\n\n\n<div class=\"espe especenter\">\n\nPOTENCIA\n\n300 W\n\n<\/div>\n\n\n\n\n<div class=\"espe especenter\">\n\nPESO\n\n12 Kg\n\n<\/div>\n\n\n\n\n<div class=\"espe \">\n\nVELOCIDAD\n\n25 Km\/h\n\n<\/div>\n\n\n<\/div>\n\n\n--&gt;<br \/>\n            <\/div>\n        <\/div>\n        <\/p>\n","protected":false},"excerpt":{"rendered":"<p><strong>ZFox Plus com um alcance de at\u00e9 35 km e pesando apenas 12 kg.<\/strong><\/p>\n<p>Movimente-se pela cidade sem limites com o ZFox Plus.<br \/>\nUma scooter leve, confort\u00e1vel e facilmente dobr\u00e1vel. Explore a cidade com confian\u00e7a e estilo! <\/p>\n","protected":false},"featured_media":12672,"comment_status":"open","ping_status":"closed","template":"","meta":{"zakra_page_container_layout":"customizer","zakra_page_sidebar_layout":"customizer","zakra_remove_content_margin":false,"zakra_sidebar":"customizer","zakra_transparent_header":"customizer","zakra_logo":0,"zakra_main_header_style":"default","zakra_menu_item_color":"","zakra_menu_item_hover_color":"","zakra_menu_item_active_color":"","zakra_menu_active_style":"","zakra_page_header":true,"inline_featured_image":false},"product_brand":[],"product_cat":[120],"product_tag":[],"class_list":{"0":"post-13540","1":"product","2":"type-product","3":"status-publish","4":"has-post-thumbnail","6":"product_cat-zfox-pt-pt","8":"first","9":"instock","10":"sale","11":"taxable","12":"shipping-taxable","13":"purchasable","14":"product-type-variable","15":"has-default-attributes"},"_links":{"self":[{"href":"https:\/\/es.zwheel.com\/pt-pt\/wp-json\/wp\/v2\/product\/13540","targetHints":{"allow":["GET"]}}],"collection":[{"href":"https:\/\/es.zwheel.com\/pt-pt\/wp-json\/wp\/v2\/product"}],"about":[{"href":"https:\/\/es.zwheel.com\/pt-pt\/wp-json\/wp\/v2\/types\/product"}],"replies":[{"embeddable":true,"href":"https:\/\/es.zwheel.com\/pt-pt\/wp-json\/wp\/v2\/comments?post=13540"}],"wp:featuredmedia":[{"embeddable":true,"href":"https:\/\/es.zwheel.com\/pt-pt\/wp-json\/wp\/v2\/media\/12672"}],"wp:attachment":[{"href":"https:\/\/es.zwheel.com\/pt-pt\/wp-json\/wp\/v2\/media?parent=13540"}],"wp:term":[{"taxonomy":"product_brand","embeddable":true,"href":"https:\/\/es.zwheel.com\/pt-pt\/wp-json\/wp\/v2\/product_brand?post=13540"},{"taxonomy":"product_cat","embeddable":true,"href":"https:\/\/es.zwheel.com\/pt-pt\/wp-json\/wp\/v2\/product_cat?post=13540"},{"taxonomy":"product_tag","embeddable":true,"href":"https:\/\/es.zwheel.com\/pt-pt\/wp-json\/wp\/v2\/product_tag?post=13540"}],"curies":[{"name":"wp","href":"https:\/\/api.w.org\/{rel}","templated":true}]}}