{"id":12921,"date":"2025-04-04T10:12:32","date_gmt":"2025-04-04T08:12:32","guid":{"rendered":"https:\/\/zwheel.com\/tienda\/sin categor\u00eda\/cinco-fechaduras-pro\/"},"modified":"2025-04-04T10:12:32","modified_gmt":"2025-04-04T08:12:32","slug":"cinco-fechaduras-pro","status":"publish","type":"product","link":"https:\/\/es.zwheel.com\/pt-pt\/tienda\/acessorios\/cinco-fechaduras-pro\/","title":{"rendered":"Cinco Fechaduras Pro"},"content":{"rendered":"","protected":false},"excerpt":{"rendered":"<p data-sourcepos=\"4:1-4:260\">Proteja a sua scooter com a m\u00e1xima confian\u00e7a gra\u00e7as ao bloqueio Five Lock Pro da Zwheel. Esta fechadura combina prote\u00e7\u00e3o robusta do cabo, 5 d\u00edgitos de seguran\u00e7a e luz LED, garantindo que o seu ve\u00edculo \u00e9 seguro e f\u00e1cil de localizar no escuro. <\/p>\n<h3 data-sourcepos=\"6:1-6:34\"><\/h3>\n<h3 data-sourcepos=\"6:1-6:34\">Prote\u00e7\u00e3o refor\u00e7ada e vis\u00edvel<\/h3>\n<p data-sourcepos=\"8:1-8:339\">O seu <strong>cabo de a\u00e7o refor\u00e7ado de 120 cm<\/strong> proporciona um amplo alcance para prender o seu ve\u00edculo a postes, veda\u00e7\u00f5es ou qualquer estrutura fixa.<\/p>\n<p data-sourcepos=\"10:1-10:344\"><span class=\"citation-2 entailed\" tabindex=\"0\" role=\"button\">A caracter\u00edstica mais inovadora \u00e9 a sua <\/span><strong><span class=\"citation-2 entailed\" tabindex=\"0\" role=\"button\">luz LED integrada. <\/span><\/strong>Perfeito para condi\u00e7\u00f5es de baixa visibilidade ou utiliza\u00e7\u00e3o noturna, ilumina o mostrador digital, tornando incrivelmente f\u00e1cil entrar na sua combina\u00e7\u00e3o, mesmo na escurid\u00e3o total. Esque\u00e7a de procurar a lanterna do seu celular ou for\u00e7ar os olhos na luz fraca. <\/p>\n<h4 data-sourcepos=\"12:1-12:40\"><\/h4>\n<h3 data-sourcepos=\"12:1-12:40\">Seguran\u00e7a personalizada e sem chave<\/h3>\n<p data-sourcepos=\"14:1-14:378\">Com um sistema <strong>personaliz\u00e1vel de 5 d\u00edgitos<\/strong>, esta fechadura permite-lhe definir a sua pr\u00f3pria combina\u00e7\u00e3o secreta. <span class=\"citation-1 contradictory citation-end-1\" tabindex=\"0\" role=\"button\">A combina\u00e7\u00e3o \u00e9 f\u00e1cil de alterar, permitindo-lhe atualiz\u00e1-la sempre que precisar.<\/span><\/p>\n","protected":false},"featured_media":12922,"comment_status":"open","ping_status":"closed","template":"","meta":{"zakra_page_container_layout":"customizer","zakra_page_sidebar_layout":"customizer","zakra_remove_content_margin":false,"zakra_sidebar":"customizer","zakra_transparent_header":"customizer","zakra_logo":0,"zakra_main_header_style":"default","zakra_menu_item_color":"","zakra_menu_item_hover_color":"","zakra_menu_item_active_color":"","zakra_menu_active_style":"","zakra_page_header":true,"inline_featured_image":false},"product_brand":[],"product_cat":[123],"product_tag":[],"class_list":{"0":"post-12921","1":"product","2":"type-product","3":"status-publish","4":"has-post-thumbnail","6":"product_cat-acessorios","8":"first","9":"instock","10":"taxable","11":"shipping-taxable","12":"purchasable","13":"product-type-variable"},"_links":{"self":[{"href":"https:\/\/es.zwheel.com\/pt-pt\/wp-json\/wp\/v2\/product\/12921","targetHints":{"allow":["GET"]}}],"collection":[{"href":"https:\/\/es.zwheel.com\/pt-pt\/wp-json\/wp\/v2\/product"}],"about":[{"href":"https:\/\/es.zwheel.com\/pt-pt\/wp-json\/wp\/v2\/types\/product"}],"replies":[{"embeddable":true,"href":"https:\/\/es.zwheel.com\/pt-pt\/wp-json\/wp\/v2\/comments?post=12921"}],"wp:featuredmedia":[{"embeddable":true,"href":"https:\/\/es.zwheel.com\/pt-pt\/wp-json\/wp\/v2\/media\/12922"}],"wp:attachment":[{"href":"https:\/\/es.zwheel.com\/pt-pt\/wp-json\/wp\/v2\/media?parent=12921"}],"wp:term":[{"taxonomy":"product_brand","embeddable":true,"href":"https:\/\/es.zwheel.com\/pt-pt\/wp-json\/wp\/v2\/product_brand?post=12921"},{"taxonomy":"product_cat","embeddable":true,"href":"https:\/\/es.zwheel.com\/pt-pt\/wp-json\/wp\/v2\/product_cat?post=12921"},{"taxonomy":"product_tag","embeddable":true,"href":"https:\/\/es.zwheel.com\/pt-pt\/wp-json\/wp\/v2\/product_tag?post=12921"}],"curies":[{"name":"wp","href":"https:\/\/api.w.org\/{rel}","templated":true}]}}