{"id":12862,"date":"2024-07-26T10:25:25","date_gmt":"2024-07-26T08:25:25","guid":{"rendered":"https:\/\/zwheel.com\/tienda\/uncategorized\/zlion-pro\/"},"modified":"2025-09-03T00:21:52","modified_gmt":"2025-09-02T22:21:52","slug":"zlion-pro","status":"publish","type":"product","link":"https:\/\/es.zwheel.com\/pt-pt\/tienda\/trotinetes-eletricas-zwheel\/zlion-pt-pt\/zlion-pro\/","title":{"rendered":"ZLion PRO"},"content":{"rendered":"<p><span data-contrast=\"auto\">Aprovado pela DGT<\/span><span data-ccp-props=\"{\"134233117\":false,\"134233118\":false,\"201341983\":0,\"335557856\":16777215,\"335559738\":0,\"335559739\":360,\"335559740\":435}\"> <\/span><\/p>\n<p><span data-contrast=\"auto\">O ZLion Pro oferece uma pot\u00eancia nominal de 600 W e uma <strong>autonomia de 45 km<\/strong> para conquistar a cidade. Incorpora um farol para uma melhor visibilidade e   <\/span><span data-contrast=\"auto\">dupla suspens\u00e3o dianteira e traseira, bem como trav\u00f5es dianteiros e traseiros duplos equipados de s\u00e9rie que permitem uma condu\u00e7\u00e3o mais confort\u00e1vel e segura.<\/span><span data-ccp-props=\"{\"134233117\":false,\"134233118\":false,\"201341983\":0,\"335557856\":16777215,\"335559738\":0,\"335559739\":360,\"335559740\":435}\"> <\/span><\/p>\n        <div class=\"rmwr-wrapper\" \n             data-id=\"rmwr-69d1d87a8735e\"\n             data-mode=\"normal\"\n             data-animation=\"fade\"\n             data-duration=\"300\"\n             data-smooth-scroll=\"true\"\n             data-scroll-offset=\"0\">\n            <button \n                type=\"button\"\n                class=\"read-link\" \n                id=\"readlinkrmwr-69d1d87a8735e\"\n                data-open-text=\"Leer m\u00e1s\"\n                data-close-text=\"Leer menos\"\n                aria-expanded=\"false\"\n                aria-controls=\"readrmwr-69d1d87a8735e\"\n                aria-label=\"Leer m\u00e1s\"\n            >\n                <span class=\"rmwr-text\">Leer m\u00e1s<\/span>\n            <\/button>\n            <div \n                class=\"read_div\" \n                id=\"readrmwr-69d1d87a8735e\"\n                aria-hidden=\"true\"\n                data-animation=\"fade\"\n                data-duration=\"300\"\n                style=\"display: none;\"\n            >\n                <\/p>\n<p><span data-contrast=\"auto\">A nossa scooter mais urbana, com <\/span><b><span data-contrast=\"auto\">3 op\u00e7\u00f5es de cores.<\/span><\/b><span> <\/span><\/p>\n<p><span data-contrast=\"auto\">O ZLion Pro apresenta:<\/span><span> <\/span><\/p>\n<ul>\n<li data-leveltext=\"\uf0b7\" data-font=\"Symbol\" data-listid=\"1\" data-aria-posinset=\"1\" data-aria-level=\"1\"><span data-contrast=\"auto\">Motor traseiro com <\/span><b><span data-contrast=\"auto\">uma pot\u00eancia nominal de 600W (pot\u00eancia m\u00e1xima 1200W).<\/span><\/b><span> <\/span><\/li>\n<\/ul>\n<ul>\n<li data-leveltext=\"\uf0b7\" data-font=\"Symbol\" data-listid=\"1\" data-aria-posinset=\"2\" data-aria-level=\"1\"><span data-contrast=\"auto\">Sistema de suspens\u00e3o dupla <\/span><b><span data-contrast=\"auto\">e trav\u00f5es dianteiros e traseiros duplos <\/span><\/b><span data-contrast=\"auto\">para uma condu\u00e7\u00e3o suave e segura em superf\u00edcies urbanas.<\/span><span> <\/span><\/li>\n<\/ul>\n<ul>\n<li data-leveltext=\"\uf0b7\" data-font=\"Symbol\" data-listid=\"1\" data-aria-posinset=\"3\" data-aria-level=\"1\"><b><span data-contrast=\"auto\">Bateria HPB<\/span><\/b><span data-contrast=\"auto\">  (Bateria de Alto Desempenho), que oferece 25% mais autonomia do que as baterias convencionais. Desenvolve uma autonomia de at\u00e9 40Km. <\/span><span> <\/span><\/li>\n<\/ul>\n<ul>\n<li data-leveltext=\"\uf0b7\" data-font=\"Symbol\" data-listid=\"1\" data-aria-posinset=\"4\" data-aria-level=\"1\"><b><span data-contrast=\"auto\">Sistema de travagem regenerativa ARE<\/span><\/b><span data-contrast=\"auto\"><span data-contrast=\"auto\">, que permite recuperar energia a cada travagem.<\/span><\/span><span> <\/span><\/li>\n<\/ul>\n<ul>\n<li data-leveltext=\"\uf0b7\" data-font=\"Symbol\" data-listid=\"1\" data-aria-posinset=\"5\" data-aria-level=\"1\"><span data-contrast=\"auto\"> <\/span> Rodas <b><span data-contrast=\"auto\"> autovedantes sem c\u00e2mara de ar<\/span><\/b> de <b><span data-contrast=\"auto\">10&#8243;,<\/span><\/b> <span data-contrast=\"auto\">\u00e0 prova de furos.<\/span><span> <\/span><\/li>\n<\/ul>\n<p><span data-contrast=\"auto\">Al\u00e9m disso, oferece:<\/span><span> <\/span><\/p>\n<ul>\n<li data-leveltext=\"\uf0b7\" data-font=\"Symbol\" data-listid=\"1\" data-aria-posinset=\"6\" data-aria-level=\"1\"><span data-contrast=\"auto\">Op\u00e7\u00e3o de dobragem de mastro. Para um transporte f\u00e1cil e com uma m\u00e3o. <\/span><span> <\/span><\/li>\n<\/ul>\n<ul>\n<li data-leveltext=\"\uf0b7\" data-font=\"Symbol\" data-listid=\"1\" data-aria-posinset=\"7\" data-aria-level=\"1\"><b><span data-contrast=\"auto\">Farol<\/span><\/b><span data-contrast=\"auto\">  pot\u00eancia m\u00e1xima, luz de travagem e indicadores de mudan\u00e7a de faixa de rodagem. Excelente visibilidade durante a condu\u00e7\u00e3o noturna. <\/span><span> <\/span><\/li>\n<\/ul>\n<ul>\n<li data-leveltext=\"\uf0b7\" data-font=\"Symbol\" data-listid=\"1\" data-aria-posinset=\"8\" data-aria-level=\"1\"><b><span data-contrast=\"auto\">Liga\u00e7\u00e3o Bluetooth<\/span><\/b><span data-contrast=\"auto\">: Atrav\u00e9s da liga\u00e7\u00e3o Bluetooth, pode ligar o seu dispositivo IOS ou Android, utilizando a APP ZWHEEL, e configurar a scooter ao seu gosto.<\/span><span> <\/span><\/li>\n<\/ul>\n<ul>\n<li data-leveltext=\"\uf0b7\" data-font=\"Symbol\" data-listid=\"1\" data-aria-posinset=\"9\" data-aria-level=\"1\"><b><span data-contrast=\"auto\">Velocidade de cruzeiro configur\u00e1vel<\/span><\/b><span data-contrast=\"auto\">: A velocidade de cruzeiro, que pode definir para a velocidade pretendida, ir\u00e1 manter a velocidade constante para si, para que n\u00e3o tenha de segurar o acelerador.<\/span><span> <\/span><\/li>\n<\/ul>\n<ul>\n<li data-leveltext=\"\uf0b7\" data-font=\"Symbol\" data-listid=\"1\" data-aria-posinset=\"10\" data-aria-level=\"1\"><span data-contrast=\"auto\"> <\/span><b><span data-contrast=\"auto\">UNLOCK &amp; GO <\/span> sistema de seguran\u00e7a.<\/b> <\/li>\n<\/ul>\n<p>&nbsp;<\/p>\n<p>            <\/div>\n        <\/div>\n        \n","protected":false},"excerpt":{"rendered":"<h2><span class=\"TextRun SCXW28937842 BCX8\" lang=\"ES-ES\" xml:lang=\"ES-ES\" data-contrast=\"auto\"><span class=\"NormalTextRun SCXW28937842 BCX8\">Conduza com total tranquilidade com o Zlion Pro, gra\u00e7as aos seus <\/span> pneus <span class=\"NormalTextRun SpellingErrorV2Themed SCXW28937842 BCX8\">Tubeless<\/span> <span class=\"NormalTextRun SpellingErrorV2Themed SCXW28937842 BCX8\">Selfseal<\/span> de 10&#8243;, <span class=\"NormalTextRun SCXW28937842 BCX8\">para que n\u00e3o tenha de se preocupar com furos<\/span><span class=\"NormalTextRun SCXW28937842 BCX8\">.<\/span><\/span><\/h2>\n<p><span class=\"NormalTextRun SpellingErrorV2Themed SCXW179887617 BCX8\">ZLion<\/span><span class=\"NormalTextRun SCXW179887617 BCX8\"> Pro junta-se \u00e0 gama de scooters<\/span><span class=\"NormalTextRun SpellingErrorV2Themed SCXW179887617 BCX8\"> ZLion<span class=\"NormalTextRun SCXW179887617 BCX8\">, a maior da <\/span><span class=\"NormalTextRun SCXW179887617 BCX8\">fam\u00edlia<\/span><\/span><span class=\"NormalTextRun SCXW179887617 BCX8\">. Re\u00fane toda a pot\u00eancia e robustez do  <\/span><span class=\"NormalTextRun SCXW179887617 BCX8\">as <\/span> <span class=\"NormalTextRun SCXW179887617 BCX8\">scooters <\/span><span class=\"NormalTextRun SpellingErrorV2Themed SCXW179887617 BCX8\">offroad<\/span> ZRINO <span class=\"NormalTextRun SCXW179887617 BCX8\"> , mas dentro de um modelo urbano e de<\/span> <span class=\"NormalTextRun SCXW179887617 BCX8\">dimens\u00f5es<\/span><span class=\"NormalTextRun SCXW179887617 BCX8\"> reduzidas<\/span><span class=\"NormalTextRun SCXW179887617 BCX8\">. <\/span><span class=\"NormalTextRun SCXW179887617 BCX8\">Tem um <\/span> motor <span class=\"NormalTextRun SpellingErrorV2Themed SCXW179887617 BCX8\">brushless<\/span> <span class=\"NormalTextRun SCXW179887617 BCX8\"> com uma pot\u00eancia nominal de 600W e um alcance de at\u00e9 45 km.<\/span><\/p>\n<p><span data-contrast=\"auto\">Com o ZLion Pro mova-se com tranquilidade sem furos!<\/span><span data-ccp-props=\"{\"201341983\":0,\"335559739\":160,\"335559740\":279}\"> <\/span><\/p>\n","protected":false},"featured_media":12864,"comment_status":"open","ping_status":"closed","template":"","meta":{"zakra_page_container_layout":"customizer","zakra_page_sidebar_layout":"customizer","zakra_remove_content_margin":false,"zakra_sidebar":"customizer","zakra_transparent_header":"customizer","zakra_logo":0,"zakra_main_header_style":"default","zakra_menu_item_color":"","zakra_menu_item_hover_color":"","zakra_menu_item_active_color":"","zakra_menu_active_style":"","zakra_page_header":true,"inline_featured_image":false},"product_brand":[],"product_cat":[119],"product_tag":[],"class_list":{"0":"post-12862","1":"product","2":"type-product","3":"status-publish","4":"has-post-thumbnail","6":"product_cat-zlion-pt-pt","8":"first","9":"instock","10":"taxable","11":"shipping-taxable","12":"purchasable","13":"product-type-variable"},"_links":{"self":[{"href":"https:\/\/es.zwheel.com\/pt-pt\/wp-json\/wp\/v2\/product\/12862","targetHints":{"allow":["GET"]}}],"collection":[{"href":"https:\/\/es.zwheel.com\/pt-pt\/wp-json\/wp\/v2\/product"}],"about":[{"href":"https:\/\/es.zwheel.com\/pt-pt\/wp-json\/wp\/v2\/types\/product"}],"replies":[{"embeddable":true,"href":"https:\/\/es.zwheel.com\/pt-pt\/wp-json\/wp\/v2\/comments?post=12862"}],"wp:featuredmedia":[{"embeddable":true,"href":"https:\/\/es.zwheel.com\/pt-pt\/wp-json\/wp\/v2\/media\/12864"}],"wp:attachment":[{"href":"https:\/\/es.zwheel.com\/pt-pt\/wp-json\/wp\/v2\/media?parent=12862"}],"wp:term":[{"taxonomy":"product_brand","embeddable":true,"href":"https:\/\/es.zwheel.com\/pt-pt\/wp-json\/wp\/v2\/product_brand?post=12862"},{"taxonomy":"product_cat","embeddable":true,"href":"https:\/\/es.zwheel.com\/pt-pt\/wp-json\/wp\/v2\/product_cat?post=12862"},{"taxonomy":"product_tag","embeddable":true,"href":"https:\/\/es.zwheel.com\/pt-pt\/wp-json\/wp\/v2\/product_tag?post=12862"}],"curies":[{"name":"wp","href":"https:\/\/api.w.org\/{rel}","templated":true}]}}