{"id":12846,"date":"2024-05-06T10:20:05","date_gmt":"2024-05-06T08:20:05","guid":{"rendered":"https:\/\/zwheel.com\/tienda\/sin%20categor\u00eda\/compressor-de-ar-portatil\/"},"modified":"2025-12-12T09:33:35","modified_gmt":"2025-12-12T08:33:35","slug":"compressor-de-ar-portatil","status":"publish","type":"product","link":"https:\/\/es.zwheel.com\/pt-pt\/tienda\/acessorios\/compressor-de-ar-portatil\/","title":{"rendered":"Compressor de ar port\u00e1til"},"content":{"rendered":"<p>Tem um <strong>sistema de press\u00e3o dupla com o qual voc\u00ea pode encher os pneus<\/strong> at\u00e9 duas vezes mais r\u00e1pido do que outros compressores. Al\u00e9m disso, o conjunto de ventilador duplo evita superaquecimento desnecess\u00e1rio.<\/p>\n<p>Tem uma <strong>bateria de grande capacidade de 6.000 mAh, com uma l\u00e2mpada LED de alta pot\u00eancia, carregador de carro<\/strong>, cabo de carregamento USB e estojo para armazen\u00e1-lo.<\/p>\n<p>E voc\u00ea tamb\u00e9m pode us\u00e1-lo como um powerbank para recarregar seu telefone celular em caso de emerg\u00eancia.<\/p>\n","protected":false},"excerpt":{"rendered":"<p>N\u00e3o pegue a estrada sem o novo compressor de ar port\u00e1til da ZWHEEL. Com este compressor pode <strong>manter a press\u00e3o correta dos pneus da<\/strong> sua scooter el\u00e9trica, bem como os da sua bicicleta, moto ou carro.<\/p>\n","protected":false},"featured_media":16477,"comment_status":"open","ping_status":"closed","template":"","meta":{"zakra_page_container_layout":"customizer","zakra_page_sidebar_layout":"customizer","zakra_remove_content_margin":false,"zakra_sidebar":"customizer","zakra_transparent_header":"customizer","zakra_logo":0,"zakra_main_header_style":"default","zakra_menu_item_color":"","zakra_menu_item_hover_color":"","zakra_menu_item_active_color":"","zakra_menu_active_style":"","zakra_page_header":true,"inline_featured_image":false},"product_brand":[],"product_cat":[123],"product_tag":[],"class_list":{"0":"post-12846","1":"product","2":"type-product","3":"status-publish","4":"has-post-thumbnail","6":"product_cat-acessorios","8":"first","9":"instock","10":"taxable","11":"shipping-taxable","12":"purchasable","13":"product-type-simple"},"_links":{"self":[{"href":"https:\/\/es.zwheel.com\/pt-pt\/wp-json\/wp\/v2\/product\/12846","targetHints":{"allow":["GET"]}}],"collection":[{"href":"https:\/\/es.zwheel.com\/pt-pt\/wp-json\/wp\/v2\/product"}],"about":[{"href":"https:\/\/es.zwheel.com\/pt-pt\/wp-json\/wp\/v2\/types\/product"}],"replies":[{"embeddable":true,"href":"https:\/\/es.zwheel.com\/pt-pt\/wp-json\/wp\/v2\/comments?post=12846"}],"wp:featuredmedia":[{"embeddable":true,"href":"https:\/\/es.zwheel.com\/pt-pt\/wp-json\/wp\/v2\/media\/16477"}],"wp:attachment":[{"href":"https:\/\/es.zwheel.com\/pt-pt\/wp-json\/wp\/v2\/media?parent=12846"}],"wp:term":[{"taxonomy":"product_brand","embeddable":true,"href":"https:\/\/es.zwheel.com\/pt-pt\/wp-json\/wp\/v2\/product_brand?post=12846"},{"taxonomy":"product_cat","embeddable":true,"href":"https:\/\/es.zwheel.com\/pt-pt\/wp-json\/wp\/v2\/product_cat?post=12846"},{"taxonomy":"product_tag","embeddable":true,"href":"https:\/\/es.zwheel.com\/pt-pt\/wp-json\/wp\/v2\/product_tag?post=12846"}],"curies":[{"name":"wp","href":"https:\/\/api.w.org\/{rel}","templated":true}]}}