{"id":12789,"date":"2024-03-21T09:28:48","date_gmt":"2024-03-21T08:28:48","guid":{"rendered":"https:\/\/zwheel.com\/tienda\/sin%20categor\u00eda\/zcougar-2\/"},"modified":"2025-09-03T00:21:45","modified_gmt":"2025-09-02T22:21:45","slug":"zcougar-2","status":"publish","type":"product","link":"https:\/\/es.zwheel.com\/pt-pt\/tienda\/trotinetes-eletricas-zwheel\/zcougar-pt-pt\/zcougar-2\/","title":{"rendered":"ZCougar"},"content":{"rendered":"<p>Aprovado pela DGT<\/p>\n<p>Descubra a mobilidade urbana de elite com a ZCougar, a nossa scooter el\u00e9trica premium para adultos. As suas suspens\u00f5es de besta Duo Shock permitem-lhe ultrapassar obst\u00e1culos urbanos com facilidade. <\/p>\n<p>Escolha entre op\u00e7\u00f5es de bateria de 35 a 70 Km na sua vers\u00e3o Duo.<\/p>\n        <div class=\"rmwr-wrapper\" \n             data-id=\"rmwr-69d1dc6019d1c\"\n             data-mode=\"normal\"\n             data-animation=\"fade\"\n             data-duration=\"300\"\n             data-smooth-scroll=\"true\"\n             data-scroll-offset=\"0\">\n            <button \n                type=\"button\"\n                class=\"read-link\" \n                id=\"readlinkrmwr-69d1dc6019d1c\"\n                data-open-text=\"Leer m\u00e1s\"\n                data-close-text=\"Leer menos\"\n                aria-expanded=\"false\"\n                aria-controls=\"readrmwr-69d1dc6019d1c\"\n                aria-label=\"Leer m\u00e1s\"\n            >\n                <span class=\"rmwr-text\">Leer m\u00e1s<\/span>\n            <\/button>\n            <div \n                class=\"read_div\" \n                id=\"readrmwr-69d1dc6019d1c\"\n                aria-hidden=\"true\"\n                data-animation=\"fade\"\n                data-duration=\"300\"\n                style=\"display: none;\"\n            >\n                <\/p>\n<p>O ZCougar tem:<\/p>\n<ul>\n<li>Motor traseiro de alta pot\u00eancia: 800W<\/li>\n<li><strong>Suspens\u00e3o DUO-SHOCK<\/strong>: O ZCougar vem equipado de s\u00e9rie com o sistema de suspens\u00e3o DUO-SHOCK nas rodas dianteiras e traseiras, o que lhe permitir\u00e1 ultrapassar qualquer obst\u00e1culo. Descubra uma experi\u00eancia de condu\u00e7\u00e3o superior. <\/li>\n<li><strong>Bateria HPB<\/strong> (High Performance Battery), <strong>que oferece 25% mais autonomia do que as baterias convencionais. Desenvolve uma autonomia de at\u00e9 35 Km.<\/strong> <\/li>\n<li><strong>Sistema de travagem regenerativa ARE<\/strong>, que permite recuperar energia a cada travagem.<\/li>\n<li>Rodas sem tubo de 10&#8243; com perfil largo.<\/li>\n<\/ul>\n<p>Al\u00e9m disso, oferece:<\/p>\n<ul>\n<li><strong>Far\u00f3is<\/strong> duplos de pot\u00eancia m\u00e1xima, posi\u00e7\u00e3o traseira, indicadores de mudan\u00e7a de faixa<strong> <\/strong>e luz de posi\u00e7\u00e3o inferior. Sempre vis\u00edvel quando se conduz \u00e0 noite<strong>.<\/strong> <\/li>\n<li><strong>Liga\u00e7\u00e3o Bluetooth<\/strong>: Atrav\u00e9s da liga\u00e7\u00e3o Bluetooth, pode ligar o seu dispositivo IOS ou Android, utilizando a APP ZWHEEL, e configurar a scooter ao seu gosto.<\/li>\n<li><strong>Velocidade de cruzeiro configur\u00e1vel<\/strong>: A velocidade de cruzeiro, que pode definir para a velocidade pretendida, ir\u00e1 manter a velocidade constante para si, para que n\u00e3o tenha de segurar o acelerador.<\/li>\n<li>Op\u00e7\u00e3o de dobragem de mastro e guiador: transporte facilmente no porta-malas do seu ve\u00edculo.<\/li>\n<\/ul>\n<p>&lt;!--Detalles\n\n\n<div class=\"espes\">\n\n\n<div class=\"espe\">\n\nAUTONOM\u00cdA\n\n35 Km\n\n<\/div>\n\n\n\n\n<div class=\"espe especenter\">\n\nPOTENCIA\n\n800 W\n\n<\/div>\n\n\n\n\n<div class=\"espe especenter\">\n\nPESO\n\n25.5 Kg\n\n<\/div>\n\n\n\n\n<div class=\"espe\">\n\nVELOCIDAD\n\n25 Km\/h\n\n<\/div>\n\n\n<\/div>\n\n\n--&gt;<br \/>\n            <\/div>\n        <\/div>\n        \n","protected":false},"excerpt":{"rendered":"<p><strong>O atleta mais r\u00e1pido e vers\u00e1til da cidade. Um verdadeiro topo de gama, com o m\u00e1ximo desempenho, autonomia e pot\u00eancia <\/strong><\/p>\n<p>Conquiste qualquer obst\u00e1culo, com a agilidade deste puma de asfalto. Uma scooter de grande autonomia, qualidade e pot\u00eancia, equipada com suspens\u00f5es de mola de folha que superam habilmente os meios-fios. Desfrute de uma condu\u00e7\u00e3o r\u00e1pida, suave e segura em qualquer superf\u00edcie.  <\/p>\n","protected":false},"featured_media":17307,"comment_status":"open","ping_status":"closed","template":"","meta":{"zakra_page_container_layout":"customizer","zakra_page_sidebar_layout":"customizer","zakra_remove_content_margin":false,"zakra_sidebar":"customizer","zakra_transparent_header":"customizer","zakra_logo":0,"zakra_main_header_style":"default","zakra_menu_item_color":"","zakra_menu_item_hover_color":"","zakra_menu_item_active_color":"","zakra_menu_active_style":"","zakra_page_header":true,"inline_featured_image":false},"product_brand":[],"product_cat":[121],"product_tag":[],"class_list":{"0":"post-12789","1":"product","2":"type-product","3":"status-publish","4":"has-post-thumbnail","6":"product_cat-zcougar-pt-pt","8":"first","9":"instock","10":"sale","11":"taxable","12":"shipping-taxable","13":"purchasable","14":"product-type-simple"},"_links":{"self":[{"href":"https:\/\/es.zwheel.com\/pt-pt\/wp-json\/wp\/v2\/product\/12789","targetHints":{"allow":["GET"]}}],"collection":[{"href":"https:\/\/es.zwheel.com\/pt-pt\/wp-json\/wp\/v2\/product"}],"about":[{"href":"https:\/\/es.zwheel.com\/pt-pt\/wp-json\/wp\/v2\/types\/product"}],"replies":[{"embeddable":true,"href":"https:\/\/es.zwheel.com\/pt-pt\/wp-json\/wp\/v2\/comments?post=12789"}],"wp:featuredmedia":[{"embeddable":true,"href":"https:\/\/es.zwheel.com\/pt-pt\/wp-json\/wp\/v2\/media\/17307"}],"wp:attachment":[{"href":"https:\/\/es.zwheel.com\/pt-pt\/wp-json\/wp\/v2\/media?parent=12789"}],"wp:term":[{"taxonomy":"product_brand","embeddable":true,"href":"https:\/\/es.zwheel.com\/pt-pt\/wp-json\/wp\/v2\/product_brand?post=12789"},{"taxonomy":"product_cat","embeddable":true,"href":"https:\/\/es.zwheel.com\/pt-pt\/wp-json\/wp\/v2\/product_cat?post=12789"},{"taxonomy":"product_tag","embeddable":true,"href":"https:\/\/es.zwheel.com\/pt-pt\/wp-json\/wp\/v2\/product_tag?post=12789"}],"curies":[{"name":"wp","href":"https:\/\/api.w.org\/{rel}","templated":true}]}}