{"id":12770,"date":"2024-03-21T09:10:53","date_gmt":"2024-03-21T08:10:53","guid":{"rendered":"https:\/\/zwheel.com\/tienda\/sin%20categor\u00eda\/zlion-x-2\/"},"modified":"2025-07-28T20:00:38","modified_gmt":"2025-07-28T18:00:38","slug":"zlion-x-2","status":"publish","type":"product","link":"https:\/\/es.zwheel.com\/pt-pt\/tienda\/trotinetes-eletricas-zwheel\/zlion-pt-pt\/zlion-x-2\/","title":{"rendered":"ZLion X"},"content":{"rendered":"<p>O ZLion X \u00e9 o companheiro urbano ideal: leve e f\u00e1cil de transportar com uma m\u00e3o. Esta scooter el\u00e9trica combina um estilo elegante com uma pot\u00eancia de 350 W. Incorpora um farol dianteiro para uma melhor visibilidade, e oferece uma boa autonomia de at\u00e9 30 Km (ou at\u00e9 40 Km na sua vers\u00e3o Max) para se deslocar sem limita\u00e7\u00f5es em todos os cantos da cidade. <\/p>\n        <div class=\"rmwr-wrapper\" \n             data-id=\"rmwr-69d1d8df7bfa7\"\n             data-mode=\"normal\"\n             data-animation=\"fade\"\n             data-duration=\"300\"\n             data-smooth-scroll=\"true\"\n             data-scroll-offset=\"0\">\n            <button \n                type=\"button\"\n                class=\"read-link\" \n                id=\"readlinkrmwr-69d1d8df7bfa7\"\n                data-open-text=\"Leer m\u00e1s\"\n                data-close-text=\"Leer menos\"\n                aria-expanded=\"false\"\n                aria-controls=\"readrmwr-69d1d8df7bfa7\"\n                aria-label=\"Leer m\u00e1s\"\n            >\n                <span class=\"rmwr-text\">Leer m\u00e1s<\/span>\n            <\/button>\n            <div \n                class=\"read_div\" \n                id=\"readrmwr-69d1d8df7bfa7\"\n                aria-hidden=\"true\"\n                data-animation=\"fade\"\n                data-duration=\"300\"\n                style=\"display: none;\"\n            >\n                <\/p>\n<p>O ZLion X apresenta:<\/p>\n<ul>\n<li>Motor traseiro com uma <strong>pot\u00eancia de 350W.<\/strong><\/li>\n<li><strong>Sistema de suspens\u00e3o dupla e trav\u00f5es dianteiros e traseiros duplos <\/strong>para uma condu\u00e7\u00e3o suave e segura em superf\u00edcies urbanas.<\/li>\n<li><strong>Bateria HPB<\/strong> (High Performance Battery), <strong>que oferece 25% mais autonomia do que as baterias convencionais. Desenvolve uma autonomia de at\u00e9 30Km.<\/strong> <\/li>\n<li><strong>Sistema de travagem regenerativa ARE<\/strong>, que permite recuperar energia a cada travagem.<\/li>\n<li>Rodas s\u00f3lidas de 8,5&#8243;, \u00e0 prova de furos.<\/li>\n<li>Com luzes <strong>de mudan\u00e7a de faixa intermitentes<\/strong>, para que os ve\u00edculos ao seu redor possam manter uma dist\u00e2ncia segura.<\/li>\n<\/ul>\n<p>Al\u00e9m disso, oferece:<\/p>\n<ul>\n<li>Op\u00e7\u00e3o de dobragem de mastro. Transporte-o facilmente, com uma m\u00e3o. <\/li>\n<li><strong>Farol de pot\u00eancia m\u00e1xima<\/strong> , posi\u00e7\u00e3o traseira, indicadores de mudan\u00e7a de faixa de rodagem. Excelente visibilidade durante a condu\u00e7\u00e3o noturna. <\/li>\n<li><strong>Liga\u00e7\u00e3o Bluetooth<\/strong>: Atrav\u00e9s da liga\u00e7\u00e3o Bluetooth, pode ligar o seu dispositivo IOS ou Android, utilizando a APP ZWHEEL, e configurar a scooter ao seu gosto.<\/li>\n<li><strong>Velocidade de cruzeiro configur\u00e1vel<\/strong>: A velocidade de cruzeiro, que pode definir para a velocidade pretendida, ir\u00e1 manter a velocidade constante para si, para que n\u00e3o tenha de segurar o acelerador.<\/li>\n<\/ul>\n<p>&lt;!--Detalles\n\n\n<div class=\"espes\">\n\n\n<div class=\"espe\">\n\nAUTONOM\u00cdA\n\n30 Km\n\n<\/div>\n\n\n\n\n<div class=\"espe especenter\">\n\nPOTENCIA\n\n350 W\n\n<\/div>\n\n\n\n\n<div class=\"espe especenter\">\n\nPESO\n\n13.2 Kg\n\n<\/div>\n\n\n\n\n<div class=\"espe\">\n\nVELOCIDAD\n\n25 Km\/h\n\n<\/div>\n\n\n<\/div>\n\n\n--&gt;<br \/>\n            <\/div>\n        <\/div>\n        \n","protected":false},"excerpt":{"rendered":"<h2><strong>Experimente a ZLion X: a scooter el\u00e9trica urbana que combina 350 W de pot\u00eancia e uma autonomia de at\u00e9 30 Km, com a leveza e eleg\u00e2ncia do le\u00e3o.<\/strong><\/h2>\n<p>Explore a cidade em grande estilo, com a ZLion, uma scooter el\u00e9trica para cruzar a cidade com alcance e pot\u00eancia impressionantes. O seu design s\u00f3lido e atl\u00e9tico, dotado do esp\u00edrito feroz de um le\u00e3o, convida-o a viver experi\u00eancias urbanas emocionantes. <\/p>\n","protected":false},"featured_media":12785,"comment_status":"open","ping_status":"closed","template":"","meta":{"zakra_page_container_layout":"customizer","zakra_page_sidebar_layout":"customizer","zakra_remove_content_margin":false,"zakra_sidebar":"customizer","zakra_transparent_header":"customizer","zakra_logo":0,"zakra_main_header_style":"default","zakra_menu_item_color":"","zakra_menu_item_hover_color":"","zakra_menu_item_active_color":"","zakra_menu_active_style":"","zakra_page_header":true,"inline_featured_image":false},"product_brand":[],"product_cat":[119],"product_tag":[],"class_list":{"0":"post-12770","1":"product","2":"type-product","3":"status-publish","4":"has-post-thumbnail","6":"product_cat-zlion-pt-pt","8":"first","9":"instock","10":"sale","11":"taxable","12":"shipping-taxable","13":"purchasable","14":"product-type-simple"},"_links":{"self":[{"href":"https:\/\/es.zwheel.com\/pt-pt\/wp-json\/wp\/v2\/product\/12770","targetHints":{"allow":["GET"]}}],"collection":[{"href":"https:\/\/es.zwheel.com\/pt-pt\/wp-json\/wp\/v2\/product"}],"about":[{"href":"https:\/\/es.zwheel.com\/pt-pt\/wp-json\/wp\/v2\/types\/product"}],"replies":[{"embeddable":true,"href":"https:\/\/es.zwheel.com\/pt-pt\/wp-json\/wp\/v2\/comments?post=12770"}],"wp:featuredmedia":[{"embeddable":true,"href":"https:\/\/es.zwheel.com\/pt-pt\/wp-json\/wp\/v2\/media\/12785"}],"wp:attachment":[{"href":"https:\/\/es.zwheel.com\/pt-pt\/wp-json\/wp\/v2\/media?parent=12770"}],"wp:term":[{"taxonomy":"product_brand","embeddable":true,"href":"https:\/\/es.zwheel.com\/pt-pt\/wp-json\/wp\/v2\/product_brand?post=12770"},{"taxonomy":"product_cat","embeddable":true,"href":"https:\/\/es.zwheel.com\/pt-pt\/wp-json\/wp\/v2\/product_cat?post=12770"},{"taxonomy":"product_tag","embeddable":true,"href":"https:\/\/es.zwheel.com\/pt-pt\/wp-json\/wp\/v2\/product_tag?post=12770"}],"curies":[{"name":"wp","href":"https:\/\/api.w.org\/{rel}","templated":true}]}}