{"id":12750,"date":"2024-03-21T09:07:54","date_gmt":"2024-03-21T08:07:54","guid":{"rendered":"https:\/\/zwheel.com\/tienda\/uncategorized\/zrino-se\/"},"modified":"2025-07-28T20:00:36","modified_gmt":"2025-07-28T18:00:36","slug":"zrino-se","status":"publish","type":"product","link":"https:\/\/es.zwheel.com\/pt-pt\/tienda\/trotinetes-eletricas-zwheel\/zrino-pt-pt\/zrino-se\/","title":{"rendered":"ZRino SE"},"content":{"rendered":"<p>Aprovado pela DGT<\/p>\n<p>A ZRino SE \u00e9 uma scooter que lhe oferece uma aventura selvagem. Resistente e potente, foi concebido para conquistar terrenos todo-o-terreno. Equipado com um sistema de suspens\u00e3o dupla de alta qualidade, garante uma condu\u00e7\u00e3o suave em qualquer terreno irregular. Experimente a melhor rela\u00e7\u00e3o qualidade\/pre\u00e7o numa scooter robusta e dur\u00e1vel. Escolha entre op\u00e7\u00f5es de bateria de 35 a 70 Km na sua vers\u00e3o Duo Max.    <\/p>\n        <div class=\"rmwr-wrapper\" \n             data-id=\"rmwr-69d1bddd92508\"\n             data-mode=\"normal\"\n             data-animation=\"fade\"\n             data-duration=\"300\"\n             data-smooth-scroll=\"true\"\n             data-scroll-offset=\"0\">\n            <button \n                type=\"button\"\n                class=\"read-link\" \n                id=\"readlinkrmwr-69d1bddd92508\"\n                data-open-text=\"Leer m\u00e1s\"\n                data-close-text=\"Leer menos\"\n                aria-expanded=\"false\"\n                aria-controls=\"readrmwr-69d1bddd92508\"\n                aria-label=\"Leer m\u00e1s\"\n            >\n                <span class=\"rmwr-text\">Leer m\u00e1s<\/span>\n            <\/button>\n            <div \n                class=\"read_div\" \n                id=\"readrmwr-69d1bddd92508\"\n                aria-hidden=\"true\"\n                data-animation=\"fade\"\n                data-duration=\"300\"\n                style=\"display: none;\"\n            >\n                <\/p>\n<p>A ZRino SE tem:<\/p>\n<ul>\n<li>Motor traseiro de alta pot\u00eancia de 600W<\/li>\n<li>Sistema <strong>de suspens\u00e3o dupla hidr\u00e1ulica<\/strong> <strong>dianteira e traseira<\/strong>, para uma condu\u00e7\u00e3o suave, mesmo em terrenos OFF ROAD.<\/li>\n<li><strong>Bateria HPB<\/strong> (High Performance Battery), <strong>que oferece 25% mais autonomia do que as baterias convencionais. Desenvolve uma autonomia de at\u00e9 35 Km.<\/strong> <\/li>\n<li><strong>Sistema de travagem regenerativa<\/strong>, que permite recuperar energia a cada travagem.<\/li>\n<li>Rodas sem tubo de 10&#8243; com perfil largo.<\/li>\n<\/ul>\n<p>Al\u00e9m disso, oferece:<\/p>\n<ul>\n<li>Op\u00e7\u00e3o de dobragem de mastro e guiador: transporte facilmente no porta-malas do seu ve\u00edculo.<\/li>\n<li><strong>Far\u00f3is<\/strong> duplos de pot\u00eancia m\u00e1xima, posi\u00e7\u00e3o traseira, indicadores de mudan\u00e7a de faixa<strong> <\/strong>e luz de posi\u00e7\u00e3o inferior em laranja. Sempre vis\u00edvel quando se conduz \u00e0 noite. <\/li>\n<li><strong>Liga\u00e7\u00e3o Bluetooth<\/strong>: Atrav\u00e9s da liga\u00e7\u00e3o Bluetooth, pode ligar o seu dispositivo IOS ou Android, utilizando a APP ZWHEEL, e configurar a scooter ao seu gosto.<\/li>\n<li><strong>Velocidade de cruzeiro configur\u00e1vel<\/strong>: A velocidade de cruzeiro, que pode definir para a velocidade pretendida, ir\u00e1 manter a velocidade constante para si, para que n\u00e3o tenha de segurar o acelerador.<\/li>\n<\/ul>\n<p>&lt;!--Detalles\n\n\n<div class=\"espes\">\n\n\n<div class=\"espe\">\n\nAUTONOM\u00cdA\n\n35 Km\n\n<\/div>\n\n\n\n\n<div class=\"espe especenter\">\n\nPOTENCIA\n\n600 W\n\n<\/div>\n\n\n\n\n<div class=\"espe especenter\">\n\nPESO\n\n20.9 Kg\n\n<\/div>\n\n\n\n\n<div class=\"espe\">\n\nVELOCIDAD\n\n25 Km\/h\n\n<\/div>\n\n\n<\/div>\n\n\n--&gt;<br \/>\n            <\/div>\n        <\/div>\n        \n","protected":false},"excerpt":{"rendered":"<h2>A scooter ideal para aventuras todo-o-terreno. Desfrute de um desempenho excecional com 35 km de autonomia e 600 W de pot\u00eancia <\/h2>\n<p>Descubra a emo\u00e7\u00e3o com a ZRino, uma scooter el\u00e9trica robusta e potente concebida para terrenos todo-o-terreno. Com suspens\u00e3o dupla de alta qualidade, garante uma condu\u00e7\u00e3o suave em qualquer superf\u00edcie. A melhor rela\u00e7\u00e3o qualidade\/pre\u00e7o para uma experi\u00eancia de aventura duradoura. Compre o seu ZRino e experimente a emo\u00e7\u00e3o em cada viagem!   <\/p>\n","protected":false},"featured_media":12184,"comment_status":"closed","ping_status":"closed","template":"","meta":{"zakra_page_container_layout":"customizer","zakra_page_sidebar_layout":"customizer","zakra_remove_content_margin":false,"zakra_sidebar":"customizer","zakra_transparent_header":"customizer","zakra_logo":0,"zakra_main_header_style":"default","zakra_menu_item_color":"","zakra_menu_item_hover_color":"","zakra_menu_item_active_color":"","zakra_menu_active_style":"","zakra_page_header":true,"inline_featured_image":false},"product_brand":[],"product_cat":[118],"product_tag":[],"class_list":{"0":"post-12750","1":"product","2":"type-product","3":"status-publish","4":"has-post-thumbnail","6":"product_cat-zrino-pt-pt","8":"first","9":"instock","10":"sale","11":"taxable","12":"shipping-taxable","13":"purchasable","14":"product-type-simple"},"_links":{"self":[{"href":"https:\/\/es.zwheel.com\/pt-pt\/wp-json\/wp\/v2\/product\/12750","targetHints":{"allow":["GET"]}}],"collection":[{"href":"https:\/\/es.zwheel.com\/pt-pt\/wp-json\/wp\/v2\/product"}],"about":[{"href":"https:\/\/es.zwheel.com\/pt-pt\/wp-json\/wp\/v2\/types\/product"}],"replies":[{"embeddable":true,"href":"https:\/\/es.zwheel.com\/pt-pt\/wp-json\/wp\/v2\/comments?post=12750"}],"wp:featuredmedia":[{"embeddable":true,"href":"https:\/\/es.zwheel.com\/pt-pt\/wp-json\/wp\/v2\/media\/12184"}],"wp:attachment":[{"href":"https:\/\/es.zwheel.com\/pt-pt\/wp-json\/wp\/v2\/media?parent=12750"}],"wp:term":[{"taxonomy":"product_brand","embeddable":true,"href":"https:\/\/es.zwheel.com\/pt-pt\/wp-json\/wp\/v2\/product_brand?post=12750"},{"taxonomy":"product_cat","embeddable":true,"href":"https:\/\/es.zwheel.com\/pt-pt\/wp-json\/wp\/v2\/product_cat?post=12750"},{"taxonomy":"product_tag","embeddable":true,"href":"https:\/\/es.zwheel.com\/pt-pt\/wp-json\/wp\/v2\/product_tag?post=12750"}],"curies":[{"name":"wp","href":"https:\/\/api.w.org\/{rel}","templated":true}]}}