{"id":12602,"date":"2024-03-19T11:51:49","date_gmt":"2024-03-19T10:51:49","guid":{"rendered":"https:\/\/zwheel.com\/tienda\/sin%20categor\u00eda\/zfox-max-2\/"},"modified":"2025-08-06T20:23:03","modified_gmt":"2025-08-06T18:23:03","slug":"zfox-max-2","status":"publish","type":"product","link":"https:\/\/es.zwheel.com\/pt-pt\/tienda\/trotinetes-eletricas-zwheel\/zfox-pt-pt\/zfox-max-2\/","title":{"rendered":"ZFox Max"},"content":{"rendered":"<p>Aprovado pela DGT<\/p>\n<p>O ZFox Max destaca-se por oferecer um maior alcance (at\u00e9 50 Km) e uma pot\u00eancia m\u00e1xima de 800W, o que permite manter a velocidade mesmo na encosta mais \u00edngreme. O seu sistema de suspens\u00e3o dupla d\u00e1-lhe suavidade na condu\u00e7\u00e3o, mesmo em superf\u00edcies empedradas ou mal pavimentadas. A nossa op\u00e7\u00e3o Premium em scooters urbanas, mantendo um peso leve de apenas 19,1 Kg.  <\/p>\n<p>A nossa scooter mais vers\u00e1til e personaliz\u00e1vel, com <strong>6<\/strong> <strong>op\u00e7\u00f5es de cores<\/strong><\/p>\n        <div class=\"rmwr-wrapper\" \n             data-id=\"rmwr-69d1d87a8d15c\"\n             data-mode=\"normal\"\n             data-animation=\"fade\"\n             data-duration=\"300\"\n             data-smooth-scroll=\"true\"\n             data-scroll-offset=\"0\">\n            <button \n                type=\"button\"\n                class=\"read-link\" \n                id=\"readlinkrmwr-69d1d87a8d15c\"\n                data-open-text=\"Leer m\u00e1s\"\n                data-close-text=\"Leer menos\"\n                aria-expanded=\"false\"\n                aria-controls=\"readrmwr-69d1d87a8d15c\"\n                aria-label=\"Leer m\u00e1s\"\n            >\n                <span class=\"rmwr-text\">Leer m\u00e1s<\/span>\n            <\/button>\n            <div \n                class=\"read_div\" \n                id=\"readrmwr-69d1d87a8d15c\"\n                aria-hidden=\"true\"\n                data-animation=\"fade\"\n                data-duration=\"300\"\n                style=\"display: none;\"\n            >\n                <strong><br \/>\n<\/strong><\/p>\n<p>O ZFox Max apresenta:<\/p>\n<ul>\n<li>Motor traseiro com uma <strong>pot\u00eancia nominal de 400W.<\/strong><\/li>\n<li><strong>Suspens\u00e3o de <\/strong> <strong>garfo <\/strong>hidr\u00e1ulico duplo juntamente com uma suspens\u00e3o tipo mola dupla. Garante uma experi\u00eancia de condu\u00e7\u00e3o ideal em estradas mal pavimentadas ou empedradas <\/li>\n<li><strong>Bateria HPB<\/strong> (High Performance Battery), <strong>que oferece 25% mais autonomia do que as baterias convencionais. Desenvolve uma autonomia de at\u00e9 50Km.<\/strong> <\/li>\n<li><strong>Sistema de travagem regenerativa ARE<\/strong>, que permite recuperar energia a cada travagem.<\/li>\n<li>Rodas de 10&#8243; com c\u00e2mara de ar.<\/li>\n<\/ul>\n<p>Al\u00e9m disso, oferece:<\/p>\n<ul>\n<li><strong>Sistema de Seguran\u00e7a de Chave NFC<\/strong><\/li>\n<li>Op\u00e7\u00e3o de dobragem de mastro. Transporte-o facilmente, com uma m\u00e3o. <\/li>\n<li><strong>Luz dianteira<\/strong>, luz de posi\u00e7\u00e3o traseira, indicadores de mudan\u00e7a de faixa e refletores&#8230; Excelente visibilidade durante a condu\u00e7\u00e3o noturna.<\/li>\n<li><strong>Liga\u00e7\u00e3o Bluetooth<\/strong>: Atrav\u00e9s da liga\u00e7\u00e3o Bluetooth, pode ligar o seu dispositivo IOS ou Android, utilizando a APP ZWHEEL, e configurar a scooter ao seu gosto.<\/li>\n<li><strong>Velocidade de cruzeiro configur\u00e1vel<\/strong>: A velocidade de cruzeiro, que pode definir para a velocidade pretendida, ir\u00e1 manter a velocidade constante para si, para que n\u00e3o tenha de segurar o acelerador.<\/li>\n<\/ul>\n<p>&lt;!--Detalles\n\n\n<div class=\"espes\">\n\n\n<div class=\"espe\">\n\nAUTONOM\u00cdA\n\n50 Km\n\n<\/div>\n\n\n\n\n<div class=\"espe especenter\">\n\nPOTENCIA\n\n400 W\n\n<\/div>\n\n\n\n\n<div class=\"espe especenter\">\n\nPESO\n\n16,5 Kg\n\n<\/div>\n\n\n\n\n<div class=\"espe\">\n\nVELOCIDAD\n\n25 Km\/h\n\n<\/div>\n\n\n<\/div>\n\n\n--&gt;<br \/>\n            <\/div>\n        <\/div>\n        \n","protected":false},"excerpt":{"rendered":"<h2>At\u00e9 50 km de autonomia com pot\u00eancia extra para superar qualquer declive ou declive.<\/h2>\n<p>A nossa vers\u00e3o de scooter ZFox mais potente e aut\u00f3noma, para uma aventura sem limites. Uma scooter leve e urbana, com toda a autonomia que precisa.<br \/>\nUma scooter sem limites, confort\u00e1vel, leve e f\u00e1cil de dobrar.<br \/>\nO seu companheiro ideal para passear pela cidade.<\/p>\n","protected":false},"featured_media":12620,"comment_status":"open","ping_status":"closed","template":"","meta":{"zakra_page_container_layout":"customizer","zakra_page_sidebar_layout":"customizer","zakra_remove_content_margin":false,"zakra_sidebar":"customizer","zakra_transparent_header":"customizer","zakra_logo":0,"zakra_main_header_style":"default","zakra_menu_item_color":"","zakra_menu_item_hover_color":"","zakra_menu_item_active_color":"","zakra_menu_active_style":"","zakra_page_header":true,"inline_featured_image":false},"product_brand":[],"product_cat":[120],"product_tag":[],"class_list":{"0":"post-12602","1":"product","2":"type-product","3":"status-publish","4":"has-post-thumbnail","6":"product_cat-zfox-pt-pt","8":"first","9":"instock","10":"sale","11":"taxable","12":"shipping-taxable","13":"purchasable","14":"product-type-variable"},"_links":{"self":[{"href":"https:\/\/es.zwheel.com\/pt-pt\/wp-json\/wp\/v2\/product\/12602","targetHints":{"allow":["GET"]}}],"collection":[{"href":"https:\/\/es.zwheel.com\/pt-pt\/wp-json\/wp\/v2\/product"}],"about":[{"href":"https:\/\/es.zwheel.com\/pt-pt\/wp-json\/wp\/v2\/types\/product"}],"replies":[{"embeddable":true,"href":"https:\/\/es.zwheel.com\/pt-pt\/wp-json\/wp\/v2\/comments?post=12602"}],"wp:featuredmedia":[{"embeddable":true,"href":"https:\/\/es.zwheel.com\/pt-pt\/wp-json\/wp\/v2\/media\/12620"}],"wp:attachment":[{"href":"https:\/\/es.zwheel.com\/pt-pt\/wp-json\/wp\/v2\/media?parent=12602"}],"wp:term":[{"taxonomy":"product_brand","embeddable":true,"href":"https:\/\/es.zwheel.com\/pt-pt\/wp-json\/wp\/v2\/product_brand?post=12602"},{"taxonomy":"product_cat","embeddable":true,"href":"https:\/\/es.zwheel.com\/pt-pt\/wp-json\/wp\/v2\/product_cat?post=12602"},{"taxonomy":"product_tag","embeddable":true,"href":"https:\/\/es.zwheel.com\/pt-pt\/wp-json\/wp\/v2\/product_tag?post=12602"}],"curies":[{"name":"wp","href":"https:\/\/api.w.org\/{rel}","templated":true}]}}