{"id":12563,"date":"2024-05-02T09:16:59","date_gmt":"2024-05-02T07:16:59","guid":{"rendered":"https:\/\/zwheel.com\/politica-de-qualidade\/"},"modified":"2025-07-15T14:08:18","modified_gmt":"2025-07-15T12:08:18","slug":"politica-de-qualidade","status":"publish","type":"page","link":"https:\/\/es.zwheel.com\/pt-pt\/politica-de-qualidade\/","title":{"rendered":"Pol\u00edtica de Qualidade"},"content":{"rendered":"\n<p><br\/><\/p>\n\n<p>A gest\u00e3o da <strong>ZAMELUX GREEN, S.L. <\/strong>est\u00e1 consciente da import\u00e2ncia de satisfazer as necessidades dos seus clientes, os requisitos que devem ser cumpridos pela comercializa\u00e7\u00e3o e servi\u00e7o p\u00f3s-venda de ve\u00edculos de mobilidade el\u00e9trica; scooters e bicicletas, bem como avan\u00e7ar na melhoria cont\u00ednua, para que se comprometa a:<\/p>\n\n<ul class=\"wp-block-list\">\n<li>Desenvolver e implementar o Sistema de Gest\u00e3o da Qualidade que garanta o cumprimento da norma UNE-EN-ISO 9001:2015, bem como a sua comunica\u00e7\u00e3o \u00e0s partes interessadas.<\/li>\n\n\n\n<li>Fa\u00e7a da melhoria cont\u00ednua a sua ferramenta de trabalho, estabelecendo e revendo periodicamente os objetivos espec\u00edficos deste processo de melhoria.<\/li>\n\n\n\n<li>Cumprir requisitos legais e\/ou regulamentares relacionados com a comercializa\u00e7\u00e3o e servi\u00e7o p\u00f3s-venda de ve\u00edculos de mobilidade el\u00e9trica; scooters e bicicletas.<\/li>\n\n\n\n<li>Promover a participa\u00e7\u00e3o e responsabilidade de todos os trabalhadores da empresa no funcionamento do Sistema da Qualidade de forma a garantir a qualidade dos seus produtos e processos.<\/li>\n\n\n\n<li>Estabelecer os procedimentos e meios para controlar todo o processo desde o aconselhamento t\u00e9cnico ao cliente at\u00e9 \u00e0 entrega das suas encomendas.<\/li>\n\n\n\n<li>Dotar a empresa e os seus processos do melhor capital humano e dos mais avan\u00e7ados equipamentos para o processo de comercializa\u00e7\u00e3o e servi\u00e7o p\u00f3s-venda de ve\u00edculos de mobilidade el\u00e9trica; scooters e bicicletas.<\/li>\n<\/ul>\n\n<p>Esta pol\u00edtica est\u00e1 alinhada com os valores da <strong>ZAMELUX GREEN, S.L. <\/strong> e deve ser conhecida, compreendida e desenvolvida por todos aqueles que dela fazem parte.<\/p>\n\n<p>A sua implementa\u00e7\u00e3o \u00e9 um objetivo fundamental da Gest\u00e3o e \u00e9 da responsabilidade de todos os seus colaboradores.<\/p>\n\n<div style=\"height:100px\" aria-hidden=\"true\" class=\"wp-block-spacer\"><\/div>\n","protected":false},"excerpt":{"rendered":"<p>A gest\u00e3o da ZAMELUX GREEN, S.L. est\u00e1 consciente da import\u00e2ncia de satisfazer as necessidades dos seus clientes, os requisitos que devem ser cumpridos pela comercializa\u00e7\u00e3o e servi\u00e7o p\u00f3s-venda de ve\u00edculos de mobilidade el\u00e9trica; scooters e bicicletas, bem como avan\u00e7ar na melhoria cont\u00ednua, para que se comprometa a: Esta pol\u00edtica est\u00e1 alinhada com os valores da [&hellip;]<\/p>\n","protected":false},"author":1,"featured_media":0,"parent":0,"menu_order":0,"comment_status":"closed","ping_status":"closed","template":"","meta":{"zakra_page_container_layout":"customizer","zakra_page_sidebar_layout":"customizer","zakra_remove_content_margin":false,"zakra_sidebar":"customizer","zakra_transparent_header":"customizer","zakra_logo":0,"zakra_main_header_style":"default","zakra_menu_item_color":"","zakra_menu_item_hover_color":"","zakra_menu_item_active_color":"","zakra_menu_active_style":"","zakra_page_header":true,"inline_featured_image":false,"footnotes":""},"class_list":["post-12563","page","type-page","status-publish","hentry"],"_links":{"self":[{"href":"https:\/\/es.zwheel.com\/pt-pt\/wp-json\/wp\/v2\/pages\/12563","targetHints":{"allow":["GET"]}}],"collection":[{"href":"https:\/\/es.zwheel.com\/pt-pt\/wp-json\/wp\/v2\/pages"}],"about":[{"href":"https:\/\/es.zwheel.com\/pt-pt\/wp-json\/wp\/v2\/types\/page"}],"author":[{"embeddable":true,"href":"https:\/\/es.zwheel.com\/pt-pt\/wp-json\/wp\/v2\/users\/1"}],"replies":[{"embeddable":true,"href":"https:\/\/es.zwheel.com\/pt-pt\/wp-json\/wp\/v2\/comments?post=12563"}],"version-history":[{"count":0,"href":"https:\/\/es.zwheel.com\/pt-pt\/wp-json\/wp\/v2\/pages\/12563\/revisions"}],"wp:attachment":[{"href":"https:\/\/es.zwheel.com\/pt-pt\/wp-json\/wp\/v2\/media?parent=12563"}],"curies":[{"name":"wp","href":"https:\/\/api.w.org\/{rel}","templated":true}]}}