{"id":12560,"date":"2024-05-02T09:27:04","date_gmt":"2024-05-02T07:27:04","guid":{"rendered":"https:\/\/zwheel.com\/politica-de-privacidade-redes-sociais\/"},"modified":"2025-07-15T14:05:26","modified_gmt":"2025-07-15T12:05:26","slug":"politica-de-privacidade-redes-sociais","status":"publish","type":"page","link":"https:\/\/es.zwheel.com\/pt-pt\/politica-de-privacidade-redes-sociais\/","title":{"rendered":"Pol\u00edtica de Privacidade Redes Sociais"},"content":{"rendered":"\n<p><br\/><\/p>\n\n<p>Em cumprimento da regulamenta\u00e7\u00e3o em vigor e aplic\u00e1vel em mat\u00e9ria de Prote\u00e7\u00e3o de Dados Pessoais (RGPD) e da Lei 34\/2002, de 11 de julho, sobre Servi\u00e7os da Sociedade da Informa\u00e7\u00e3o e Com\u00e9rcio Eletr\u00f3nico (LSSI-CE), A ZAMELUX GREEN SL informa os utilizadores que criou um perfil nas Redes Sociais Facebook e Instagram com o objetivo principal de publicitar os seus produtos e servi\u00e7os.<\/p>\n\n<p><strong>ZAMELUX GREEN SL detalhes:<\/strong><\/p>\n\n<ul class=\"wp-block-list\">\n<li>CIF: B67255497<\/li>\n\n\n\n<li>ENDERE\u00c7O: Carrer de la Riera Roja, 12, 08830 Sant Boi de Llobregat, Barcelona<\/li>\n\n\n\n<li>E-MAIL: info@zwheel.com<\/li>\n\n\n\n<li>DOM\u00cdNIO WEB: https:\/\/zamelux.com\/<\/li>\n<\/ul>\n\n<p>O utilizador tem um perfil na mesma Rede Social e decidiu aderir \u00e0 p\u00e1gina criada pela ZAMELUX GREEN SL, demonstrando assim interesse na informa\u00e7\u00e3o que \u00e9 anunciada na Rede. Ao aderir ao nosso website, d\u00e1-nos o seu consentimento para o tratamento dos dados pessoais publicados no seu perfil. <\/p>\n\n<p>O utilizador pode aceder \u00e0s pol\u00edticas de privacidade da pr\u00f3pria Rede Social a qualquer momento, bem como configurar o seu perfil para garantir a sua privacidade.<\/p>\n\n<p>ZAMELUX GREEN SL tem acesso e processa as informa\u00e7\u00f5es p\u00fablicas do usu\u00e1rio, especialmente seu nome de contato. Estes dados s\u00e3o utilizados apenas dentro da pr\u00f3pria Rede Social. N\u00e3o est\u00e3o incorporados em nenhum sistema de tratamento.  <\/p>\n\n<p>Em rela\u00e7\u00e3o aos direitos de acesso, retifica\u00e7\u00e3o, limita\u00e7\u00e3o do tratamento, elimina\u00e7\u00e3o, portabilidade e oposi\u00e7\u00e3o ao tratamento dos seus dados pessoais que possui e que podem ser exercidos perante a ZAMELUX GREEN SL, de acordo com o RGPD, deve ter em conta as seguintes nuances:<\/p>\n\n<p>  &#8211; <strong>Direito de Acesso<\/strong>: \u00c9 o direito do utilizador de obter informa\u00e7\u00f5es sobre os seus dados pessoais espec\u00edficos e o tratamento que foi ou est\u00e1 a ser realizado, bem como a informa\u00e7\u00e3o dispon\u00edvel sobre a origem desses dados e as comunica\u00e7\u00f5es efetuadas ou previstas para serem feitas dos mesmos.<\/p>\n\n<p>  &#8211; <strong>Direito de Retifica\u00e7\u00e3o<\/strong>: \u00c9 o direito da parte afetada de modificar os dados que se revelem inexatos ou incompletos. S\u00f3 pode ser satisfeito em rela\u00e7\u00e3o a informa\u00e7\u00f5es que est\u00e3o sob o controle da ZAMELUX GREEN SL, por exemplo, apagando coment\u00e1rios publicados na pr\u00f3pria p\u00e1gina, imagens ou conte\u00fado da web que contenham dados pessoais do usu\u00e1rio. <\/p>\n\n<p>  &#8211; <strong>Direito \u00e0 Limita\u00e7\u00e3o do Tratamento<\/strong>: Este \u00e9 o direito a que as finalidades do tratamento originalmente planeadas pelo respons\u00e1vel pelo tratamento de dados sejam limitadas.<\/p>\n\n<p>  &#8211; <strong>Direito ao Apagamento<\/strong>: \u00c9 o direito de apagar os dados pessoais do utilizador, salvo nos casos previstos no pr\u00f3prio RGPD ou noutros regulamentos aplic\u00e1veis que determinem a obriga\u00e7\u00e3o de os conservar, em tempo \u00fatil.<\/p>\n\n<p>  &#8211; <strong>Direito \u00e0 portabilidade<\/strong>: Direito de receber os dados pessoais que o utilizador forneceu, num formato estruturado, de uso corrente e leg\u00edvel por m\u00e1quina, e de os transmitir a outro respons\u00e1vel pelo tratamento.<\/p>\n\n<p>  &#8211; <strong>Direito de Oposi\u00e7\u00e3o<\/strong>: \u00c9 o direito do utilizador n\u00e3o realizar o tratamento dos seus dados pessoais ou cessar o tratamento dos mesmos pela ZAMELUX GREEN SL.<\/p>\n\n<p><strong>A ZAMELUX GREEN SL realizar\u00e1 as seguintes a\u00e7\u00f5es<\/strong>:<\/p>\n\n<ul class=\"wp-block-list\">\n<li>Acesso a informa\u00e7\u00f5es de perfil p\u00fablico.<\/li>\n\n\n\n<li>Publica\u00e7\u00e3o no perfil do utilizador de toda a informa\u00e7\u00e3o j\u00e1 publicada na p\u00e1gina ZAMELUX GREEN SL.<\/li>\n\n\n\n<li>Envie mensagens pessoais e individuais atrav\u00e9s dos canais das redes sociais.<\/li>\n\n\n\n<li>Atualiza\u00e7\u00f5es de status da p\u00e1gina que ser\u00e3o publicadas no perfil do usu\u00e1rio.<\/li>\n<\/ul>\n\n<p>O utilizador pode sempre controlar as suas liga\u00e7\u00f5es, eliminar conte\u00fados que j\u00e1 n\u00e3o lhe interessam e restringir com quem partilha as suas liga\u00e7\u00f5es, para isso deve aceder \u00e0s suas defini\u00e7\u00f5es de privacidade.<\/p>\n\n<p><strong>Publica\u00e7\u00f5es<\/strong><\/p>\n\n<p>O utilizador, uma vez inscrito na p\u00e1gina ZAMELUX GREEN SL, poder\u00e1 publicar coment\u00e1rios, links, imagens ou fotografias ou qualquer outro tipo de conte\u00fado multim\u00e9dia suportado pela Rede Social nesta \u00faltima. O utilizador, em todos os casos, deve ser o propriet\u00e1rio do mesmo, gozar dos direitos de autor e de propriedade intelectual ou ter o consentimento dos terceiros afetados. \u00c9 expressamente proibida qualquer publica\u00e7\u00e3o na p\u00e1gina, sejam textos, gr\u00e1ficos, fotografias, v\u00eddeos, etc., que tentem ou sejam suscet\u00edveis de violar a moral, a \u00e9tica, o bom gosto ou o decoro, e\/ou que infrinjam, violem ou violem os direitos de propriedade intelectual ou industrial, o direito \u00e0 imagem ou a Lei. Nestes casos, a ZAMELUX GREEN SL reserva-se o direito de remover imediatamente o conte\u00fado, podendo solicitar o bloqueio permanente do utilizador.   <\/p>\n\n<p>ZAMELUX GREEN SL n\u00e3o ser\u00e1 respons\u00e1vel pelo conte\u00fado que um usu\u00e1rio publicou livremente.<\/p>\n\n<p>O utilizador deve ter em conta que as suas publica\u00e7\u00f5es ser\u00e3o conhecidas por outros utilizadores, pelo que ele pr\u00f3prio \u00e9 o principal respons\u00e1vel pela sua privacidade.<\/p>\n\n<p>As imagens que possam ser publicadas na p\u00e1gina n\u00e3o ser\u00e3o armazenadas em nenhum sistema de processamento pela ZAMELUX GREEN SL, mas permanecer\u00e3o na Rede Social.<\/p>\n\n<p><strong>Concursos e promo\u00e7\u00f5es<\/strong><\/p>\n\n<p>ZAMELUX GREEN SL reserva-se o direito de realizar competi\u00e7\u00f5es e promo\u00e7\u00f5es, nas quais o usu\u00e1rio vinculado \u00e0 sua p\u00e1gina pode participar. As bases de cada uma delas, quando a plataforma da Rede Social for utilizada para esse fim, ser\u00e3o publicadas nela. Sempre em conformidade com a LSSI-CE e qualquer outra norma aplic\u00e1vel.  <\/p>\n\n<p>A Rede Social n\u00e3o patrocina, endossa ou administra, de qualquer forma, nenhuma das nossas promo\u00e7\u00f5es, nem est\u00e1 associada a nenhuma delas.<\/p>\n\n<p><strong>publicidade<\/strong><\/p>\n\n<p>A ZAMELUX GREEN SL utilizar\u00e1 a Rede Social para publicitar os seus produtos e servi\u00e7os, em qualquer caso, se decidir processar os seus dados de contacto para realizar a\u00e7\u00f5es de prospe\u00e7\u00e3o comercial direta, estar\u00e1 sempre em conformidade com os requisitos legais do RGPD e da LSSI-CE.<\/p>\n\n<p>O facto de recomendar a p\u00e1gina ZAMELUX GREEN SL a outros utilizadores para que tamb\u00e9m possam usufruir das promo\u00e7\u00f5es ou ser informados da sua atividade n\u00e3o ser\u00e1 considerado publicidade.<\/p>\n\n<p>Abaixo est\u00e1 o link para a pol\u00edtica de privacidade da Rede Social:<\/p>\n\n<p>  &#8211; Facebook: https:\/\/www.facebook.com\/help\/323540651073243\/<\/p>\n\n<p>  &#8211; Instagram: http:\/\/instagram.com\/about\/legal\/privacy<\/p>\n\n<div style=\"height:100px\" aria-hidden=\"true\" class=\"wp-block-spacer\"><\/div>\n","protected":false},"excerpt":{"rendered":"<p>Em cumprimento da regulamenta\u00e7\u00e3o em vigor e aplic\u00e1vel em mat\u00e9ria de Prote\u00e7\u00e3o de Dados Pessoais (RGPD) e da Lei 34\/2002, de 11 de julho, sobre Servi\u00e7os da Sociedade da Informa\u00e7\u00e3o e Com\u00e9rcio Eletr\u00f3nico (LSSI-CE), A ZAMELUX GREEN SL informa os utilizadores que criou um perfil nas Redes Sociais Facebook e Instagram com o objetivo principal [&hellip;]<\/p>\n","protected":false},"author":1,"featured_media":0,"parent":0,"menu_order":0,"comment_status":"closed","ping_status":"closed","template":"","meta":{"zakra_page_container_layout":"customizer","zakra_page_sidebar_layout":"customizer","zakra_remove_content_margin":false,"zakra_sidebar":"customizer","zakra_transparent_header":"customizer","zakra_logo":0,"zakra_main_header_style":"default","zakra_menu_item_color":"","zakra_menu_item_hover_color":"","zakra_menu_item_active_color":"","zakra_menu_active_style":"","zakra_page_header":true,"inline_featured_image":false,"footnotes":""},"class_list":["post-12560","page","type-page","status-publish","hentry"],"_links":{"self":[{"href":"https:\/\/es.zwheel.com\/pt-pt\/wp-json\/wp\/v2\/pages\/12560","targetHints":{"allow":["GET"]}}],"collection":[{"href":"https:\/\/es.zwheel.com\/pt-pt\/wp-json\/wp\/v2\/pages"}],"about":[{"href":"https:\/\/es.zwheel.com\/pt-pt\/wp-json\/wp\/v2\/types\/page"}],"author":[{"embeddable":true,"href":"https:\/\/es.zwheel.com\/pt-pt\/wp-json\/wp\/v2\/users\/1"}],"replies":[{"embeddable":true,"href":"https:\/\/es.zwheel.com\/pt-pt\/wp-json\/wp\/v2\/comments?post=12560"}],"version-history":[{"count":0,"href":"https:\/\/es.zwheel.com\/pt-pt\/wp-json\/wp\/v2\/pages\/12560\/revisions"}],"wp:attachment":[{"href":"https:\/\/es.zwheel.com\/pt-pt\/wp-json\/wp\/v2\/media?parent=12560"}],"curies":[{"name":"wp","href":"https:\/\/api.w.org\/{rel}","templated":true}]}}