{"id":12554,"date":"2024-05-02T11:39:26","date_gmt":"2024-05-02T09:39:26","guid":{"rendered":"https:\/\/zwheel.com\/pontos-de-suporte-tecnico-oficial-zwheel\/"},"modified":"2025-11-26T19:41:38","modified_gmt":"2025-11-26T18:41:38","slug":"pontos-de-suporte-tecnico-oficial-zwheel","status":"publish","type":"page","link":"https:\/\/es.zwheel.com\/pt-pt\/pontos-de-suporte-tecnico-oficial-zwheel\/","title":{"rendered":"Pontos de Suporte T\u00e9cnico Oficial ZWheel"},"content":{"rendered":"\t\t<div data-elementor-type=\"wp-page\" data-elementor-id=\"12554\" class=\"elementor elementor-12554 elementor-4994\" data-elementor-post-type=\"page\">\n\t\t\t\t\t\t<section class=\"elementor-section elementor-top-section elementor-element elementor-element-7b8c324 elementor-section-height-min-height elementor-section-boxed elementor-section-height-default elementor-section-items-middle\" data-id=\"7b8c324\" data-element_type=\"section\" data-e-type=\"section\" data-settings=\"{&quot;background_background&quot;:&quot;classic&quot;}\">\n\t\t\t\t\t\t<div class=\"elementor-container elementor-column-gap-default\">\n\t\t\t\t\t<div class=\"elementor-column elementor-col-100 elementor-top-column elementor-element elementor-element-cc67702\" data-id=\"cc67702\" data-element_type=\"column\" data-e-type=\"column\">\n\t\t\t<div class=\"elementor-widget-wrap\">\n\t\t\t\t\t\t\t<\/div>\n\t\t<\/div>\n\t\t\t\t\t<\/div>\n\t\t<\/section>\n\t\t\t\t<section class=\"elementor-section elementor-top-section elementor-element elementor-element-df1ca61 elementor-section-boxed elementor-section-height-default elementor-section-height-default\" data-id=\"df1ca61\" data-element_type=\"section\" data-e-type=\"section\">\n\t\t\t\t\t\t<div class=\"elementor-container elementor-column-gap-default\">\n\t\t\t\t\t<div class=\"elementor-column elementor-col-50 elementor-top-column elementor-element elementor-element-8890abc\" data-id=\"8890abc\" data-element_type=\"column\" data-e-type=\"column\">\n\t\t\t<div class=\"elementor-widget-wrap elementor-element-populated\">\n\t\t\t\t\t\t<div class=\"elementor-element elementor-element-1da2ced elementor-invisible elementor-widget elementor-widget-image\" data-id=\"1da2ced\" data-element_type=\"widget\" data-e-type=\"widget\" data-settings=\"{&quot;_animation&quot;:&quot;bounce&quot;}\" data-widget_type=\"image.default\">\n\t\t\t\t<div class=\"elementor-widget-container\">\n\t\t\t\t\t\t\t\t\t\t\t\t\t\t\t<img fetchpriority=\"high\" decoding=\"async\" width=\"247\" height=\"311\" src=\"https:\/\/es.zwheel.com\/wp-content\/uploads\/2024\/03\/tiendas.png\" class=\"attachment-full size-full wp-image-2911\" alt=\"\" srcset=\"https:\/\/es.zwheel.com\/wp-content\/uploads\/2024\/03\/tiendas.png 247w, https:\/\/es.zwheel.com\/wp-content\/uploads\/2024\/03\/tiendas-238x300.png 238w\" sizes=\"(max-width: 247px) 100vw, 247px\" \/>\t\t\t\t\t\t\t\t\t\t\t\t\t\t\t<\/div>\n\t\t\t\t<\/div>\n\t\t\t\t<div class=\"elementor-element elementor-element-9003ddf elementor-widget elementor-widget-heading\" data-id=\"9003ddf\" data-element_type=\"widget\" data-e-type=\"widget\" id=\"fonte\" data-widget_type=\"heading.default\">\n\t\t\t\t<div class=\"elementor-widget-container\">\n\t\t\t\t\t<h1 class=\"elementor-heading-title elementor-size-default\">DESCUBRA A NOSSA REDE DE SERVI\u00c7OS OFICIAIS DE\nSUPORTE\nT\u00c9CNICO ZWHEEL<\/h1>\t\t\t\t<\/div>\n\t\t\t\t<\/div>\n\t\t\t\t\t<\/div>\n\t\t<\/div>\n\t\t\t\t<div class=\"elementor-column elementor-col-50 elementor-top-column elementor-element elementor-element-23dbce7\" data-id=\"23dbce7\" data-element_type=\"column\" data-e-type=\"column\">\n\t\t\t<div class=\"elementor-widget-wrap elementor-element-populated\">\n\t\t\t\t\t\t<div class=\"elementor-element elementor-element-3754852 elementor-widget elementor-widget-heading\" data-id=\"3754852\" data-element_type=\"widget\" data-e-type=\"widget\" data-widget_type=\"heading.default\">\n\t\t\t\t<div class=\"elementor-widget-container\">\n\t\t\t\t\t<h3 class=\"elementor-heading-title elementor-size-default\">A Zwheel disp\u00f5e de pontos de Servi\u00e7o Oficial de Assist\u00eancia T\u00e9cnica distribu\u00eddos por v\u00e1rios pontos do territ\u00f3rio nacional. <b>\nConsulte o ponto de assist\u00eancia mais pr\u00f3ximo para uma repara\u00e7\u00e3o ainda mais r\u00e1pida<\/b> e personalizada.<\/h3>\t\t\t\t<\/div>\n\t\t\t\t<\/div>\n\t\t\t\t\t<\/div>\n\t\t<\/div>\n\t\t\t\t\t<\/div>\n\t\t<\/section>\n\t\t\t\t<section class=\"elementor-section elementor-top-section elementor-element elementor-element-90d6d68 elementor-section-boxed elementor-section-height-default elementor-section-height-default\" data-id=\"90d6d68\" data-element_type=\"section\" data-e-type=\"section\">\n\t\t\t\t\t\t<div class=\"elementor-container elementor-column-gap-default\">\n\t\t\t\t\t<div class=\"elementor-column elementor-col-100 elementor-top-column elementor-element elementor-element-a30a680\" data-id=\"a30a680\" data-element_type=\"column\" data-e-type=\"column\">\n\t\t\t<div class=\"elementor-widget-wrap elementor-element-populated\">\n\t\t\t\t\t\t<div class=\"elementor-element elementor-element-18b597d elementor-widget elementor-widget-html\" data-id=\"18b597d\" data-element_type=\"widget\" data-e-type=\"widget\" data-widget_type=\"html.default\">\n\t\t\t\t<div class=\"elementor-widget-container\">\n\t\t\t\t\t<iframe src=\"https:\/\/www.google.com\/maps\/d\/u\/1\/embed?mid=1iGMUO3kxIIAm-Wp4R_OGepBa48Xgy9g&amp;ehbc=2E312F\" width=\"640\" height=\"480\"><\/iframe>\t\t\t\t<\/div>\n\t\t\t\t<\/div>\n\t\t\t\t\t<\/div>\n\t\t<\/div>\n\t\t\t\t\t<\/div>\n\t\t<\/section>\n\t\t\t\t<section class=\"elementor-section elementor-top-section elementor-element elementor-element-a5048e1 elementor-section-boxed elementor-section-height-default elementor-section-height-default\" data-id=\"a5048e1\" data-element_type=\"section\" data-e-type=\"section\" data-settings=\"{&quot;background_background&quot;:&quot;classic&quot;}\">\n\t\t\t\t\t\t<div class=\"elementor-container elementor-column-gap-default\">\n\t\t\t\t\t<div class=\"elementor-column elementor-col-100 elementor-top-column elementor-element elementor-element-7e78634\" data-id=\"7e78634\" data-element_type=\"column\" data-e-type=\"column\">\n\t\t\t<div class=\"elementor-widget-wrap elementor-element-populated\">\n\t\t\t\t\t\t<div class=\"elementor-element elementor-element-d6c73f9 elementor-widget elementor-widget-heading\" data-id=\"d6c73f9\" data-element_type=\"widget\" data-e-type=\"widget\" id=\"fonte\" data-widget_type=\"heading.default\">\n\t\t\t\t<div class=\"elementor-widget-container\">\n\t\t\t\t\t<div class=\"elementor-heading-title elementor-size-default\">Nenhum perto de ti?<\/div>\t\t\t\t<\/div>\n\t\t\t\t<\/div>\n\t\t\t\t<div class=\"elementor-element elementor-element-8922351 elementor-widget elementor-widget-heading\" data-id=\"8922351\" data-element_type=\"widget\" data-e-type=\"widget\" data-widget_type=\"heading.default\">\n\t\t\t\t<div class=\"elementor-widget-container\">\n\t\t\t\t\t<h3 class=\"elementor-heading-title elementor-size-default\">N\u00e3o se preocupe, vamos busc\u00e1-lo em casa. \nVai demorar um pouco mais, e vai custar um pouco mais para o transporte se a sua\nrepara\u00e7\u00e3o n\u00e3o estiver dentro da garantia, mas ter\u00e1 a sua scooter em poucos dias,\n perfeitamente reparada e em forma.\n<b>Solicite a recolha e repara\u00e7\u00e3o<\/b> preenchendo este formul\u00e1rio simples.<\/h3>\t\t\t\t<\/div>\n\t\t\t\t<\/div>\n\t\t\t\t<div class=\"elementor-element elementor-element-260d54a elementor-align-left elementor-widget__width-auto elementor-mobile-align-justify elementor-widget-mobile__width-inherit bigsvg elementor-widget elementor-widget-button\" data-id=\"260d54a\" data-element_type=\"widget\" data-e-type=\"widget\" data-widget_type=\"button.default\">\n\t\t\t\t<div class=\"elementor-widget-container\">\n\t\t\t\t\t\t\t\t\t<div class=\"elementor-button-wrapper\">\n\t\t\t\t\t<a class=\"elementor-button elementor-button-link elementor-size-xl elementor-animation-bounce-in\" href=\"https:\/\/zwheel.com\/pt-pt\/precisas-de-uma-reparacao\/\">\n\t\t\t\t\t\t<span class=\"elementor-button-content-wrapper\">\n\t\t\t\t\t\t<span class=\"elementor-button-icon\">\n\t\t\t\t<svg xmlns:inkscape=\"http:\/\/www.inkscape.org\/namespaces\/inkscape\" xmlns:sodipodi=\"http:\/\/sodipodi.sourceforge.net\/DTD\/sodipodi-0.dtd\" xmlns=\"http:\/\/www.w3.org\/2000\/svg\" xmlns:svg=\"http:\/\/www.w3.org\/2000\/svg\" id=\"svg2\" width=\"52.680401\" height=\"28.205067\" viewBox=\"0 0 52.680401 28.205067\" sodipodi:docname=\"flederB.ai\"><defs id=\"defs6\"><clipPath id=\"clipPath16\"><path d=\"M 0,21.154 H 39.51 V 0 H 0 Z\" id=\"path14\"><\/path><\/clipPath><\/defs><g id=\"g8\" inkscape:groupmode=\"layer\" inkscape:label=\"flederB\" transform=\"matrix(1.3333333,0,0,-1.3333333,0,28.205067)\"><g id=\"g10\"><g id=\"g12\" clip-path=\"url(#clipPath16)\"><g id=\"g18\" transform=\"translate(28.6841,0.9893)\"><path d=\"M 0,0 9.433,9.433 0,18.863\" style=\"fill:none;stroke:#ffffff;stroke-width:1;stroke-linecap:round;stroke-linejoin:miter;stroke-miterlimit:10;stroke-dasharray:none;stroke-opacity:1\" id=\"path20\"><\/path><\/g><g id=\"g22\" transform=\"translate(1.3062,10.4219)\"><path d=\"M 0,0 H 36.811\" style=\"fill:none;stroke:#ffffff;stroke-width:1;stroke-linecap:round;stroke-linejoin:miter;stroke-miterlimit:10;stroke-dasharray:none;stroke-opacity:1\" id=\"path24\"><\/path><\/g><\/g><\/g><\/g><\/svg>\t\t\t<\/span>\n\t\t\t\t\t\t\t\t\t<span class=\"elementor-button-text\">Ir para o formul\u00e1rio<\/span>\n\t\t\t\t\t<\/span>\n\t\t\t\t\t<\/a>\n\t\t\t\t<\/div>\n\t\t\t\t\t\t\t\t<\/div>\n\t\t\t\t<\/div>\n\t\t\t\t\t<\/div>\n\t\t<\/div>\n\t\t\t\t\t<\/div>\n\t\t<\/section>\n\t\t\t\t<\/div>\n\t\t","protected":false},"excerpt":{"rendered":"<p>DESCUBRA A NOSSA REDE DE SERVI\u00c7OS OFICIAIS DE SUPORTE T\u00c9CNICO ZWHEEL A Zwheel disp\u00f5e de pontos de Servi\u00e7o Oficial de Assist\u00eancia T\u00e9cnica distribu\u00eddos por v\u00e1rios pontos do territ\u00f3rio nacional. Consulte o ponto de assist\u00eancia mais pr\u00f3ximo para uma repara\u00e7\u00e3o ainda mais r\u00e1pida e personalizada. Nenhum perto de ti? N\u00e3o se preocupe, vamos busc\u00e1-lo em casa. [&hellip;]<\/p>\n","protected":false},"author":1,"featured_media":0,"parent":0,"menu_order":0,"comment_status":"closed","ping_status":"closed","template":"page-templates\/pagebuilder.php","meta":{"zakra_page_container_layout":"customizer","zakra_page_sidebar_layout":"customizer","zakra_remove_content_margin":false,"zakra_sidebar":"customizer","zakra_transparent_header":"1","zakra_logo":16144,"zakra_main_header_style":"default","zakra_menu_item_color":"","zakra_menu_item_hover_color":"","zakra_menu_item_active_color":"","zakra_menu_active_style":"","zakra_page_header":true,"inline_featured_image":false,"footnotes":""},"class_list":["post-12554","page","type-page","status-publish","hentry"],"_links":{"self":[{"href":"https:\/\/es.zwheel.com\/pt-pt\/wp-json\/wp\/v2\/pages\/12554","targetHints":{"allow":["GET"]}}],"collection":[{"href":"https:\/\/es.zwheel.com\/pt-pt\/wp-json\/wp\/v2\/pages"}],"about":[{"href":"https:\/\/es.zwheel.com\/pt-pt\/wp-json\/wp\/v2\/types\/page"}],"author":[{"embeddable":true,"href":"https:\/\/es.zwheel.com\/pt-pt\/wp-json\/wp\/v2\/users\/1"}],"replies":[{"embeddable":true,"href":"https:\/\/es.zwheel.com\/pt-pt\/wp-json\/wp\/v2\/comments?post=12554"}],"version-history":[{"count":1,"href":"https:\/\/es.zwheel.com\/pt-pt\/wp-json\/wp\/v2\/pages\/12554\/revisions"}],"predecessor-version":[{"id":16143,"href":"https:\/\/es.zwheel.com\/pt-pt\/wp-json\/wp\/v2\/pages\/12554\/revisions\/16143"}],"wp:attachment":[{"href":"https:\/\/es.zwheel.com\/pt-pt\/wp-json\/wp\/v2\/media?parent=12554"}],"curies":[{"name":"wp","href":"https:\/\/api.w.org\/{rel}","templated":true}]}}