{"id":12536,"date":"2024-01-09T11:54:16","date_gmt":"2024-01-09T10:54:16","guid":{"rendered":"https:\/\/zwheel.com\/carrinho-de-compras\/"},"modified":"2025-07-15T13:52:22","modified_gmt":"2025-07-15T11:52:22","slug":"carrinho-de-compras","status":"publish","type":"page","link":"https:\/\/es.zwheel.com\/pt-pt\/carrinho-de-compras\/","title":{"rendered":"Carrinho de compras"},"content":{"rendered":"\n<div data-block-name=\"woocommerce\/cart\" class=\"wp-block-woocommerce-cart alignwide is-loading\">\n<div data-block-name=\"woocommerce\/filled-cart-block\" class=\"wp-block-woocommerce-filled-cart-block\">\n<div data-block-name=\"woocommerce\/cart-items-block\" class=\"wp-block-woocommerce-cart-items-block\">\n<div data-block-name=\"woocommerce\/cart-line-items-block\" class=\"wp-block-woocommerce-cart-line-items-block\"><\/div>\n\n\n\n<div data-block-name=\"woocommerce\/cart-cross-sells-block\" class=\"wp-block-woocommerce-cart-cross-sells-block\">\n<h2 class=\"wp-block-heading has-large-font-size\">Conclua a sua compra<\/h2>\n\n\n\n<div data-block-name=\"woocommerce\/cart-cross-sells-products-block\" data-columns=\"6\" class=\"wp-block-woocommerce-cart-cross-sells-products-block\"><\/div>\n\n\n\n<div style=\"height:30px\" aria-hidden=\"true\" class=\"wp-block-spacer\"><\/div>\n\n\n\n<h2 class=\"wp-block-heading\">Quer mais op\u00e7\u00f5es?<\/h2>\n\n\n\n<p>Temos mais cores e modelos. Temos tamb\u00e9m outros acess\u00f3rios sensacionais para adicionar seguran\u00e7a, visibilidade ou completar o seu look. <\/p>\n\n\n\n<div class=\"wp-block-buttons is-layout-flex wp-block-buttons-is-layout-flex\">\n<div class=\"wp-block-button has-custom-width wp-block-button__width-25 has-custom-font-size is-style-outline has-small-font-size is-style-outline--1\"><a class=\"wp-block-button__link has-white-color has-black-background-color has-text-color has-background has-link-color has-text-align-center wp-element-button\" href=\"https:\/\/zwheel.com\/accesorios\/\" style=\"border-width:1px;border-radius:50px;padding-top:var(--wp--preset--spacing--30);padding-right:var(--wp--preset--spacing--30);padding-bottom:var(--wp--preset--spacing--30);padding-left:var(--wp--preset--spacing--30)\">Acess\u00f3rios<\/a><\/div>\n<\/div>\n\n\n\n<div style=\"height:50px\" aria-hidden=\"true\" class=\"wp-block-spacer\"><\/div>\n<\/div>\n<\/div>\n\n\n\n<div data-block-name=\"woocommerce\/cart-totals-block\" class=\"wp-block-woocommerce-cart-totals-block\">\n<p><\/p>\n\n\n\n<div data-block-name=\"woocommerce\/cart-order-summary-block\" class=\"wp-block-woocommerce-cart-order-summary-block\">\n<div data-block-name=\"woocommerce\/cart-order-summary-heading-block\" data-content=\"Totais do carrinho\" class=\"wp-block-woocommerce-cart-order-summary-heading-block\"><\/div>\n\n\n\n<div data-block-name=\"woocommerce\/cart-order-summary-coupon-form-block\" class=\"wp-block-woocommerce-cart-order-summary-coupon-form-block\"><\/div>\n\n\n\n<div data-block-name=\"woocommerce\/cart-order-summary-totals-block\" class=\"wp-block-woocommerce-cart-order-summary-totals-block\">\n<div data-block-name=\"woocommerce\/cart-order-summary-subtotal-block\" class=\"wp-block-woocommerce-cart-order-summary-subtotal-block\"><\/div>\n\n\n\n<div data-block-name=\"woocommerce\/cart-order-summary-fee-block\" class=\"wp-block-woocommerce-cart-order-summary-fee-block\"><\/div>\n\n\n\n<div data-block-name=\"woocommerce\/cart-order-summary-discount-block\" class=\"wp-block-woocommerce-cart-order-summary-discount-block\"><\/div>\n\n\n\n<div data-block-name=\"woocommerce\/cart-order-summary-shipping-block\" class=\"wp-block-woocommerce-cart-order-summary-shipping-block\"><\/div>\n\n\n\n<div data-block-name=\"woocommerce\/cart-order-summary-taxes-block\" class=\"wp-block-woocommerce-cart-order-summary-taxes-block\"><\/div>\n<\/div>\n<\/div>\n\n\n\n\n\n<div data-block-name=\"woocommerce\/cart-express-payment-block\" class=\"wp-block-woocommerce-cart-express-payment-block\"><\/div>\n\n\n\n<div data-block-name=\"woocommerce\/proceed-to-checkout-block\" class=\"wp-block-woocommerce-proceed-to-checkout-block\"><\/div>\n\n\n\n<div data-block-name=\"woocommerce\/cart-accepted-payment-methods-block\" class=\"wp-block-woocommerce-cart-accepted-payment-methods-block\"><\/div>\n\n\n\n<p><strong>Informa\u00e7\u00e3o<\/strong><br\/><a href=\"https:\/\/zwheel.com\/formas-de-pago\/\">M\u00e9todos de pagamento<\/a><br\/><a href=\"https:\/\/zwheel.com\/condiciones-de-envio-y-transporte\/\">Condi\u00e7\u00f5es de envio e transporte<\/a><br\/><a href=\"https:\/\/zwheel.com\/condiciones-de-devolucion-y-reembolso\/\">Direito de devolu\u00e7\u00e3o e reembolso<\/a><br\/><\/p>\n<\/div>\n<\/div>\n\n\n\n<div data-block-name=\"woocommerce\/empty-cart-block\" class=\"wp-block-woocommerce-empty-cart-block\">\n<h2 class=\"wp-block-heading has-text-align-center with-empty-cart-icon wc-block-cart__empty-cart__title\">Seu carrinho est\u00e1 vazio no momento!<\/h2>\n\n\n\n<hr class=\"wp-block-separator has-alpha-channel-opacity is-style-dots\"\/>\n\n\n\n<h2 class=\"wp-block-heading has-text-align-center\">Novo na loja<\/h2>\n\n\n<div data-block-name=\"woocommerce\/product-new\" data-columns=\"4\" data-rows=\"1\" class=\"wc-block-grid wp-block-product-new wp-block-woocommerce-product-new wc-block-product-new has-4-columns\"><ul class=\"wc-block-grid__products\"><li class=\"wc-block-grid__product\"><span class=\"gtm4wp_productdata\" style=\"display:none; visibility:hidden;\" data-gtm4wp_product_data=\"{&quot;internal_id&quot;:19541,&quot;item_id&quot;:19541,&quot;item_name&quot;:&quot;Activaci\\u00f3n Matr\\u00edcula&quot;,&quot;sku&quot;:19541,&quot;price&quot;:2,&quot;stocklevel&quot;:null,&quot;stockstatus&quot;:&quot;instock&quot;,&quot;google_business_vertical&quot;:&quot;retail&quot;,&quot;item_category&quot;:&quot;Accesorios&quot;,&quot;id&quot;:19541,&quot;item_brand&quot;:&quot;Accesorios&quot;,&quot;productlink&quot;:&quot;https:\\\/\\\/es.zwheel.com\\\/pt-pt\\\/tienda\\\/acessorios\\\/abono-matricula\\\/&quot;,&quot;item_list_name&quot;:&quot;General Product List&quot;,&quot;index&quot;:0,&quot;product_type&quot;:&quot;simple&quot;}\"><\/span>\n\t\t\t\t<a href=\"https:\/\/es.zwheel.com\/pt-pt\/tienda\/acessorios\/abono-matricula\/\" class=\"wc-block-grid__product-link\">\n\t\t\t\t\t\n\t\t\t\t\t<div class=\"wc-block-grid__product-image\"><img fetchpriority=\"high\" decoding=\"async\" width=\"1080\" height=\"608\" src=\"https:\/\/es.zwheel.com\/wp-content\/uploads\/2026\/03\/Tutorial-matriculas_HORIZONTAL_FRAME01-1080x608.jpg\" class=\"attachment-woocommerce_thumbnail size-woocommerce_thumbnail\" alt=\"Activaci\u00f3n Matr\u00edcula\" srcset=\"https:\/\/es.zwheel.com\/wp-content\/uploads\/2026\/03\/Tutorial-matriculas_HORIZONTAL_FRAME01-1080x608.jpg 1080w, https:\/\/es.zwheel.com\/wp-content\/uploads\/2026\/03\/Tutorial-matriculas_HORIZONTAL_FRAME01-300x169.jpg 300w, https:\/\/es.zwheel.com\/wp-content\/uploads\/2026\/03\/Tutorial-matriculas_HORIZONTAL_FRAME01-1024x576.jpg 1024w, https:\/\/es.zwheel.com\/wp-content\/uploads\/2026\/03\/Tutorial-matriculas_HORIZONTAL_FRAME01-768x432.jpg 768w, https:\/\/es.zwheel.com\/wp-content\/uploads\/2026\/03\/Tutorial-matriculas_HORIZONTAL_FRAME01-1536x864.jpg 1536w, https:\/\/es.zwheel.com\/wp-content\/uploads\/2026\/03\/Tutorial-matriculas_HORIZONTAL_FRAME01.jpg 1920w\" sizes=\"(max-width: 1080px) 100vw, 1080px\" \/><\/div>\n\t\t\t\t\t<div class=\"wc-block-grid__product-title\">Activaci\u00f3n Matr\u00edcula<\/div>\n\t\t\t\t<\/a>\n\t\t\t\t<div class=\"wc-block-grid__product-price price\"><span class=\"woocommerce-Price-amount amount\">2,00&nbsp;<span class=\"woocommerce-Price-currencySymbol\">&euro;<\/span><\/span> <small class=\"woocommerce-price-suffix\">Impostos inclu\u00eddos<\/small><\/div>\n\t\t\t\t\n\t\t\t\t<div class=\"wp-block-button wc-block-grid__product-add-to-cart\"><a href=\"\/pt-pt\/wp-json\/wp\/v2\/pages\/12536?add-to-cart=19541\" aria-label=\"Adiciona ao carrinho: &ldquo;Activaci\u00f3n Matr\u00edcula&rdquo;\" data-quantity=\"1\" data-product_id=\"19541\" data-product_sku=\"\" data-price=\"2\" rel=\"nofollow\" class=\"wp-block-button__link  add_to_cart_button ajax_add_to_cart\">A\u00f1adir a tu carrito<\/a><\/div>\n\t\t\t<\/li><li class=\"wc-block-grid__product\"><span class=\"gtm4wp_productdata\" style=\"display:none; visibility:hidden;\" data-gtm4wp_product_data=\"{&quot;internal_id&quot;:18972,&quot;item_id&quot;:18972,&quot;item_name&quot;:&quot;Matr\\u00edcula adhesiva DGT - Todos los patinetes&quot;,&quot;sku&quot;:18972,&quot;price&quot;:15.99,&quot;stocklevel&quot;:null,&quot;stockstatus&quot;:&quot;instock&quot;,&quot;google_business_vertical&quot;:&quot;retail&quot;,&quot;item_category&quot;:&quot;Accesorios&quot;,&quot;id&quot;:18972,&quot;item_brand&quot;:&quot;Accesorios&quot;,&quot;productlink&quot;:&quot;https:\\\/\\\/es.zwheel.com\\\/pt-pt\\\/tienda\\\/acessorios\\\/matricula-dgt-patinetes-nozwheel\\\/&quot;,&quot;item_list_name&quot;:&quot;General Product List&quot;,&quot;index&quot;:0,&quot;product_type&quot;:&quot;simple&quot;}\"><\/span>\n\t\t\t\t<a href=\"https:\/\/es.zwheel.com\/pt-pt\/tienda\/acessorios\/matricula-dgt-patinetes-nozwheel\/\" class=\"wc-block-grid__product-link\">\n\t\t\t\t\t\n\t\t\t\t\t<div class=\"wc-block-grid__product-image\"><img decoding=\"async\" width=\"1080\" height=\"1080\" src=\"https:\/\/es.zwheel.com\/wp-content\/uploads\/2026\/03\/matricula_producto-web-1080x1080.png\" class=\"attachment-woocommerce_thumbnail size-woocommerce_thumbnail\" alt=\"Matr\u00edcula adhesiva DGT - Todos los patinetes\" srcset=\"https:\/\/es.zwheel.com\/wp-content\/uploads\/2026\/03\/matricula_producto-web-1080x1080.png 1080w, https:\/\/es.zwheel.com\/wp-content\/uploads\/2026\/03\/matricula_producto-web-300x300.png 300w, https:\/\/es.zwheel.com\/wp-content\/uploads\/2026\/03\/matricula_producto-web-1024x1024.png 1024w, https:\/\/es.zwheel.com\/wp-content\/uploads\/2026\/03\/matricula_producto-web-150x150.png 150w, https:\/\/es.zwheel.com\/wp-content\/uploads\/2026\/03\/matricula_producto-web-768x768.png 768w, https:\/\/es.zwheel.com\/wp-content\/uploads\/2026\/03\/matricula_producto-web-1536x1536.png 1536w, https:\/\/es.zwheel.com\/wp-content\/uploads\/2026\/03\/matricula_producto-web-2048x2048.png 2048w, https:\/\/es.zwheel.com\/wp-content\/uploads\/2026\/03\/matricula_producto-web-100x100.png 100w\" sizes=\"(max-width: 1080px) 100vw, 1080px\" \/><\/div>\n\t\t\t\t\t<div class=\"wc-block-grid__product-title\">Matr\u00edcula adhesiva DGT &#8211; Todos los patinetes<\/div>\n\t\t\t\t<\/a>\n\t\t\t\t<div class=\"wc-block-grid__product-price price\"><span class=\"woocommerce-Price-amount amount\">15,99&nbsp;<span class=\"woocommerce-Price-currencySymbol\">&euro;<\/span><\/span> <small class=\"woocommerce-price-suffix\">Impostos inclu\u00eddos<\/small><\/div>\n\t\t\t\t\n\t\t\t\t<div class=\"wp-block-button wc-block-grid__product-add-to-cart\"><a href=\"\/pt-pt\/wp-json\/wp\/v2\/pages\/12536?add-to-cart=18972\" aria-label=\"Adiciona ao carrinho: &ldquo;Matr\u00edcula adhesiva DGT - Todos los patinetes&rdquo;\" data-quantity=\"1\" data-product_id=\"18972\" data-product_sku=\"\" data-price=\"15.99\" rel=\"nofollow\" class=\"wp-block-button__link  add_to_cart_button ajax_add_to_cart\">A\u00f1adir a tu carrito<\/a><\/div>\n\t\t\t<\/li><li class=\"wc-block-grid__product\"><span class=\"gtm4wp_productdata\" style=\"display:none; visibility:hidden;\" data-gtm4wp_product_data=\"{&quot;internal_id&quot;:18892,&quot;item_id&quot;:&quot;ZA1668&quot;,&quot;item_name&quot;:&quot;Matr\\u00edcula adhesiva DGT - OFERTA PARA ZWHEEL&quot;,&quot;sku&quot;:&quot;ZA1668&quot;,&quot;price&quot;:13.99,&quot;stocklevel&quot;:null,&quot;stockstatus&quot;:&quot;instock&quot;,&quot;google_business_vertical&quot;:&quot;retail&quot;,&quot;item_category&quot;:&quot;Accesorios&quot;,&quot;id&quot;:&quot;ZA1668&quot;,&quot;item_brand&quot;:&quot;Accesorios&quot;,&quot;productlink&quot;:&quot;https:\\\/\\\/es.zwheel.com\\\/pt-pt\\\/tienda\\\/acessorios\\\/matricula-dgt-patinetes-zwheel\\\/&quot;,&quot;item_list_name&quot;:&quot;General Product List&quot;,&quot;index&quot;:0,&quot;product_type&quot;:&quot;simple&quot;}\"><\/span>\n\t\t\t\t<a href=\"https:\/\/es.zwheel.com\/pt-pt\/tienda\/acessorios\/matricula-dgt-patinetes-zwheel\/\" class=\"wc-block-grid__product-link\">\n\t\t\t\t\t\n\t\t\t\t\t<div class=\"wc-block-grid__product-image\"><img decoding=\"async\" width=\"1080\" height=\"1080\" src=\"https:\/\/es.zwheel.com\/wp-content\/uploads\/2026\/03\/matricula_producto-web-1080x1080.png\" class=\"attachment-woocommerce_thumbnail size-woocommerce_thumbnail\" alt=\"Matr\u00edcula adhesiva DGT - OFERTA PARA ZWHEEL\" srcset=\"https:\/\/es.zwheel.com\/wp-content\/uploads\/2026\/03\/matricula_producto-web-1080x1080.png 1080w, https:\/\/es.zwheel.com\/wp-content\/uploads\/2026\/03\/matricula_producto-web-300x300.png 300w, https:\/\/es.zwheel.com\/wp-content\/uploads\/2026\/03\/matricula_producto-web-1024x1024.png 1024w, https:\/\/es.zwheel.com\/wp-content\/uploads\/2026\/03\/matricula_producto-web-150x150.png 150w, https:\/\/es.zwheel.com\/wp-content\/uploads\/2026\/03\/matricula_producto-web-768x768.png 768w, https:\/\/es.zwheel.com\/wp-content\/uploads\/2026\/03\/matricula_producto-web-1536x1536.png 1536w, https:\/\/es.zwheel.com\/wp-content\/uploads\/2026\/03\/matricula_producto-web-2048x2048.png 2048w, https:\/\/es.zwheel.com\/wp-content\/uploads\/2026\/03\/matricula_producto-web-100x100.png 100w\" sizes=\"(max-width: 1080px) 100vw, 1080px\" \/><\/div>\n\t\t\t\t\t<div class=\"wc-block-grid__product-title\">Matr\u00edcula adhesiva DGT &#8211; OFERTA PARA ZWHEEL<\/div>\n\t\t\t\t<\/a>\n\t\t\t\t<div class=\"wc-block-grid__product-price price\"><span class=\"woocommerce-Price-amount amount\">13,99&nbsp;<span class=\"woocommerce-Price-currencySymbol\">&euro;<\/span><\/span> <small class=\"woocommerce-price-suffix\">Impostos inclu\u00eddos<\/small><\/div>\n\t\t\t\t\n\t\t\t\t<div class=\"wp-block-button wc-block-grid__product-add-to-cart\"><a href=\"\/pt-pt\/wp-json\/wp\/v2\/pages\/12536?add-to-cart=18892\" aria-label=\"Adiciona ao carrinho: &ldquo;Matr\u00edcula adhesiva DGT - OFERTA PARA ZWHEEL&rdquo;\" data-quantity=\"1\" data-product_id=\"18892\" data-product_sku=\"ZA1668\" data-price=\"13.99\" rel=\"nofollow\" class=\"wp-block-button__link  add_to_cart_button ajax_add_to_cart\">A\u00f1adir a tu carrito<\/a><\/div>\n\t\t\t<\/li><li class=\"wc-block-grid__product\"><span class=\"gtm4wp_productdata\" style=\"display:none; visibility:hidden;\" data-gtm4wp_product_data=\"{&quot;internal_id&quot;:18718,&quot;item_id&quot;:18718,&quot;item_name&quot;:&quot;ZToy&quot;,&quot;sku&quot;:18718,&quot;price&quot;:169,&quot;stocklevel&quot;:null,&quot;stockstatus&quot;:&quot;instock&quot;,&quot;google_business_vertical&quot;:&quot;retail&quot;,&quot;item_category&quot;:&quot;ZToy&quot;,&quot;id&quot;:18718,&quot;item_brand&quot;:&quot;ZToy&quot;,&quot;productlink&quot;:&quot;https:\\\/\\\/es.zwheel.com\\\/pt-pt\\\/tienda\\\/ztoy\\\/ztoy\\\/&quot;,&quot;item_list_name&quot;:&quot;General Product List&quot;,&quot;index&quot;:0,&quot;product_type&quot;:&quot;variable&quot;}\"><\/span>\n\t\t\t\t<a href=\"https:\/\/es.zwheel.com\/pt-pt\/tienda\/ztoy\/ztoy\/\" class=\"wc-block-grid__product-link\">\n\t\t\t\t\t<div class=\"wc-block-grid__product-onsale\">\n\t\t\t<span aria-hidden=\"true\">Promo\u00e7\u00e3o<\/span>\n\t\t\t<span class=\"screen-reader-text\">Produto em promo\u00e7\u00e3o<\/span>\n\t\t<\/div>\n\t\t\t\t\t<div class=\"wc-block-grid__product-image\"><img loading=\"lazy\" decoding=\"async\" width=\"1080\" height=\"1080\" src=\"https:\/\/es.zwheel.com\/wp-content\/uploads\/2026\/03\/67-1080x1080.png\" class=\"attachment-woocommerce_thumbnail size-woocommerce_thumbnail\" alt=\"ZToy\" srcset=\"https:\/\/es.zwheel.com\/wp-content\/uploads\/2026\/03\/67-1080x1080.png 1080w, https:\/\/es.zwheel.com\/wp-content\/uploads\/2026\/03\/67-300x300.png 300w, https:\/\/es.zwheel.com\/wp-content\/uploads\/2026\/03\/67-1024x1024.png 1024w, https:\/\/es.zwheel.com\/wp-content\/uploads\/2026\/03\/67-150x150.png 150w, https:\/\/es.zwheel.com\/wp-content\/uploads\/2026\/03\/67-768x768.png 768w, https:\/\/es.zwheel.com\/wp-content\/uploads\/2026\/03\/67-1536x1536.png 1536w, https:\/\/es.zwheel.com\/wp-content\/uploads\/2026\/03\/67-2048x2048.png 2048w, https:\/\/es.zwheel.com\/wp-content\/uploads\/2026\/03\/67-100x100.png 100w\" sizes=\"(max-width: 1080px) 100vw, 1080px\" \/><\/div>\n\t\t\t\t\t<div class=\"wc-block-grid__product-title\">ZToy<\/div>\n\t\t\t\t<\/a>\n\t\t\t\t<div class=\"wc-block-grid__product-price price\"><del aria-hidden=\"true\"><span class=\"woocommerce-Price-amount amount\">199,00&nbsp;<span class=\"woocommerce-Price-currencySymbol\">&euro;<\/span><\/span><\/del> <span class=\"screen-reader-text\">O pre\u00e7o original era: 199,00&nbsp;&euro;.<\/span><ins aria-hidden=\"true\"><span class=\"woocommerce-Price-amount amount\">169,00&nbsp;<span class=\"woocommerce-Price-currencySymbol\">&euro;<\/span><\/span><\/ins><span class=\"screen-reader-text\">O pre\u00e7o atual \u00e9: 169,00&nbsp;&euro;.<\/span> <small class=\"woocommerce-price-suffix\">Impostos inclu\u00eddos<\/small><\/div>\n\t\t\t\t\n\t\t\t\t<div class=\"wp-block-button wc-block-grid__product-add-to-cart\"><a href=\"https:\/\/es.zwheel.com\/pt-pt\/tienda\/ztoy\/ztoy\/\" aria-label=\"Seleccione as op\u00e7\u00f5es para &ldquo;ZToy&rdquo;\" data-quantity=\"1\" data-product_id=\"18718\" data-product_sku=\"\" data-price=\"169\" rel=\"nofollow\" class=\"wp-block-button__link  add_to_cart_button\">Ver op\u00e7\u00f5es<\/a><\/div>\n\t\t\t<\/li><\/ul><\/div><\/div>\n<\/div>\n","protected":false},"excerpt":{"rendered":"","protected":false},"author":1,"featured_media":0,"parent":0,"menu_order":0,"comment_status":"closed","ping_status":"closed","template":"","meta":{"zakra_page_container_layout":"customizer","zakra_page_sidebar_layout":"customizer","zakra_remove_content_margin":false,"zakra_sidebar":"customizer","zakra_transparent_header":"customizer","zakra_logo":0,"zakra_main_header_style":"default","zakra_menu_item_color":"","zakra_menu_item_hover_color":"","zakra_menu_item_active_color":"","zakra_menu_active_style":"","zakra_page_header":true,"inline_featured_image":false,"footnotes":""},"class_list":["post-12536","page","type-page","status-publish","hentry"],"_links":{"self":[{"href":"https:\/\/es.zwheel.com\/pt-pt\/wp-json\/wp\/v2\/pages\/12536","targetHints":{"allow":["GET"]}}],"collection":[{"href":"https:\/\/es.zwheel.com\/pt-pt\/wp-json\/wp\/v2\/pages"}],"about":[{"href":"https:\/\/es.zwheel.com\/pt-pt\/wp-json\/wp\/v2\/types\/page"}],"author":[{"embeddable":true,"href":"https:\/\/es.zwheel.com\/pt-pt\/wp-json\/wp\/v2\/users\/1"}],"replies":[{"embeddable":true,"href":"https:\/\/es.zwheel.com\/pt-pt\/wp-json\/wp\/v2\/comments?post=12536"}],"version-history":[{"count":0,"href":"https:\/\/es.zwheel.com\/pt-pt\/wp-json\/wp\/v2\/pages\/12536\/revisions"}],"wp:attachment":[{"href":"https:\/\/es.zwheel.com\/pt-pt\/wp-json\/wp\/v2\/media?parent=12536"}],"curies":[{"name":"wp","href":"https:\/\/api.w.org\/{rel}","templated":true}]}}