{"id":12534,"date":"2024-04-30T12:36:51","date_gmt":"2024-04-30T10:36:51","guid":{"rendered":"https:\/\/zwheel.com\/condicoes-de-devolucao-e-reembolso\/"},"modified":"2025-07-15T13:49:20","modified_gmt":"2025-07-15T11:49:20","slug":"condicoes-de-devolucao-e-reembolso","status":"publish","type":"page","link":"https:\/\/es.zwheel.com\/pt-pt\/condicoes-de-devolucao-e-reembolso\/","title":{"rendered":"Condi\u00e7\u00f5es de Devolu\u00e7\u00e3o e Reembolso"},"content":{"rendered":"\n<h2 class=\"wp-block-heading\"><br\/><strong>O regresso<\/strong><\/h2>\n\n<p>O cliente deve devolver o produto \u00e0 ZAMELUX GREEN SL, atrav\u00e9s do m\u00e9todo de envio que melhor lhe convier (correio ou empresa postal), para a morada <strong>Carrer de la Riera Roja 12, 08830 Sant Boi de Llobregat, Barcelona,<\/strong> sem demora injustificada e, em qualquer caso, no prazo m\u00e1ximo de <strong>catorze dias de calend\u00e1rio<\/strong> a contar da data em que o direito de resolu\u00e7\u00e3o do contrato \u00e9 formalizado. O prazo ser\u00e1 considerado cumprido se o cliente devolver o produto antes do final do per\u00edodo. <\/p>\n\n<p>Ter\u00e1 de suportar os custos diretos da devolu\u00e7\u00e3o dos bens.<\/p>\n\n<p>Portanto, para evitar problemas no transporte, certifique-se de que a embalagem est\u00e1 devidamente protegida e selada. Uma vez recebidos, verificaremos o seu estado. <\/p>\n\n<p>S\u00f3 ser\u00e1 respons\u00e1vel pela diminui\u00e7\u00e3o do valor dos bens resultante de manipula\u00e7\u00f5es diferentes das necess\u00e1rias para determinar a natureza, as caracter\u00edsticas e o funcionamento dos bens.<\/p>\n\n<h2 class=\"wp-block-heading\"><br\/><strong>Reembolso do pagamento<\/strong><\/h2>\n\n<p>O reembolso dos valores recebidos pelo cliente ser\u00e1 efetuado utilizando o mesmo meio de pagamento utilizado pelo cliente, desde que n\u00e3o tenha sido fornecido de outra forma.<\/p>\n\n<p>A ZAMELUX GREEN SL poder\u00e1 reter o reembolso at\u00e9 ter recebido o produto, motivo da desist\u00eancia, ou at\u00e9 que o cliente forne\u00e7a prova de devolu\u00e7\u00e3o do mesmo, dependendo de qual condi\u00e7\u00e3o for atendida primeiro.<\/p>\n\n<h2 class=\"wp-block-heading\"><br\/><strong>Devolu\u00e7\u00e3o do produto defeituoso<\/strong><\/h2>\n\n<p>No caso de o produto n\u00e3o estar em boas condi\u00e7\u00f5es e as causas imput\u00e1veis a ele n\u00e3o serem o resultado do cliente, o cliente ter\u00e1 o direito de devolver o produto, informando a ZAMELUX GREEN SL do motivo da devolu\u00e7\u00e3o atrav\u00e9s de qualquer um dos meios previstos nestas condi\u00e7\u00f5es contratuais, e sem nenhum custo para o cliente.<\/p>\n\n<p>Esta devolu\u00e7\u00e3o devido a defeito ou mau estado do produto n\u00e3o ser\u00e1 considerada um direito de rescis\u00e3o. A ZAMELUX GREEN SL compromete-se a assumir o custo da devolu\u00e7\u00e3o e a devolver o produto por um novo de acordo com as condi\u00e7\u00f5es aceites no momento da venda. Se o cliente desejar registrar uma reclama\u00e7\u00e3o, o estabelecimento da ZAMELUX GREEN SL est\u00e1 localizado na Avinguda de la Mare de D\u00e9u de Montserrat, 4, 08970 Sant Joan Desp\u00ed, Barcelona ou atrav\u00e9s do info@zwheel-shop.com de e-mail.  <\/p>\n\n<div style=\"height:100px\" aria-hidden=\"true\" class=\"wp-block-spacer\"><\/div>\n\n<h2 class=\"wp-block-heading\">Direito de desist\u00eancia da compra e reclama\u00e7\u00f5es<\/h2>\n\n<p>O comprador ter\u00e1 um prazo de catorze dias corridos para desistir, a partir do dia em que o cliente receber o produto, sem qualquer penaliza\u00e7\u00e3o e sem indicar os motivos.<\/p>\n\n<p>Para exercer o direito de rescis\u00e3o, voc\u00ea deve notificar a ZAMELUX GREEN SL por e-mail info@zwheel-shop.com, em nosso endere\u00e7o postal Avinguda de la Mare de D\u00e9u de Montserrat, 4, 08970 Sant Joan Desp\u00ed, Barcelona ou pelo telefone +34 93 49 73 147 de sua decis\u00e3o de rescindir o contrato por meio de uma declara\u00e7\u00e3o inequ\u00edvoca (por exemplo,  uma carta enviada por correio, fax ou e-mail).<\/p>\n\n<p>Pode utilizar o modelo de formul\u00e1rio de resolu\u00e7\u00e3o abaixo, embora a sua utiliza\u00e7\u00e3o n\u00e3o seja obrigat\u00f3ria.<\/p>\n\n<p>Voc\u00ea tamb\u00e9m tem a op\u00e7\u00e3o de preencher e enviar eletronicamente o modelo de formul\u00e1rio de retirada ou qualquer outra declara\u00e7\u00e3o inequ\u00edvoca atrav\u00e9s do nosso site https:\/\/zwheel-shop.com\/. Se utilizar esta op\u00e7\u00e3o, notific\u00e1-lo-emos sem demora num suporte duradouro (por exemplo, por e-mail) da rece\u00e7\u00e3o desse levantamento.<\/p>\n\n<p>De acordo com o disposto no artigo 103.\u00ba da Lei n.\u00ba 3\/2014, de 27 de mar\u00e7o, que altera o texto revisto da Lei Geral de Defesa dos Consumidores e Utilizadores, as presta\u00e7\u00f5es de servi\u00e7os ou de bens efetuadas de acordo com as especifica\u00e7\u00f5es do consumidor ou claramente personalizadas ou suscet\u00edveis de se deteriorarem ou caducarem rapidamente,  est\u00e3o isentos de retirada.<\/p>\n\n<p><strong>Modelo de formul\u00e1rio de retrata\u00e7\u00e3o<\/strong><\/p>\n\n<p>Modelo de formul\u00e1rio de retrata\u00e7\u00e3o (s\u00f3 tem de preencher e enviar este formul\u00e1rio se pretender rescindir o contrato)<\/p>\n\n<p>\u00c0 aten\u00e7\u00e3o de: ZAMELUX GREEN SL  <\/p>\n\n<p>Avinguda de la Mare de D\u00e9u de Montserrat, 4, 08970 Sant Joan Desp\u00ed, Barcelona<\/p>\n\n<p>ou via e-mail <a href=\"mailto:info@zwheel.com\">info@zwheel.com<\/a>:<\/p>\n\n<p>Texto: Venho por este meio informar que resolvo do meu contrato de compra e venda o seguinte bem (descri\u00e7\u00e3o), recebido em (data de rece\u00e7\u00e3o).<\/p>\n\n<p>Especificando:<\/p>\n\n<p>&#8211; Nome do consumidor e utilizador ou consumidores e utilizadores<\/p>\n\n<p>&#8211; Domic\u00edlio do consumidor e utilizador ou do consumidor e utilizador<\/p>\n\n<p>&#8211; Assinatura do consumidor e utilizador ou consumidores e utilizadores (apenas se este formul\u00e1rio for apresentado em papel)<\/p>\n\n<p>-Data:<\/p>\n\n<div style=\"height:100px\" aria-hidden=\"true\" class=\"wp-block-spacer\"><\/div>\n","protected":false},"excerpt":{"rendered":"<p>O regresso O cliente deve devolver o produto \u00e0 ZAMELUX GREEN SL, atrav\u00e9s do m\u00e9todo de envio que melhor lhe convier (correio ou empresa postal), para a morada Carrer de la Riera Roja 12, 08830 Sant Boi de Llobregat, Barcelona, sem demora injustificada e, em qualquer caso, no prazo m\u00e1ximo de catorze dias de calend\u00e1rio [&hellip;]<\/p>\n","protected":false},"author":1,"featured_media":0,"parent":0,"menu_order":0,"comment_status":"closed","ping_status":"closed","template":"","meta":{"zakra_page_container_layout":"customizer","zakra_page_sidebar_layout":"customizer","zakra_remove_content_margin":false,"zakra_sidebar":"customizer","zakra_transparent_header":"customizer","zakra_logo":0,"zakra_main_header_style":"default","zakra_menu_item_color":"","zakra_menu_item_hover_color":"","zakra_menu_item_active_color":"","zakra_menu_active_style":"","zakra_page_header":true,"inline_featured_image":false,"footnotes":""},"class_list":["post-12534","page","type-page","status-publish","hentry"],"_links":{"self":[{"href":"https:\/\/es.zwheel.com\/pt-pt\/wp-json\/wp\/v2\/pages\/12534","targetHints":{"allow":["GET"]}}],"collection":[{"href":"https:\/\/es.zwheel.com\/pt-pt\/wp-json\/wp\/v2\/pages"}],"about":[{"href":"https:\/\/es.zwheel.com\/pt-pt\/wp-json\/wp\/v2\/types\/page"}],"author":[{"embeddable":true,"href":"https:\/\/es.zwheel.com\/pt-pt\/wp-json\/wp\/v2\/users\/1"}],"replies":[{"embeddable":true,"href":"https:\/\/es.zwheel.com\/pt-pt\/wp-json\/wp\/v2\/comments?post=12534"}],"version-history":[{"count":0,"href":"https:\/\/es.zwheel.com\/pt-pt\/wp-json\/wp\/v2\/pages\/12534\/revisions"}],"wp:attachment":[{"href":"https:\/\/es.zwheel.com\/pt-pt\/wp-json\/wp\/v2\/media?parent=12534"}],"curies":[{"name":"wp","href":"https:\/\/api.w.org\/{rel}","templated":true}]}}