{"id":12531,"date":"2024-04-30T12:24:55","date_gmt":"2024-04-30T10:24:55","guid":{"rendered":"https:\/\/zwheel.com\/condicoes-de-envio-e-transporte\/"},"modified":"2025-07-15T13:43:12","modified_gmt":"2025-07-15T11:43:12","slug":"condicoes-de-envio-e-transporte","status":"publish","type":"page","link":"https:\/\/es.zwheel.com\/pt-pt\/condicoes-de-envio-e-transporte\/","title":{"rendered":"Condi\u00e7\u00f5es de envio e transporte"},"content":{"rendered":"\n<p><\/p>\n\n<h2 class=\"wp-block-heading\"><strong>Para onde enviamos?<\/strong><\/h2>\n\n<p>Enviamos para Espanha Pen\u00ednsula, Ilhas Baleares, Europa (Apenas pa\u00edses dentro da UE) e Portugal. Neste momento, n\u00e3o enviamos para as Ilhas Can\u00e1rias, Ceuta, Melilla e as Ilhas de Portugal. <\/p>\n\n<p><\/p>\n\n<h2 class=\"wp-block-heading\"><strong>Quanto tempo demora a minha encomenda a chegar?<\/strong><\/h2>\n\n<p>O prazo de entrega ser\u00e1 de 24\/48 dias \u00fateis para envios para a Pen\u00ednsula de Espanha. Para o resto dos territ\u00f3rios, pode levar at\u00e9 72 horas de trabalho. O prazo de entrega come\u00e7a a contar a partir da data de confirma\u00e7\u00e3o do pagamento e posterior sa\u00edda da mercadoria do armaz\u00e9m.  <\/p>\n\n<p><\/p>\n\n<h2 class=\"wp-block-heading\"><strong>Custos de transporte e m\u00e9todos de envio<\/strong><\/h2>\n\n<p>As encomendas com morada de envio dentro da Pen\u00ednsula, que excedam os 100,00\u20ac, ter\u00e3o portes de envio gratuitos. Para encomendas inferiores a este valor, ser\u00e3o aplicados portes de envio, dependendo da \u00e1rea de expedi\u00e7\u00e3o, tamanho e peso do conte\u00fado da encomenda. Estes custos ser\u00e3o refletidos como &#8220;custos de envio&#8221; na encomenda, antes de finalizar e pagar.  <\/p>\n\n<p>N\u00e3o s\u00e3o feitas entregas aos s\u00e1bados, domingos ou feriados. No caso de envio para a Europa (Apenas pa\u00edses dentro da UE) os custos de envio gr\u00e1tis ser\u00e3o a partir de 200\u20ac. <\/p>\n\n<p><\/p>\n\n<h3 class=\"wp-block-heading\"><strong>Incidentes<\/strong><\/h3>\n\n<p>\u00c9 muito importante que o formul\u00e1rio insira com precis\u00e3o os seus dados de envio. Caso contr\u00e1rio, a sua encomenda poder\u00e1 atrasar-se na entrega. <\/p>\n\n<p>No caso <strong>de um incidente detetado aquando da rece\u00e7\u00e3o da mercadoria <\/strong>(danos na caixa, material em falta&#8230;), \u00e9 muito importante que o indique claramente na nota de entrega da transportadora e que nos contacte imediatamente atrav\u00e9s do nosso servi\u00e7o p\u00f3s-venda. Caso contr\u00e1rio, entender-se-\u00e1 que a entrega foi feita corretamente. Nesse caso, a Zamelux Green n\u00e3o assumir\u00e1 qualquer responsabilidade pelos bens danificados, partidos ou em falta. Lembramos que n\u00e3o s\u00e3o aceitas reclama\u00e7\u00f5es sobre quebras, golpes ou pacotes em falta ap\u00f3s 24 horas da entrega da mercadoria. Por conseguinte, ap\u00f3s este per\u00edodo, n\u00e3o pode ser apresentado qualquer tipo de reclama\u00e7\u00e3o.    <\/p>\n\n<figure class=\"wp-block-image aligncenter size-large\"><img fetchpriority=\"high\" decoding=\"async\" width=\"1024\" height=\"241\" src=\"https:\/\/zwheel.com\/wp-content\/uploads\/2024\/04\/logos_trans-1024x241.jpg\" alt=\"\" class=\"wp-image-4783\" srcset=\"https:\/\/es.zwheel.com\/wp-content\/uploads\/2024\/04\/logos_trans-1024x241.jpg 1024w, https:\/\/es.zwheel.com\/wp-content\/uploads\/2024\/04\/logos_trans-300x71.jpg 300w, https:\/\/es.zwheel.com\/wp-content\/uploads\/2024\/04\/logos_trans-768x180.jpg 768w, https:\/\/es.zwheel.com\/wp-content\/uploads\/2024\/04\/logos_trans-600x141.jpg 600w, https:\/\/es.zwheel.com\/wp-content\/uploads\/2024\/04\/logos_trans-1080x254.jpg 1080w, https:\/\/es.zwheel.com\/wp-content\/uploads\/2024\/04\/logos_trans.jpg 1200w\" sizes=\"(max-width: 1024px) 100vw, 1024px\" \/><\/figure>\n\n<div style=\"height:100px\" aria-hidden=\"true\" class=\"wp-block-spacer\"><\/div>\n","protected":false},"excerpt":{"rendered":"<p>Para onde enviamos? Enviamos para Espanha Pen\u00ednsula, Ilhas Baleares, Europa (Apenas pa\u00edses dentro da UE) e Portugal. Neste momento, n\u00e3o enviamos para as Ilhas Can\u00e1rias, Ceuta, Melilla e as Ilhas de Portugal. Quanto tempo demora a minha encomenda a chegar? O prazo de entrega ser\u00e1 de 24\/48 dias \u00fateis para envios para a Pen\u00ednsula de [&hellip;]<\/p>\n","protected":false},"author":1,"featured_media":0,"parent":0,"menu_order":0,"comment_status":"closed","ping_status":"closed","template":"","meta":{"zakra_page_container_layout":"customizer","zakra_page_sidebar_layout":"customizer","zakra_remove_content_margin":false,"zakra_sidebar":"customizer","zakra_transparent_header":"customizer","zakra_logo":0,"zakra_main_header_style":"default","zakra_menu_item_color":"","zakra_menu_item_hover_color":"","zakra_menu_item_active_color":"","zakra_menu_active_style":"","zakra_page_header":true,"inline_featured_image":false,"footnotes":""},"class_list":["post-12531","page","type-page","status-publish","hentry"],"_links":{"self":[{"href":"https:\/\/es.zwheel.com\/pt-pt\/wp-json\/wp\/v2\/pages\/12531","targetHints":{"allow":["GET"]}}],"collection":[{"href":"https:\/\/es.zwheel.com\/pt-pt\/wp-json\/wp\/v2\/pages"}],"about":[{"href":"https:\/\/es.zwheel.com\/pt-pt\/wp-json\/wp\/v2\/types\/page"}],"author":[{"embeddable":true,"href":"https:\/\/es.zwheel.com\/pt-pt\/wp-json\/wp\/v2\/users\/1"}],"replies":[{"embeddable":true,"href":"https:\/\/es.zwheel.com\/pt-pt\/wp-json\/wp\/v2\/comments?post=12531"}],"version-history":[{"count":0,"href":"https:\/\/es.zwheel.com\/pt-pt\/wp-json\/wp\/v2\/pages\/12531\/revisions"}],"wp:attachment":[{"href":"https:\/\/es.zwheel.com\/pt-pt\/wp-json\/wp\/v2\/media?parent=12531"}],"curies":[{"name":"wp","href":"https:\/\/api.w.org\/{rel}","templated":true}]}}