{"id":12520,"date":"2024-05-02T09:43:22","date_gmt":"2024-05-02T07:43:22","guid":{"rendered":"https:\/\/zwheel.com\/extensao-da-garantia-5-anos\/"},"modified":"2025-12-16T16:08:44","modified_gmt":"2025-12-16T15:08:44","slug":"extensao-da-garantia-5-anos","status":"publish","type":"page","link":"https:\/\/es.zwheel.com\/pt-pt\/extensao-da-garantia-5-anos\/","title":{"rendered":"Extens\u00e3o da garantia 5 anos"},"content":{"rendered":"\n<p><br>A extens\u00e3o de &#8220;garantia de 5 anos&#8221; ZWHEEL constitui uma extens\u00e3o de garantia comercial de 24 meses, \u00e9 oferecida pela ZAMELUX GREEN SL sob os mesmos termos e condi\u00e7\u00f5es gerais de garantia, e come\u00e7a a correr a partir do primeiro dia ap\u00f3s a data de t\u00e9rmino da garantia geral. <strong>A encomenda deve ser feita no prazo de 30 dias ap\u00f3s a compra da scooter.<\/strong><\/p>\n\n\n\n<p>A garantia da bateria \u00e9 limitada a 1 ano ou 3.000 km, o que ocorrer primeiro, a partir da data de compra, e em nenhum caso desfrutar\u00e1 da extens\u00e3o de &#8220;garantia de 5 anos&#8221;. Para usufruir desta extens\u00e3o de garantia, o utilizador ter\u00e1 de registar o pedido de extens\u00e3o de garantia, atrav\u00e9s do site es.zwheel.com, fornecendo os seus dados pessoais, dados do ve\u00edculo e fatura de compra.<\/p>\n\n\n\n<p>O usu\u00e1rio deve manter o ve\u00edculo em perfeitas condi\u00e7\u00f5es de uso, realizando as verifica\u00e7\u00f5es de produto recomendadas, em um dos SATOs (Servi\u00e7o Oficial de Assist\u00eancia T\u00e9cnica) ou diretamente na ZAMELUX GREEN SL, o n\u00e3o cumprimento deste ponto pode significar o cancelamento da extens\u00e3o da &#8220;garantia de 5 anos&#8221;. Esta extens\u00e3o de &#8220;garantia de 5 anos&#8221; destina-se aos utilizadores finais, cujo objetivo principal de utiliza\u00e7\u00e3o do ve\u00edculo \u00e9 pessoal e n\u00e3o profissional.<\/p>\n\n\n\n<p>As empresas de aluguer e aluguer de qualquer tipo de ve\u00edculo, bem como outras empresas que utilizem o ve\u00edculo para fins profissionais, est\u00e3o exclu\u00eddas de poder usufruir desta extens\u00e3o. ZAMELUX GREEN SL reserva-se o direito de negar esta extens\u00e3o de &#8220;5 anos de garantia&#8221; por estes e outros motivos<br><\/p>\n\n\n\n<div class=\"wp-block-buttons is-content-justification-center is-layout-flex wp-container-core-buttons-is-layout-a89b3969 wp-block-buttons-is-layout-flex\">\n<div class=\"wp-block-button\"><a class=\"wp-block-button__link has-white-color has-black-background-color has-text-color has-background has-link-color wp-element-button\" href=\"https:\/\/zwheel.com\/pt-pt\/registe-a-sua-scooter\/\" style=\"border-radius:50px\">REGISTE A SUA SCOOTER<\/a><\/div>\n<\/div>\n\n\n\n<p class=\"has-text-align-center\"><br>E aproveite a extens\u00e3o da sua garantia para 5 anos<\/p>\n\n\n\n<div style=\"height:100px\" aria-hidden=\"true\" class=\"wp-block-spacer\"><\/div>\n","protected":false},"excerpt":{"rendered":"<p>A extens\u00e3o de &#8220;garantia de 5 anos&#8221; ZWHEEL constitui uma extens\u00e3o de garantia comercial de 24 meses, \u00e9 oferecida pela ZAMELUX GREEN SL sob os mesmos termos e condi\u00e7\u00f5es gerais de garantia, e come\u00e7a a correr a partir do primeiro dia ap\u00f3s a data de t\u00e9rmino da garantia geral. A encomenda deve ser feita no [&hellip;]<\/p>\n","protected":false},"author":1,"featured_media":0,"parent":0,"menu_order":0,"comment_status":"closed","ping_status":"closed","template":"","meta":{"zakra_page_container_layout":"customizer","zakra_page_sidebar_layout":"customizer","zakra_remove_content_margin":false,"zakra_sidebar":"customizer","zakra_transparent_header":"customizer","zakra_logo":0,"zakra_main_header_style":"default","zakra_menu_item_color":"","zakra_menu_item_hover_color":"","zakra_menu_item_active_color":"","zakra_menu_active_style":"","zakra_page_header":true,"inline_featured_image":false,"footnotes":""},"class_list":["post-12520","page","type-page","status-publish","hentry"],"_links":{"self":[{"href":"https:\/\/es.zwheel.com\/pt-pt\/wp-json\/wp\/v2\/pages\/12520","targetHints":{"allow":["GET"]}}],"collection":[{"href":"https:\/\/es.zwheel.com\/pt-pt\/wp-json\/wp\/v2\/pages"}],"about":[{"href":"https:\/\/es.zwheel.com\/pt-pt\/wp-json\/wp\/v2\/types\/page"}],"author":[{"embeddable":true,"href":"https:\/\/es.zwheel.com\/pt-pt\/wp-json\/wp\/v2\/users\/1"}],"replies":[{"embeddable":true,"href":"https:\/\/es.zwheel.com\/pt-pt\/wp-json\/wp\/v2\/comments?post=12520"}],"version-history":[{"count":1,"href":"https:\/\/es.zwheel.com\/pt-pt\/wp-json\/wp\/v2\/pages\/12520\/revisions"}],"predecessor-version":[{"id":16568,"href":"https:\/\/es.zwheel.com\/pt-pt\/wp-json\/wp\/v2\/pages\/12520\/revisions\/16568"}],"wp:attachment":[{"href":"https:\/\/es.zwheel.com\/pt-pt\/wp-json\/wp\/v2\/media?parent=12520"}],"curies":[{"name":"wp","href":"https:\/\/api.w.org\/{rel}","templated":true}]}}