{"id":12516,"date":"2024-04-30T12:34:41","date_gmt":"2024-04-30T10:34:41","guid":{"rendered":"https:\/\/zwheel.com\/metodos-de-pagamento\/"},"modified":"2025-07-15T13:26:22","modified_gmt":"2025-07-15T11:26:22","slug":"metodos-de-pagamento","status":"publish","type":"page","link":"https:\/\/es.zwheel.com\/pt-pt\/metodos-de-pagamento\/","title":{"rendered":"M\u00e9todos de Pagamento"},"content":{"rendered":"\n<p>O cliente poder\u00e1 pagar o valor da sua encomenda por cart\u00e3o de cr\u00e9dito (VISA ou MASTERCARD) OU PayPal.<\/p>\n\n<p><\/p>\n\n<h2 class=\"wp-block-heading\"><strong>Durante o processo de compra dever\u00e1 indicar a sua escolha<\/strong>:<\/h2>\n\n<p>\u2013 <strong>Cart\u00e3o de cr\u00e9dito VISA ou MASTERCARD<\/strong><\/p>\n\n<p>Todas as opera\u00e7\u00f5es que envolvem a transmiss\u00e3o de dados pessoais ou banc\u00e1rios s\u00e3o realizadas utilizando um ambiente seguro, um servidor baseado na tecnologia de seguran\u00e7a padr\u00e3o SSL (Secure Sockets Layer). Toda a informa\u00e7\u00e3o que nos transmite viaja encriptada atrav\u00e9s da rede. <\/p>\n\n<p>Da mesma forma, os dados do seu cart\u00e3o de cr\u00e9dito s\u00e3o inseridos diretamente no site do banco, no POS (Terminal de Ponto de Venda Banc\u00e1rio) e n\u00e3o s\u00e3o inseridos ou registrados em qualquer servidor ZAMELUX GREEN SL.<\/p>\n\n<p>Ao pagar com VISA ou MASTERCARD, ser-lhe-\u00e3o sempre solicitadas as seguintes informa\u00e7\u00f5es: o n\u00famero do cart\u00e3o, a data de validade e um C\u00f3digo de Valida\u00e7\u00e3o que corresponda aos tr\u00eas \u00faltimos d\u00edgitos do n\u00famero impresso em it\u00e1lico no verso do seu cart\u00e3o VISA ou MASTERCARD, oferecendo assim mais garantias sobre a seguran\u00e7a da transa\u00e7\u00e3o.<\/p>\n\n<p>Esta forma de pagamento \u00e9 v\u00e1lida apenas no site.<\/p>\n\n<p>Quando o valor de uma compra tiver sido cobrado de forma fraudulenta ou indevida usando um n\u00famero de cart\u00e3o de pagamento, o titular pode exigir o cancelamento imediato da cobran\u00e7a. Neste caso, os correspondentes lan\u00e7amentos de d\u00e9bito e reembolso nas contas do fornecedor e do titular ser\u00e3o efetuados o mais rapidamente poss\u00edvel. <\/p>\n\n<p>No entanto, se a compra tiver sido efetivamente efetuada pelo titular do cart\u00e3o e o pedido de reembolso n\u00e3o resultar de ter exercido o direito de rescis\u00e3o ou rescis\u00e3o e, por conseguinte, tiver exigido indevidamente o cancelamento da cobran\u00e7a correspondente, o titular do cart\u00e3o ser\u00e1 obrigado a compensar a ZAMELUX GREEN SL pelos danos causados em resultado do referido cancelamento.<\/p>\n\n<p><\/p>\n\n<p><\/p>\n\n<h3 class=\"wp-block-heading\"><strong>Aten\u00e7\u00e3o<\/strong><\/h3>\n\n<p>A disponibilidade dos produtos oferecidos pela ZAMELUX GREEN SL pode variar dependendo da demanda do cliente. Embora a ZAMELUX GREEN SL atualize o estoque periodicamente, o produto solicitado pelo cliente pode estar fora de estoque naquele momento. Em caso de n\u00e3o execu\u00e7\u00e3o por indisponibilidade, a ZAMELUX GREEN SL, assim que tomar conhecimento desta situa\u00e7\u00e3o, notificar\u00e1 o cliente, atrav\u00e9s de um e-mail. O per\u00edodo desta comunica\u00e7\u00e3o n\u00e3o exceder\u00e1 o prazo m\u00e1ximo de 30 dias em qualquer caso. A ZAMELUX GREEN SL pode dar a dupla op\u00e7\u00e3o de: fornecer ao cliente sem aumento de pre\u00e7o, um produto de caracter\u00edsticas semelhantes ou de qualidade superior, ou, salvo raz\u00f5es justificadas e demonstr\u00e1veis pela ZAMELUX GREEN SL dentro do mesmo prazo, pagar as quantias pagas pela encomenda cancelada.    <\/p>\n\n<div style=\"height:100px\" aria-hidden=\"true\" class=\"wp-block-spacer\"><\/div>\n","protected":false},"excerpt":{"rendered":"<p>O cliente poder\u00e1 pagar o valor da sua encomenda por cart\u00e3o de cr\u00e9dito (VISA ou MASTERCARD) OU PayPal. Durante o processo de compra dever\u00e1 indicar a sua escolha: \u2013 Cart\u00e3o de cr\u00e9dito VISA ou MASTERCARD Todas as opera\u00e7\u00f5es que envolvem a transmiss\u00e3o de dados pessoais ou banc\u00e1rios s\u00e3o realizadas utilizando um ambiente seguro, um servidor [&hellip;]<\/p>\n","protected":false},"author":1,"featured_media":0,"parent":0,"menu_order":0,"comment_status":"closed","ping_status":"closed","template":"","meta":{"zakra_page_container_layout":"customizer","zakra_page_sidebar_layout":"customizer","zakra_remove_content_margin":false,"zakra_sidebar":"customizer","zakra_transparent_header":"customizer","zakra_logo":0,"zakra_main_header_style":"default","zakra_menu_item_color":"","zakra_menu_item_hover_color":"","zakra_menu_item_active_color":"","zakra_menu_active_style":"","zakra_page_header":true,"inline_featured_image":false,"footnotes":""},"class_list":["post-12516","page","type-page","status-publish","hentry"],"_links":{"self":[{"href":"https:\/\/es.zwheel.com\/pt-pt\/wp-json\/wp\/v2\/pages\/12516","targetHints":{"allow":["GET"]}}],"collection":[{"href":"https:\/\/es.zwheel.com\/pt-pt\/wp-json\/wp\/v2\/pages"}],"about":[{"href":"https:\/\/es.zwheel.com\/pt-pt\/wp-json\/wp\/v2\/types\/page"}],"author":[{"embeddable":true,"href":"https:\/\/es.zwheel.com\/pt-pt\/wp-json\/wp\/v2\/users\/1"}],"replies":[{"embeddable":true,"href":"https:\/\/es.zwheel.com\/pt-pt\/wp-json\/wp\/v2\/comments?post=12516"}],"version-history":[{"count":0,"href":"https:\/\/es.zwheel.com\/pt-pt\/wp-json\/wp\/v2\/pages\/12516\/revisions"}],"wp:attachment":[{"href":"https:\/\/es.zwheel.com\/pt-pt\/wp-json\/wp\/v2\/media?parent=12516"}],"curies":[{"name":"wp","href":"https:\/\/api.w.org\/{rel}","templated":true}]}}