{"id":12414,"date":"2024-05-07T08:23:56","date_gmt":"2024-05-07T06:23:56","guid":{"rendered":"https:\/\/zwheel.com\/precisas-de-uma-reparacao\/"},"modified":"2025-11-26T19:41:52","modified_gmt":"2025-11-26T18:41:52","slug":"precisas-de-uma-reparacao","status":"publish","type":"page","link":"https:\/\/es.zwheel.com\/pt-pt\/precisas-de-uma-reparacao\/","title":{"rendered":"Precisas de uma repara\u00e7\u00e3o?"},"content":{"rendered":"\t\t<div data-elementor-type=\"wp-page\" data-elementor-id=\"12414\" class=\"elementor elementor-12414 elementor-5507\" data-elementor-post-type=\"page\">\n\t\t\t\t\t\t<section class=\"elementor-section elementor-top-section elementor-element elementor-element-4f46e33 elementor-section-height-min-height elementor-section-boxed elementor-section-height-default elementor-section-items-middle\" data-id=\"4f46e33\" data-element_type=\"section\" data-e-type=\"section\" data-settings=\"{&quot;background_background&quot;:&quot;classic&quot;}\">\n\t\t\t\t\t\t<div class=\"elementor-container elementor-column-gap-default\">\n\t\t\t\t\t<div class=\"elementor-column elementor-col-100 elementor-top-column elementor-element elementor-element-5895708\" data-id=\"5895708\" data-element_type=\"column\" data-e-type=\"column\">\n\t\t\t<div class=\"elementor-widget-wrap\">\n\t\t\t\t\t\t\t<\/div>\n\t\t<\/div>\n\t\t\t\t\t<\/div>\n\t\t<\/section>\n\t\t\t\t<section class=\"elementor-section elementor-top-section elementor-element elementor-element-6831008 elementor-section-boxed elementor-section-height-default elementor-section-height-default\" data-id=\"6831008\" data-element_type=\"section\" data-e-type=\"section\">\n\t\t\t\t\t\t<div class=\"elementor-container elementor-column-gap-default\">\n\t\t\t\t\t<div class=\"elementor-column elementor-col-100 elementor-top-column elementor-element elementor-element-919a731\" data-id=\"919a731\" data-element_type=\"column\" data-e-type=\"column\">\n\t\t\t<div class=\"elementor-widget-wrap elementor-element-populated\">\n\t\t\t\t\t\t<div class=\"elementor-element elementor-element-e69ec23 elementor-widget elementor-widget-heading\" data-id=\"e69ec23\" data-element_type=\"widget\" data-e-type=\"widget\" id=\"fonte\" data-widget_type=\"heading.default\">\n\t\t\t\t<div class=\"elementor-widget-container\">\n\t\t\t\t\t<h1 class=\"elementor-heading-title elementor-size-default\">Servi\u00e7o de Repara\u00e7\u00e3o<br>para Zwheel Electric Scooters<\/h1>\t\t\t\t<\/div>\n\t\t\t\t<\/div>\n\t\t\t\t<div class=\"elementor-element elementor-element-c52da36 elementor-widget elementor-widget-heading\" data-id=\"c52da36\" data-element_type=\"widget\" data-e-type=\"widget\" data-widget_type=\"heading.default\">\n\t\t\t\t<div class=\"elementor-widget-container\">\n\t\t\t\t\t<h2 class=\"elementor-heading-title elementor-size-default\">Precisas de reparar a tua trotinete el\u00e9ctrica? Deixa isso para os nossos profissionais\n. <\/h2>\t\t\t\t<\/div>\n\t\t\t\t<\/div>\n\t\t\t\t<div class=\"elementor-element elementor-element-f09a39f elementor-widget elementor-widget-heading\" data-id=\"f09a39f\" data-element_type=\"widget\" data-e-type=\"widget\" data-widget_type=\"heading.default\">\n\t\t\t\t<div class=\"elementor-widget-container\">\n\t\t\t\t\t<div class=\"elementor-heading-title elementor-size-default\">A Zwheel tem <b>pontos de assist\u00eancia e repara\u00e7\u00e3o<\/b> em todo o pa\u00eds. Eles avaliar\u00e3o a avaria e reparar\u00e3o a tua scooter com o m\u00e1ximo cuidado, para que possas t\u00ea-la de volta em boa forma em apenas alguns dias. \n<br>Podes visitar qualquer um dos nossos Pontos de Servi\u00e7o Oficiais Zwheel para um servi\u00e7o mais r\u00e1pido e personalizado, ou solicitar uma recolha em tua casa.<\/div>\t\t\t\t<\/div>\n\t\t\t\t<\/div>\n\t\t\t\t<div class=\"elementor-element elementor-element-c2e6366 elementor-align-center bigsvg elementor-widget elementor-widget-button\" data-id=\"c2e6366\" data-element_type=\"widget\" data-e-type=\"widget\" data-widget_type=\"button.default\">\n\t\t\t\t<div class=\"elementor-widget-container\">\n\t\t\t\t\t\t\t\t\t<div class=\"elementor-button-wrapper\">\n\t\t\t\t\t<a class=\"elementor-button elementor-button-link elementor-size-sm elementor-animation-shrink\" href=\"https:\/\/zwheel.com\/puntos-oficiales-de-asistencia-tecnica-zwheel\/\">\n\t\t\t\t\t\t<span class=\"elementor-button-content-wrapper\">\n\t\t\t\t\t\t<span class=\"elementor-button-icon\">\n\t\t\t\t<svg xmlns:inkscape=\"http:\/\/www.inkscape.org\/namespaces\/inkscape\" xmlns:sodipodi=\"http:\/\/sodipodi.sourceforge.net\/DTD\/sodipodi-0.dtd\" xmlns=\"http:\/\/www.w3.org\/2000\/svg\" xmlns:svg=\"http:\/\/www.w3.org\/2000\/svg\" id=\"svg2\" width=\"52.680401\" height=\"28.205067\" viewBox=\"0 0 52.680401 28.205067\" sodipodi:docname=\"flederB.ai\"><defs id=\"defs6\"><clipPath id=\"clipPath16\"><path d=\"M 0,21.154 H 39.51 V 0 H 0 Z\" id=\"path14\"><\/path><\/clipPath><\/defs><g id=\"g8\" inkscape:groupmode=\"layer\" inkscape:label=\"flederB\" transform=\"matrix(1.3333333,0,0,-1.3333333,0,28.205067)\"><g id=\"g10\"><g id=\"g12\" clip-path=\"url(#clipPath16)\"><g id=\"g18\" transform=\"translate(28.6841,0.9893)\"><path d=\"M 0,0 9.433,9.433 0,18.863\" style=\"fill:none;stroke:#ffffff;stroke-width:1;stroke-linecap:round;stroke-linejoin:miter;stroke-miterlimit:10;stroke-dasharray:none;stroke-opacity:1\" id=\"path20\"><\/path><\/g><g id=\"g22\" transform=\"translate(1.3062,10.4219)\"><path d=\"M 0,0 H 36.811\" style=\"fill:none;stroke:#ffffff;stroke-width:1;stroke-linecap:round;stroke-linejoin:miter;stroke-miterlimit:10;stroke-dasharray:none;stroke-opacity:1\" id=\"path24\"><\/path><\/g><\/g><\/g><\/g><\/svg>\t\t\t<\/span>\n\t\t\t\t\t\t\t\t\t<span class=\"elementor-button-text\">Pontos de assist\u00eancia oficiais da ZWheel<\/span>\n\t\t\t\t\t<\/span>\n\t\t\t\t\t<\/a>\n\t\t\t\t<\/div>\n\t\t\t\t\t\t\t\t<\/div>\n\t\t\t\t<\/div>\n\t\t\t\t<div class=\"elementor-element elementor-element-a7821b4 elementor-widget elementor-widget-heading\" data-id=\"a7821b4\" data-element_type=\"widget\" data-e-type=\"widget\" data-widget_type=\"heading.default\">\n\t\t\t\t<div class=\"elementor-widget-container\">\n\t\t\t\t\t<div class=\"elementor-heading-title elementor-size-default\"><b>Nenhum perto de ti?<\/b>  N\u00e3o te preocupes, iremos busc\u00e1-lo a tua casa ou onde nos disseres e devolv\u00ea-lo-emos em poucos dias como novo.<\/div>\t\t\t\t<\/div>\n\t\t\t\t<\/div>\n\t\t\t\t\t<\/div>\n\t\t<\/div>\n\t\t\t\t\t<\/div>\n\t\t<\/section>\n\t\t\t\t<section class=\"elementor-section elementor-top-section elementor-element elementor-element-9c935c3 elementor-section-boxed elementor-section-height-default elementor-section-height-default\" data-id=\"9c935c3\" data-element_type=\"section\" data-e-type=\"section\">\n\t\t\t\t\t\t<div class=\"elementor-container elementor-column-gap-default\">\n\t\t\t\t\t<div class=\"elementor-column elementor-col-100 elementor-top-column elementor-element elementor-element-ddf0620\" data-id=\"ddf0620\" data-element_type=\"column\" data-e-type=\"column\">\n\t\t\t<div class=\"elementor-widget-wrap elementor-element-populated\">\n\t\t\t\t\t\t<div class=\"elementor-element elementor-element-a03c68d elementor-align-center bigsvg elementor-widget elementor-widget-button\" data-id=\"a03c68d\" data-element_type=\"widget\" data-e-type=\"widget\" data-widget_type=\"button.default\">\n\t\t\t\t<div class=\"elementor-widget-container\">\n\t\t\t\t\t\t\t\t\t<div class=\"elementor-button-wrapper\">\n\t\t\t\t\t<a class=\"elementor-button elementor-button-link elementor-size-sm elementor-animation-shrink\" href=\"https:\/\/reparacion.zamelux.com\">\n\t\t\t\t\t\t<span class=\"elementor-button-content-wrapper\">\n\t\t\t\t\t\t<span class=\"elementor-button-icon\">\n\t\t\t\t<svg xmlns:inkscape=\"http:\/\/www.inkscape.org\/namespaces\/inkscape\" xmlns:sodipodi=\"http:\/\/sodipodi.sourceforge.net\/DTD\/sodipodi-0.dtd\" xmlns=\"http:\/\/www.w3.org\/2000\/svg\" xmlns:svg=\"http:\/\/www.w3.org\/2000\/svg\" id=\"svg2\" width=\"52.680401\" height=\"28.205067\" viewBox=\"0 0 52.680401 28.205067\" sodipodi:docname=\"flederB.ai\"><defs id=\"defs6\"><clipPath id=\"clipPath16\"><path d=\"M 0,21.154 H 39.51 V 0 H 0 Z\" id=\"path14\"><\/path><\/clipPath><\/defs><g id=\"g8\" inkscape:groupmode=\"layer\" inkscape:label=\"flederB\" transform=\"matrix(1.3333333,0,0,-1.3333333,0,28.205067)\"><g id=\"g10\"><g id=\"g12\" clip-path=\"url(#clipPath16)\"><g id=\"g18\" transform=\"translate(28.6841,0.9893)\"><path d=\"M 0,0 9.433,9.433 0,18.863\" style=\"fill:none;stroke:#ffffff;stroke-width:1;stroke-linecap:round;stroke-linejoin:miter;stroke-miterlimit:10;stroke-dasharray:none;stroke-opacity:1\" id=\"path20\"><\/path><\/g><g id=\"g22\" transform=\"translate(1.3062,10.4219)\"><path d=\"M 0,0 H 36.811\" style=\"fill:none;stroke:#ffffff;stroke-width:1;stroke-linecap:round;stroke-linejoin:miter;stroke-miterlimit:10;stroke-dasharray:none;stroke-opacity:1\" id=\"path24\"><\/path><\/g><\/g><\/g><\/g><\/svg>\t\t\t<\/span>\n\t\t\t\t\t\t\t\t\t<span class=\"elementor-button-text\">Pedir repara\u00e7\u00e3o<\/span>\n\t\t\t\t\t<\/span>\n\t\t\t\t\t<\/a>\n\t\t\t\t<\/div>\n\t\t\t\t\t\t\t\t<\/div>\n\t\t\t\t<\/div>\n\t\t\t\t<div class=\"elementor-element elementor-element-b7fb16b elementor-widget elementor-widget-heading\" data-id=\"b7fb16b\" data-element_type=\"widget\" data-e-type=\"widget\" data-widget_type=\"heading.default\">\n\t\t\t\t<div class=\"elementor-widget-container\">\n\t\t\t\t\t<h2 class=\"elementor-heading-title elementor-size-default\">Antes de prosseguir, verifica:<\/h2>\t\t\t\t<\/div>\n\t\t\t\t<\/div>\n\t\t\t\t<div class=\"elementor-element elementor-element-83ebcb3 elementor-widget elementor-widget-text-editor\" data-id=\"83ebcb3\" data-element_type=\"widget\" data-e-type=\"widget\" data-widget_type=\"text-editor.default\">\n\t\t\t\t<div class=\"elementor-widget-container\">\n\t\t\t\t\t\t\t\t\t<ul><li><a href=\"https:\/\/zwheel.com\/condiciones-de-garantia\/\">Pol\u00edtica de garantia da Zwheel<\/a><\/li><li><a href=\"https:\/\/zwheel.com\/wp-content\/uploads\/2024\/05\/Explicacion-Precios-de-Garantia-2023.pdf\">Lista de pre\u00e7os actualizada para repara\u00e7\u00e3o e transporte<\/a><\/li><\/ul>\t\t\t\t\t\t\t\t<\/div>\n\t\t\t\t<\/div>\n\t\t\t\t\t<\/div>\n\t\t<\/div>\n\t\t\t\t\t<\/div>\n\t\t<\/section>\n\t\t\t\t<\/div>\n\t\t","protected":false},"excerpt":{"rendered":"<p>Servi\u00e7o de Repara\u00e7\u00e3opara Zwheel Electric Scooters Precisas de reparar a tua trotinete el\u00e9ctrica? Deixa isso para os nossos profissionais . A Zwheel tem pontos de assist\u00eancia e repara\u00e7\u00e3o em todo o pa\u00eds. Eles avaliar\u00e3o a avaria e reparar\u00e3o a tua scooter com o m\u00e1ximo cuidado, para que possas t\u00ea-la de volta em boa forma em [&hellip;]<\/p>\n","protected":false},"author":1,"featured_media":0,"parent":0,"menu_order":0,"comment_status":"closed","ping_status":"closed","template":"page-templates\/pagebuilder.php","meta":{"zakra_page_container_layout":"customizer","zakra_page_sidebar_layout":"customizer","zakra_remove_content_margin":false,"zakra_sidebar":"customizer","zakra_transparent_header":"1","zakra_logo":16144,"zakra_main_header_style":"default","zakra_menu_item_color":"","zakra_menu_item_hover_color":"","zakra_menu_item_active_color":"","zakra_menu_active_style":"","zakra_page_header":true,"inline_featured_image":false,"footnotes":""},"class_list":["post-12414","page","type-page","status-publish","hentry"],"_links":{"self":[{"href":"https:\/\/es.zwheel.com\/pt-pt\/wp-json\/wp\/v2\/pages\/12414","targetHints":{"allow":["GET"]}}],"collection":[{"href":"https:\/\/es.zwheel.com\/pt-pt\/wp-json\/wp\/v2\/pages"}],"about":[{"href":"https:\/\/es.zwheel.com\/pt-pt\/wp-json\/wp\/v2\/types\/page"}],"author":[{"embeddable":true,"href":"https:\/\/es.zwheel.com\/pt-pt\/wp-json\/wp\/v2\/users\/1"}],"replies":[{"embeddable":true,"href":"https:\/\/es.zwheel.com\/pt-pt\/wp-json\/wp\/v2\/comments?post=12414"}],"version-history":[{"count":2,"href":"https:\/\/es.zwheel.com\/pt-pt\/wp-json\/wp\/v2\/pages\/12414\/revisions"}],"predecessor-version":[{"id":16142,"href":"https:\/\/es.zwheel.com\/pt-pt\/wp-json\/wp\/v2\/pages\/12414\/revisions\/16142"}],"wp:attachment":[{"href":"https:\/\/es.zwheel.com\/pt-pt\/wp-json\/wp\/v2\/media?parent=12414"}],"curies":[{"name":"wp","href":"https:\/\/api.w.org\/{rel}","templated":true}]}}